{"id":6465,"date":"2025-12-19T16:14:44","date_gmt":"2025-12-19T08:14:44","guid":{"rendered":"https:\/\/www.chinanhd.com\/?post_type=product&#038;p=6465"},"modified":"2026-02-14T15:23:27","modified_gmt":"2026-02-14T07:23:27","slug":"filter-cake-disintegrator-crusher","status":"publish","type":"product","link":"https:\/\/www.chinanhd.com\/fr\/product\/filter-cake-disintegrator-crusher\/","title":{"rendered":"D\u00e9sint\u00e9grateur de g\u00e2teau de filtre &#038; concasseur"},"content":{"rendered":"<p data-start=\"186\" data-end=\"455\">Les g\u00e2teaux \u00e0 filtre d\u00e9charg\u00e9s par les presses \u00e0 filtre forment souvent de grands agglom\u00e9rats collants, en particulier dans les mat\u00e9riaux \u00e9nerg\u00e9tiques nouveaux et les proc\u00e9d\u00e9s hydrom\u00e9tallurgiques. Lorsqu'ils sont introduits directement dans les s\u00e9cheurs, ces g\u00e2teaux provoquent une mauvaise alimentation, une faible efficacit\u00e9 de s\u00e9chage et des blocages fr\u00e9quents.<\/p>\n<p data-start=\"457\" data-end=\"553\">D\u00e9sint\u00e9grateur de g\u00e2teau de filtre NHD &amp; Le concasseur est sp\u00e9cialement con\u00e7u pour r\u00e9soudre ce goulot d'\u00e9tranglement.<\/p>\n<p>&nbsp;<\/p>\n<p><strong>Avantages concurrentiels :<\/strong><\/p>\n<ul>\n<li data-start=\"578\" data-end=\"640\">\n<p data-start=\"580\" data-end=\"640\">D\u00e9coupe efficacement les g\u00e2teaux de filtre agglom\u00e9r\u00e9s et collants<\/p>\n<\/li>\n<li data-start=\"641\" data-end=\"700\">\n<p data-start=\"643\" data-end=\"700\">Fournit une taille de particules uniforme pour l'alimentation directe du s\u00e9cheur<\/p>\n<\/li>\n<li data-start=\"701\" data-end=\"762\">\n<p data-start=\"703\" data-end=\"762\">Am\u00e9liore l'efficacit\u00e9 du s\u00e9chage et r\u00e9duit la consommation d'\u00e9nergie<\/p>\n<\/li>\n<li data-start=\"763\" data-end=\"824\">\n<p data-start=\"765\" data-end=\"824\">Minimize la manutention manuelle et am\u00e9liore l'automatisation des processus<\/p>\n<\/li>\n<\/ul>\n<p>&nbsp;<\/p>\n<p><strong>Applications:<\/strong><\/p>\n<ul>\n<li data-start=\"1200\" data-end=\"1267\">\n<p data-start=\"1202\" data-end=\"1267\">Mat\u00e9riaux \u00e9nerg\u00e9tiques nouvelles (mat\u00e9riaux cathodiques et anodiques, interm\u00e9diaires)<\/p>\n<\/li>\n<li data-start=\"1268\" data-end=\"1305\">\n<p data-start=\"1270\" data-end=\"1305\">Hydrom\u00e9tallurgie des m\u00e9taux non ferreux<\/p>\n<\/li>\n<li data-start=\"1306\" data-end=\"1356\">\n<p data-start=\"1308\" data-end=\"1356\">Lignes de s\u00e9chage \u00e0 presse \u00e0 filtre continue<\/p>\n<\/li>\n<\/ul>","protected":false},"excerpt":{"rendered":"<p data-start=\"186\" data-end=\"455\">D\u00e9sint\u00e9grateur de g\u00e2teau de filtre NHD &amp; Le concasseur est con\u00e7u pour un traitement efficace de la presse post-filtre. Des performances de concassage stables et contr\u00f4lables sont obtenues m\u00eame avec des mat\u00e9riaux \u00e0 haute humidit\u00e9 ou \u00e0 particules fines.<\/p>","protected":false},"featured_media":6468,"comment_status":"open","ping_status":"closed","template":"","meta":[],"product_brand":[],"product_cat":[32],"product_tag":[],"class_list":{"0":"post-6465","1":"product","2":"type-product","3":"status-publish","4":"has-post-thumbnail","6":"product_cat-non-standard-equipment-series","8":"first","9":"instock","10":"shipping-taxable","11":"product-type-simple"},"_links":{"self":[{"href":"https:\/\/www.chinanhd.com\/fr\/wp-json\/wp\/v2\/product\/6465","targetHints":{"allow":["GET"]}}],"collection":[{"href":"https:\/\/www.chinanhd.com\/fr\/wp-json\/wp\/v2\/product"}],"about":[{"href":"https:\/\/www.chinanhd.com\/fr\/wp-json\/wp\/v2\/types\/product"}],"replies":[{"embeddable":true,"href":"https:\/\/www.chinanhd.com\/fr\/wp-json\/wp\/v2\/comments?post=6465"}],"wp:featuredmedia":[{"embeddable":true,"href":"https:\/\/www.chinanhd.com\/fr\/wp-json\/wp\/v2\/media\/6468"}],"wp:attachment":[{"href":"https:\/\/www.chinanhd.com\/fr\/wp-json\/wp\/v2\/media?parent=6465"}],"wp:term":[{"taxonomy":"product_brand","embeddable":true,"href":"https:\/\/www.chinanhd.com\/fr\/wp-json\/wp\/v2\/product_brand?post=6465"},{"taxonomy":"product_cat","embeddable":true,"href":"https:\/\/www.chinanhd.com\/fr\/wp-json\/wp\/v2\/product_cat?post=6465"},{"taxonomy":"product_tag","embeddable":true,"href":"https:\/\/www.chinanhd.com\/fr\/wp-json\/wp\/v2\/product_tag?post=6465"}],"curies":[{"name":"WP","href":"https:\/\/api.w.org\/{rel}","templated":true}]}}