{"id":1647,"date":"2025-03-07T10:29:56","date_gmt":"2025-03-07T02:29:56","guid":{"rendered":"https:\/\/www.chinanhd.com\/?post_type=product&#038;p=1647"},"modified":"2025-12-18T16:44:16","modified_gmt":"2025-12-18T08:44:16","slug":"desembaciador-de-rede-metalica","status":"publish","type":"product","link":"https:\/\/www.chinanhd.com\/pt\/product\/desembaciador-de-rede-metalica\/","title":{"rendered":"Malha de arame demister"},"content":{"rendered":"<p>A NHD \u00e9 especializada no fabrico de desembaciadores de arame e \u00e9 um produtor designado e aprovado pelo Minist\u00e9rio da Qu\u00edmica, pela Empresa Geral de Metais N\u00e3o Ferrosos e pela ind\u00fastria petroqu\u00edmica na China. A empresa participou no desenvolvimento de tr\u00eas gera\u00e7\u00f5es de desembaciadores de arame, e o padr\u00e3o da ind\u00fastria qu\u00edmica na China para desembaciadores do tipo gaveta \u00e9 derivado do padr\u00e3o empresarial da NHD.<\/p>\n<p>&nbsp;<\/p>\n<p><span style=\"font-size: 14pt;\"><strong>Aplica\u00e7\u00f5es:<\/strong><\/span><\/p>\n<p>Demisters s\u00e3o usados \u200b\u200bpara separar got\u00edculas l\u00edquidas arrastadas no g\u00e1s na torre durante o processo de produ\u00e7\u00e3o.<\/p>\n<p><strong>\u00a0<\/strong><\/p>\n<p><span style=\"font-size: 14pt;\"><strong>Vantagem competitiva:<\/strong><\/span><\/p>\n<p><strong>1\u00aa Gera\u00e7\u00e3o: Tipo padr\u00e3o<\/strong><\/p>\n<p>Recurso: pequeno volume, peso leve, baixa perda de press\u00e3o.<\/p>\n<p>&nbsp;<\/p>\n<p><strong>2\u00aa Gera\u00e7\u00e3o: Tipo gaveta (Patente n.\u00ba ZL93.2.46402.5)<\/strong><\/p>\n<p>Carater\u00edsticas:<\/p>\n<ol>\n<li>Levantar sem entrar na torre;<\/li>\n<li>F\u00e1cil de limpar, longa dura\u00e7\u00e3o, desempenho est\u00e1vel;<\/li>\n<li>Tempo de repara\u00e7\u00e3o curto, baixo custo, estrutura simples;<\/li>\n<li>A placa cega pode ser instalada para satisfazer o funcionamento com carga reduzida, boa adaptabilidade.<\/li>\n<\/ol>\n<p>&nbsp;<\/p>\n<p><strong>Tipo V de 3\u00aa gera\u00e7\u00e3o (Patente n.\u00ba ZL97.2.36744.6)<\/strong><\/p>\n<p>Carater\u00edsticas:<\/p>\n<ol>\n<li>evitando a reentrada e aumentando a efici\u00eancia;<\/li>\n<li>aumento da \u00e1rea de filtragem em 15%;<\/li>\n<li>Alto desempenho como 2 camadas Demister padr\u00e3o.<\/li>\n<\/ol>","protected":false},"excerpt":{"rendered":"<p>A New Hongda \u00e9 especializada no fabrico de desembaciador de arame e \u00e9 tamb\u00e9m um fabricante designado pelo Minist\u00e9rio da Qu\u00edmica, Empresa Geral de N\u00e3o Ferrosos e Ind\u00fastria Petroqu\u00edmica. A New Hongda juntou-se e desenvolveu 3 gera\u00e7\u00f5es de desembaciador de arame e a norma qu\u00edmica do desembaciador de tipo gaveta \u00e9 adaptada da nossa norma empresarial.<\/p>","protected":false},"featured_media":1648,"comment_status":"open","ping_status":"closed","template":"","meta":[],"product_brand":[],"product_cat":[31],"product_tag":[],"class_list":{"0":"post-1647","1":"product","2":"type-product","3":"status-publish","4":"has-post-thumbnail","6":"product_cat-desulfurization-equipment-series","8":"first","9":"instock","10":"shipping-taxable","11":"product-type-simple"},"_links":{"self":[{"href":"https:\/\/www.chinanhd.com\/pt\/wp-json\/wp\/v2\/product\/1647","targetHints":{"allow":["GET"]}}],"collection":[{"href":"https:\/\/www.chinanhd.com\/pt\/wp-json\/wp\/v2\/product"}],"about":[{"href":"https:\/\/www.chinanhd.com\/pt\/wp-json\/wp\/v2\/types\/product"}],"replies":[{"embeddable":true,"href":"https:\/\/www.chinanhd.com\/pt\/wp-json\/wp\/v2\/comments?post=1647"}],"wp:featuredmedia":[{"embeddable":true,"href":"https:\/\/www.chinanhd.com\/pt\/wp-json\/wp\/v2\/media\/1648"}],"wp:attachment":[{"href":"https:\/\/www.chinanhd.com\/pt\/wp-json\/wp\/v2\/media?parent=1647"}],"wp:term":[{"taxonomy":"product_brand","embeddable":true,"href":"https:\/\/www.chinanhd.com\/pt\/wp-json\/wp\/v2\/product_brand?post=1647"},{"taxonomy":"product_cat","embeddable":true,"href":"https:\/\/www.chinanhd.com\/pt\/wp-json\/wp\/v2\/product_cat?post=1647"},{"taxonomy":"product_tag","embeddable":true,"href":"https:\/\/www.chinanhd.com\/pt\/wp-json\/wp\/v2\/product_tag?post=1647"}],"curies":[{"name":"wp","href":"https:\/\/api.w.org\/{rel}","templated":true}]}}