{"id":2685,"date":"2025-04-11T15:52:14","date_gmt":"2025-04-11T07:52:14","guid":{"rendered":"https:\/\/www.chinanhd.com\/?post_type=product&#038;p=2685"},"modified":"2025-12-18T16:44:17","modified_gmt":"2025-12-18T08:44:17","slug":"filtro-de-folhas-automatico","status":"publish","type":"product","link":"https:\/\/www.chinanhd.com\/pt\/product\/filtro-de-folhas-automatico\/","title":{"rendered":"Filtro de folha autom\u00e1tica"},"content":{"rendered":"<p>O filtro de folha NHD consiste principalmente em recipiente, cabe\u00e7a, elemento filtrante, coletor de recolha de l\u00edquido, tanque de alto n\u00edvel, pote de al\u00edvio de press\u00e3o e dispositivo hidr\u00e1ulico de abertura r\u00e1pida, etc. O elemento filtrante \u00e9 feito de grelhas de pl\u00e1stico envolvidas por uma placa perfurada de a\u00e7o inoxid\u00e1vel, que \u00e9 instalada com um tubo de recolha de l\u00edquido.<\/p>\n<p>Durante a filtra\u00e7\u00e3o, a pasta \u00e9 bombeada para o vaso, suspender o s\u00f3lido em pasta grossa \u00e9 separada na superf\u00edcie do pano e forma bolo;<\/p>\n<p>&nbsp;<\/p>\n<p><span style=\"font-size: 14pt;\"><strong>Aplica\u00e7\u00f5es:<\/strong><\/span><\/p>\n<p>O filtro de folhas pode ser amplamente aplicado em ind\u00fastrias de produtos qu\u00edmicos, petr\u00f3leo, tinta, alimentos e farmac\u00eauticos etc.<\/p>\n<p>&nbsp;<\/p>\n<p><span style=\"font-size: 14pt;\"><strong>Vantagem competitiva:<\/strong><\/span><\/p>\n<ul>\n<li>Corrida autom\u00e1tica, baixa for\u00e7a do trabalho, opera\u00e7\u00e3o f\u00e1cil;<\/li>\n<li>Correndo em todo o gabinete, vida longa de pano, sem vazamento e polui\u00e7\u00e3o ambiental:<\/li>\n<li>Auto-limpeza de alta efici\u00eancia, descarga de bolo de backwash, recupera\u00e7\u00e3o de pano sem consumo de \u00e1gua e redu\u00e7\u00e3o da carga de evapora\u00e7\u00e3o de maneira eficaz;<\/li>\n<li>PLC com tela de toque, controle confi\u00e1vel;<\/li>\n<li>Prote\u00e7\u00e3o exclusiva sobre sobrecarga de press\u00e3o tripla no filtro para garantir absolutamente seguro;<\/li>\n<li>Dispositivo aberto r\u00e1pido hidr\u00e1ulico: f\u00e1cil de abrir a cabe\u00e7a;<\/li>\n<li>Lodo de alta concentra\u00e7\u00e3o: o bolo de filtro sedimenta na parte inferior da embarca\u00e7\u00e3o depois de tirar o pano e ser\u00e1 descarregado no pr\u00f3ximo ciclo com tempo de liquida\u00e7\u00e3o longo:<\/li>\n<li>As v\u00e1lvulas de isolamento s\u00e3o equipadas para isolamento de elemento \u00fanico imediatamente quando ocorrer anormal; v\u00e1lvula pneum\u00e1tica especial confi\u00e1vel com boa din\u00e2mica e longa vida:<\/li>\n<li>Usar elementos de filtro de pol\u00edmeros aumenta a precis\u00e3o de filtra\u00e7\u00e3o<\/li>\n<\/ul>","protected":false},"excerpt":{"rendered":"<p>NHD leaf filter mainly consists of vessel, head, filter element, liquid collecting manifold, high level tank, pressure relief pot and hydraulic fast open device etc. The filter element is made of plastic grids wrapped by stainless steel perforated plate, which is installed with collecting liquid tube. During filtration, slurry is pumped into vessel, suspending \u00a0solid [&hellip;]<\/p>\n","protected":false},"featured_media":2687,"comment_status":"open","ping_status":"closed","template":"","meta":[],"product_brand":[],"product_cat":[15],"product_tag":[],"class_list":{"0":"post-2685","1":"product","2":"type-product","3":"status-publish","4":"has-post-thumbnail","6":"product_cat-filter-series","8":"first","9":"instock","10":"shipping-taxable","11":"product-type-simple"},"_links":{"self":[{"href":"https:\/\/www.chinanhd.com\/pt\/wp-json\/wp\/v2\/product\/2685","targetHints":{"allow":["GET"]}}],"collection":[{"href":"https:\/\/www.chinanhd.com\/pt\/wp-json\/wp\/v2\/product"}],"about":[{"href":"https:\/\/www.chinanhd.com\/pt\/wp-json\/wp\/v2\/types\/product"}],"replies":[{"embeddable":true,"href":"https:\/\/www.chinanhd.com\/pt\/wp-json\/wp\/v2\/comments?post=2685"}],"wp:featuredmedia":[{"embeddable":true,"href":"https:\/\/www.chinanhd.com\/pt\/wp-json\/wp\/v2\/media\/2687"}],"wp:attachment":[{"href":"https:\/\/www.chinanhd.com\/pt\/wp-json\/wp\/v2\/media?parent=2685"}],"wp:term":[{"taxonomy":"product_brand","embeddable":true,"href":"https:\/\/www.chinanhd.com\/pt\/wp-json\/wp\/v2\/product_brand?post=2685"},{"taxonomy":"product_cat","embeddable":true,"href":"https:\/\/www.chinanhd.com\/pt\/wp-json\/wp\/v2\/product_cat?post=2685"},{"taxonomy":"product_tag","embeddable":true,"href":"https:\/\/www.chinanhd.com\/pt\/wp-json\/wp\/v2\/product_tag?post=2685"}],"curies":[{"name":"wp","href":"https:\/\/api.w.org\/{rel}","templated":true}]}}