{"id":2692,"date":"2025-04-11T16:03:15","date_gmt":"2025-04-11T08:03:15","guid":{"rendered":"https:\/\/www.chinanhd.com\/?post_type=product&#038;p=2692"},"modified":"2025-12-18T16:44:17","modified_gmt":"2025-12-18T08:44:17","slug":"filtro-de-vacuo-de-correia-de-borracha-horizontal","status":"publish","type":"product","link":"https:\/\/www.chinanhd.com\/pt\/product\/filtro-de-vacuo-de-correia-de-borracha-horizontal\/","title":{"rendered":"Filtro de p\u00f3 de cinto de borracha horizontal"},"content":{"rendered":"<p>O filtro de v\u00e1cuo de correia de borracha horizontal \u00e9 um equipamento de filtragem com pano de filtro toroidal em movimento circular como meio de filtragem, usando press\u00e3o negativa e for\u00e7a gravitacional fornecida pelo equipamento de v\u00e1cuo para separar o s\u00f3lido do l\u00edquido de forma r\u00e1pida e cont\u00ednua.<\/p>\n<p>&nbsp;<\/p>\n<p><span style=\"font-size: 14pt;\"><strong>Carater\u00edsticas da estrutura:<\/strong><\/span><\/p>\n<ul>\n<li>Caixa de v\u00e1cuo de preserva\u00e7\u00e3o de calor, reduzindo bastante o fen\u00f4meno da escala de filtrados causada pela redu\u00e7\u00e3o da temperatura ambiental.<\/li>\n<li>Caixa de filtragem de suc\u00e7\u00e3o de v\u00e1cuo de guia de fluxo, aumentando a taxa de fluxo de filtrado e evitando a escala.<\/li>\n<li>O projeto da caixa de filtra\u00e7\u00e3o de suc\u00e7\u00e3o com v\u00e1rios vacuos reduz o processo de filtrado na correia de borracha para dificultar a escala do filtrado sem \u00e2ngulo morto.<\/li>\n<li>Dispositivo de suporte de cinto de borracha de novo tipo de estrutura anular cancela o rolo de suporte e torna o bolo n\u00e3o f\u00e1cil de quebrar sem quebrar o v\u00e1cuo.<\/li>\n<\/ul>\n<p>&nbsp;<\/p>\n<p><span style=\"font-size: 14pt;\"><strong>Aplica\u00e7\u00f5es:<\/strong><\/span><\/p>\n<p>O filtro de v\u00e1cuo horizontal com correia de borracha tem sido amplamente utilizado nas ind\u00fastrias de \u00e1cido fosf\u00f3rico, metalurgia, minera\u00e7\u00e3o, qu\u00edmica, prote\u00e7\u00e3o do ambiente e dessulfura\u00e7\u00e3o em centrais el\u00e9ctricas, etc.<\/p>\n<p><strong>\u00a0<\/strong><\/p>\n<p><span style=\"font-size: 14pt;\"><strong>Vantagens competitivas:<\/strong><\/span><\/p>\n<p>1. Dispositivo de tens\u00e3o de curso grande, alta velocidade de resposta da tens\u00e3o do tecido, baixo desvio.<\/p>\n<p>2. Sem incrusta\u00e7\u00f5es no interior do guia de fluxo e da caixa de v\u00e1cuo de preserva\u00e7\u00e3o do calor, baixa resist\u00eancia ao funcionamento, elevada efici\u00eancia de produ\u00e7\u00e3o, f\u00e1cil manuten\u00e7\u00e3o e repara\u00e7\u00e3o.<\/p>\n<p>3. Pulverizadores de v\u00e1rias fases, reduzindo significativamente a for\u00e7a de opera\u00e7\u00e3o e manuten\u00e7\u00e3o.<\/p>\n<p>4. O bom desempenho de recupera\u00e7\u00e3o do aspersor de lavagem especializado para pano de filtro pode recuperar a permea\u00e7\u00e3o de ar do pano de filtro ao m\u00e1ximo.<\/p>\n<p>5. Design optimizado das ranhuras e orif\u00edcios do filtrado na correia, excelente drenagem do filtrado e desempenho de filtra\u00e7\u00e3o.<\/p>\n<p>6. Suporte longitudinal da correia de borracha, funcionamento est\u00e1vel, sem fissuras, grande press\u00e3o diferencial de filtra\u00e7\u00e3o.<\/p>\n<p>7. Alta adaptabilidade para o equipamento pode realizar o controlo da espessura do bolo, \u00e1gua de lavagem, grau de v\u00e1cuo e ciclo de funcionamento, etc.<\/p>\n<p>8. Bom efeito de lavagem: melhor efeito de lavagem atrav\u00e9s do tipo de lavagem por contracorrente em v\u00e1rias fases.<\/p>\n<p>9. A estrutura modular para trabalhos pesados \u00e9 f\u00e1cil de remover, transportar e montar. Um campo de vis\u00e3o aberto permite conhecer o estado de funcionamento do equipamento \u00e0 primeira.<\/p>\n<p>10. F\u00e1cil opera\u00e7\u00e3o, poucos componentes m\u00f3veis, baixo custo de manuten\u00e7\u00e3o.<\/p>","protected":false},"excerpt":{"rendered":"<p>The horizontal rubber belt vacuum filter is a filtration equipment with circular-moving toroidal filter cloth as filtration medium, using negative pressure &amp; gravitational force provided by vacuum equipment to separate solid from liquid quickly and continuously. &nbsp; Structure Features: Heat preservation vacuum box, greatly reducing the phenomenon of filtrate scaling caused by reduction of environmental [&hellip;]<\/p>\n","protected":false},"featured_media":2693,"comment_status":"open","ping_status":"closed","template":"","meta":[],"product_brand":[],"product_cat":[15],"product_tag":[],"class_list":{"0":"post-2692","1":"product","2":"type-product","3":"status-publish","4":"has-post-thumbnail","6":"product_cat-filter-series","8":"first","9":"instock","10":"shipping-taxable","11":"product-type-simple"},"_links":{"self":[{"href":"https:\/\/www.chinanhd.com\/pt\/wp-json\/wp\/v2\/product\/2692","targetHints":{"allow":["GET"]}}],"collection":[{"href":"https:\/\/www.chinanhd.com\/pt\/wp-json\/wp\/v2\/product"}],"about":[{"href":"https:\/\/www.chinanhd.com\/pt\/wp-json\/wp\/v2\/types\/product"}],"replies":[{"embeddable":true,"href":"https:\/\/www.chinanhd.com\/pt\/wp-json\/wp\/v2\/comments?post=2692"}],"wp:featuredmedia":[{"embeddable":true,"href":"https:\/\/www.chinanhd.com\/pt\/wp-json\/wp\/v2\/media\/2693"}],"wp:attachment":[{"href":"https:\/\/www.chinanhd.com\/pt\/wp-json\/wp\/v2\/media?parent=2692"}],"wp:term":[{"taxonomy":"product_brand","embeddable":true,"href":"https:\/\/www.chinanhd.com\/pt\/wp-json\/wp\/v2\/product_brand?post=2692"},{"taxonomy":"product_cat","embeddable":true,"href":"https:\/\/www.chinanhd.com\/pt\/wp-json\/wp\/v2\/product_cat?post=2692"},{"taxonomy":"product_tag","embeddable":true,"href":"https:\/\/www.chinanhd.com\/pt\/wp-json\/wp\/v2\/product_tag?post=2692"}],"curies":[{"name":"wp","href":"https:\/\/api.w.org\/{rel}","templated":true}]}}