{"id":2850,"date":"2025-04-29T15:34:48","date_gmt":"2025-04-29T07:34:48","guid":{"rendered":"https:\/\/www.chinanhd.com\/?post_type=product&#038;p=2850"},"modified":"2025-12-18T16:44:17","modified_gmt":"2025-12-18T08:44:17","slug":"lavadora-com-escova-rotativa-becoflex","status":"publish","type":"product","link":"https:\/\/www.chinanhd.com\/pt\/product\/lavadora-com-escova-rotativa-becoflex\/","title":{"rendered":"BECOFLEX Escova rotativa"},"content":{"rendered":"<p>O princ\u00edpio de funcionamento da Escova Rotativa BECOFLEX \u00e9 uma escova de fibra h\u00famida que roda a alta velocidade numa caixa de ventilador voluta especial, criando assim um contacto de g\u00e1s extremamente din\u00e2mico. As part\u00edculas presentes no fluxo de gases de escape sujos s\u00e3o atra\u00eddas para a unidade pela suc\u00e7\u00e3o gerada pela escova rotativa e chocam a alta velocidade com as fibras da escova em rota\u00e7\u00e3o, ficando completamente molhadas. O efeito seguinte \u00e9 a lavagem centr\u00edfuga das part\u00edculas, que se chocam contra a superf\u00edcie interior h\u00famida da voluta. A lama resultante \u00e9 ent\u00e3o impelida ao longo do fundo da conduta de sa\u00edda para o recipiente de desacoplamento, onde cai por gravidade para o fundo para remo\u00e7\u00e3o ou recircula\u00e7\u00e3o. Entretanto, o g\u00e1s limpo (h\u00famido) flui para cima a partir da conduta para o recipiente de desengate e em dire\u00e7\u00e3o \u00e0 sa\u00edda de g\u00e1s superior.<\/p>\n<p>Normalmente, \u00e9 montado um desembaciador \"Becofil\" para remover quaisquer got\u00edculas de l\u00edquido arrastadas.<\/p>\n<p>&nbsp;<\/p>\n<p><strong>Aplica\u00e7\u00f5es:<\/strong><\/p>\n<p>Remo\u00e7\u00e3o de s\u00f3lidos (grosseiros ou finos), redu\u00e7\u00e3o de part\u00edculas l\u00edquidas (aeross\u00f3is ou got\u00edculas) ou depura\u00e7\u00e3o de gases nocivos, presentes no fluxo de g\u00e1s industrial.<\/p>\n<p>&nbsp;<\/p>\n<p><strong>Vantagem competitiva:<\/strong><\/p>\n<ul>\n<li>O lavador de escovas rotativas BECOFLEX \u00e9 um lavador de gases h\u00famidos autolimpante, em que o g\u00e1s ou o ar incide sobre escovas rotativas com apenas uma pequena quantidade de l\u00edquido pulverizado. Esta rota\u00e7\u00e3o din\u00e2mica assegura um excelente contacto entre o g\u00e1s e o l\u00edquido, e a estrutura do equipamento \u00e9 muito compacta.<\/li>\n<li>Em compara\u00e7\u00e3o com as torres de enchimento tradicionais ou os separadores de ciclones h\u00famidos, requer menos l\u00edquido de limpeza para a remo\u00e7\u00e3o de part\u00edculas s\u00f3lidas.<\/li>\n<li>Pode utilizar \u00e1gua ou solu\u00e7\u00f5es qu\u00edmicas para a lavagem do g\u00e1s, a fim de controlar as emiss\u00f5es de odores.<\/li>\n<li>A segunda fase subsequente pode ser equipada com uma embalagem ou outros dispositivos de desembaciamento ou de absor\u00e7\u00e3o de g\u00e1s (as escovas da primeira fase j\u00e1 eliminaram o risco de bloqueios s\u00f3lidos).<\/li>\n<li>Tem a sua pr\u00f3pria fun\u00e7\u00e3o de ventilador porque a suc\u00e7\u00e3o gerada pelas escovas \u00e9 muito maior do que a sua pr\u00f3pria perda de press\u00e3o. Isto significa que os clientes n\u00e3o precisam de comprar ventiladores adicionais, e pode ser facilmente integrado nas linhas de processo existentes do cliente, tornando a modifica\u00e7\u00e3o da purifica\u00e7\u00e3o de g\u00e1s muito conveniente.<\/li>\n<li>Pode ser instalado antes dos desembaciadores como um pr\u00e9-filtro para remover part\u00edculas s\u00f3lidas e proteger os desembaciadores.<\/li>\n<\/ul>","protected":false},"excerpt":{"rendered":"<p>O purificador de escovas rotativas BECOFLEX \u00e9 um sistema de purifica\u00e7\u00e3o universal e integrado para remover s\u00f3lidos (grossos ou finos), para reduzir part\u00edculas l\u00edquidas (aeross\u00f3is ou got\u00edculas) ou para purificar gases nocivos, presentes no fluxo de g\u00e1s industrial.<\/p>","protected":false},"featured_media":2851,"comment_status":"open","ping_status":"closed","template":"","meta":[],"product_brand":[],"product_cat":[31],"product_tag":[],"class_list":{"0":"post-2850","1":"product","2":"type-product","3":"status-publish","4":"has-post-thumbnail","6":"product_cat-desulfurization-equipment-series","8":"first","9":"instock","10":"shipping-taxable","11":"product-type-simple"},"_links":{"self":[{"href":"https:\/\/www.chinanhd.com\/pt\/wp-json\/wp\/v2\/product\/2850","targetHints":{"allow":["GET"]}}],"collection":[{"href":"https:\/\/www.chinanhd.com\/pt\/wp-json\/wp\/v2\/product"}],"about":[{"href":"https:\/\/www.chinanhd.com\/pt\/wp-json\/wp\/v2\/types\/product"}],"replies":[{"embeddable":true,"href":"https:\/\/www.chinanhd.com\/pt\/wp-json\/wp\/v2\/comments?post=2850"}],"wp:featuredmedia":[{"embeddable":true,"href":"https:\/\/www.chinanhd.com\/pt\/wp-json\/wp\/v2\/media\/2851"}],"wp:attachment":[{"href":"https:\/\/www.chinanhd.com\/pt\/wp-json\/wp\/v2\/media?parent=2850"}],"wp:term":[{"taxonomy":"product_brand","embeddable":true,"href":"https:\/\/www.chinanhd.com\/pt\/wp-json\/wp\/v2\/product_brand?post=2850"},{"taxonomy":"product_cat","embeddable":true,"href":"https:\/\/www.chinanhd.com\/pt\/wp-json\/wp\/v2\/product_cat?post=2850"},{"taxonomy":"product_tag","embeddable":true,"href":"https:\/\/www.chinanhd.com\/pt\/wp-json\/wp\/v2\/product_tag?post=2850"}],"curies":[{"name":"wp","href":"https:\/\/api.w.org\/{rel}","templated":true}]}}