{"id":2864,"date":"2025-04-29T15:56:18","date_gmt":"2025-04-29T07:56:18","guid":{"rendered":"https:\/\/www.chinanhd.com\/?post_type=product&#038;p=2864"},"modified":"2025-12-18T16:44:17","modified_gmt":"2025-12-18T08:44:17","slug":"carbon-fibre-candle-filter","status":"publish","type":"product","link":"https:\/\/www.chinanhd.com\/pt\/product\/carbon-fibre-candle-filter\/","title":{"rendered":"Filtro de Candelas de Fibra de Carb\u00f3n"},"content":{"rendered":"<p>Para a f\u00e1brica de \u00e1cido sulf\u00farico na fundi\u00e7\u00e3o, os filtros de vela de fibra de vidro s\u00e3o maioritariamente utilizados em torres de absor\u00e7\u00e3o. No entanto, o grau do min\u00e9rio e os produtos qu\u00edmicos s\u00e3o normalmente diferentes em cada fundi\u00e7\u00e3o. Nalgumas fundi\u00e7\u00f5es, os gases de escape cont\u00eam muito fl\u00faor devido ao min\u00e9rio. A presen\u00e7a de HF provoca a corros\u00e3o da fibra de vidro e reduz a vida \u00fatil do filtro de velas. Este problema tem sido uma grande dor de cabe\u00e7a para algumas fundi\u00e7\u00f5es.<\/p>\n<p>O filtro de velas de fibra de carbono proporciona uma vida mais longa e alta efici\u00eancia para o controle das emiss\u00f5es de g\u00e1s para a f\u00e1brica de \u00e1cido fora de g\u00e1s com HF presente. \u00c9 o especialista em resolu\u00e7\u00e3o da HF. z<\/p>\n<p>&nbsp;<\/p>\n<p><strong>Aplica\u00e7\u00f5es:<\/strong><\/p>\n<p>Dessulfuriza\u00e7\u00e3o de gases de combust\u00e3o e controlo de emiss\u00f5es em ind\u00fastrias de cobre, zinco, chumbo, fundi\u00e7\u00e3o de pirite e outras ind\u00fastrias metal\u00fargicas\/qu\u00edmicas n\u00e3o ferrosas.<\/p>\n<p>&nbsp;<\/p>\n<p><strong>Vantagem competitiva:<\/strong><\/p>\n<ul>\n<li>Resist\u00eancia superior \u00e0 corros\u00e3o por \u00e1cido fluor\u00eddrico, superior \u00e0 da fibra de vidro<\/li>\n<li>Durabilidade a longo prazo em fundi\u00e7\u00e3o com alto teor de fl\u00faor\/gases qu\u00edmicos<\/li>\n<li>Adaptado para instala\u00e7\u00f5es de fundi\u00e7\u00e3o de cobre\/zinco\/chumbo e de \u00e1cido sulf\u00farico<\/li>\n<\/ul>","protected":false},"excerpt":{"rendered":"<p>O mais recente filtro de fibra de carbono desenvolvido fornece a melhor solu\u00e7\u00e3o para a planta de fundi\u00e7\u00e3o, como cobre, zinco, chumbo, pirita e outras fundi\u00e7\u00f5es n\u00e3o ferrosas e ind\u00fastrias qu\u00edmicas com HF presente. A New Hongda apresenta a fibra de carbono e promove a sua aplica\u00e7\u00e3o na China.<\/p>","protected":false},"featured_media":2865,"comment_status":"open","ping_status":"closed","template":"","meta":[],"product_brand":[],"product_cat":[31],"product_tag":[],"class_list":{"0":"post-2864","1":"product","2":"type-product","3":"status-publish","4":"has-post-thumbnail","6":"product_cat-desulfurization-equipment-series","8":"first","9":"instock","10":"shipping-taxable","11":"product-type-simple"},"_links":{"self":[{"href":"https:\/\/www.chinanhd.com\/pt\/wp-json\/wp\/v2\/product\/2864","targetHints":{"allow":["GET"]}}],"collection":[{"href":"https:\/\/www.chinanhd.com\/pt\/wp-json\/wp\/v2\/product"}],"about":[{"href":"https:\/\/www.chinanhd.com\/pt\/wp-json\/wp\/v2\/types\/product"}],"replies":[{"embeddable":true,"href":"https:\/\/www.chinanhd.com\/pt\/wp-json\/wp\/v2\/comments?post=2864"}],"wp:featuredmedia":[{"embeddable":true,"href":"https:\/\/www.chinanhd.com\/pt\/wp-json\/wp\/v2\/media\/2865"}],"wp:attachment":[{"href":"https:\/\/www.chinanhd.com\/pt\/wp-json\/wp\/v2\/media?parent=2864"}],"wp:term":[{"taxonomy":"product_brand","embeddable":true,"href":"https:\/\/www.chinanhd.com\/pt\/wp-json\/wp\/v2\/product_brand?post=2864"},{"taxonomy":"product_cat","embeddable":true,"href":"https:\/\/www.chinanhd.com\/pt\/wp-json\/wp\/v2\/product_cat?post=2864"},{"taxonomy":"product_tag","embeddable":true,"href":"https:\/\/www.chinanhd.com\/pt\/wp-json\/wp\/v2\/product_tag?post=2864"}],"curies":[{"name":"wp","href":"https:\/\/api.w.org\/{rel}","templated":true}]}}