{"id":2867,"date":"2025-04-29T16:09:50","date_gmt":"2025-04-29T08:09:50","guid":{"rendered":"https:\/\/www.chinanhd.com\/?post_type=product&#038;p=2867"},"modified":"2025-12-18T16:44:18","modified_gmt":"2025-12-18T08:44:18","slug":"2867","status":"publish","type":"product","link":"https:\/\/www.chinanhd.com\/pt\/product\/2867\/","title":{"rendered":"HD-1 A\u00e7o inoxid\u00e1vel com alto teor de sil\u00edcio"},"content":{"rendered":"<p><strong>Aplica\u00e7\u00f5es:<\/strong><\/p>\n<p>Al\u00e9m de fabricar distribuidores de \u00e1cido, a\u00e7o inoxid\u00e1vel HD-1 de alto sil\u00edcio \u00e9 amplamente utilizado nas se\u00e7\u00f5es de secagem e absor\u00e7\u00e3o de plantas de \u00e1cido sulf\u00farico para produzir: torres de secagem, torres de absor\u00e7\u00e3o, filtros, placas de suporte de embalagem, tanques de circula\u00e7\u00e3o, tubos suados, cotovelos e redutores, flanges e mangas, dispositivos de corrente anti-eddy, etc. As unidades mais antigas no campo est\u00e3o em funcionamento h\u00e1 mais de uma d\u00e9cada, com usu\u00e1rios relatando desempenho normal e nenhum problema de corros\u00e3o not\u00e1vel.<\/p>\n<p><strong>\u00a0<\/strong><\/p>\n<p><strong>Vantagem competitiva:<\/strong><\/p>\n<p>1. Desenvolvimento de Material Avan\u00e7ado<\/p>\n<ul>\n<li>Combina alta tecnologia estrangeira com d\u00e9cadas de experi\u00eancia interna.<\/li>\n<li>Produzido atrav\u00e9s de fundi\u00e7\u00e3o de arco, refina\u00e7\u00e3o de VOD, rolamento e desenho de tubos.<\/li>\n<\/ul>\n<p><strong>\u00a0<\/strong><\/p>\n<p>2. Performance Superior<\/p>\n<ul>\n<li>Propriedades mec\u00e2nicas melhoradas ap\u00f3s tratamento de solu\u00e7\u00e3o.<\/li>\n<li>Excelente soldabilidade e adaptabilidade de forma\u00e7\u00e3o fria\/quente.<\/li>\n<\/ul>\n<p>&nbsp;<\/p>\n<p>3. Solu\u00e7\u00e3o espec\u00edfica para a ind\u00fastria<\/p>\n<ul>\n<li>Resolve uma curta dura\u00e7\u00e3o de vida de equipamento de \u00e1cido sulf\u00farico (alta temperatura\/concentra\u00e7\u00e3o).<\/li>\n<li>Flanges compostas eficazes em custo (HD-1 \u00b0 316L\/304).<\/li>\n<\/ul>\n<p>&nbsp;<\/p>\n<p>4. Especifica\u00e7\u00e3o de soldamento<\/p>\n<ul style=\"list-style-type: disc;\">\n<li>Sueldagem manual TIG com fios de preenchimento personalizados.<\/li>\n<\/ul>","protected":false},"excerpt":{"rendered":"<p>O a\u00e7o inoxid\u00e1vel com elevado teor de sil\u00edcio HD-1 \u00e9 um novo material resistente \u00e0 corros\u00e3o desenvolvido em conjunto pela New Hongda e pelo Instituto de Investiga\u00e7\u00e3o de Metais da Academia Chinesa de Ci\u00eancias. Demonstra um excelente desempenho a longo prazo em aplica\u00e7\u00f5es de \u00e1cido sulf\u00farico concentrado a alta temperatura.<\/p>","protected":false},"featured_media":2868,"comment_status":"open","ping_status":"closed","template":"","meta":[],"product_brand":[],"product_cat":[34],"product_tag":[],"class_list":{"0":"post-2867","1":"product","2":"type-product","3":"status-publish","4":"has-post-thumbnail","6":"product_cat-material-series","8":"first","9":"instock","10":"shipping-taxable","11":"product-type-simple"},"_links":{"self":[{"href":"https:\/\/www.chinanhd.com\/pt\/wp-json\/wp\/v2\/product\/2867","targetHints":{"allow":["GET"]}}],"collection":[{"href":"https:\/\/www.chinanhd.com\/pt\/wp-json\/wp\/v2\/product"}],"about":[{"href":"https:\/\/www.chinanhd.com\/pt\/wp-json\/wp\/v2\/types\/product"}],"replies":[{"embeddable":true,"href":"https:\/\/www.chinanhd.com\/pt\/wp-json\/wp\/v2\/comments?post=2867"}],"wp:featuredmedia":[{"embeddable":true,"href":"https:\/\/www.chinanhd.com\/pt\/wp-json\/wp\/v2\/media\/2868"}],"wp:attachment":[{"href":"https:\/\/www.chinanhd.com\/pt\/wp-json\/wp\/v2\/media?parent=2867"}],"wp:term":[{"taxonomy":"product_brand","embeddable":true,"href":"https:\/\/www.chinanhd.com\/pt\/wp-json\/wp\/v2\/product_brand?post=2867"},{"taxonomy":"product_cat","embeddable":true,"href":"https:\/\/www.chinanhd.com\/pt\/wp-json\/wp\/v2\/product_cat?post=2867"},{"taxonomy":"product_tag","embeddable":true,"href":"https:\/\/www.chinanhd.com\/pt\/wp-json\/wp\/v2\/product_tag?post=2867"}],"curies":[{"name":"wp","href":"https:\/\/api.w.org\/{rel}","templated":true}]}}