{"id":2873,"date":"2025-04-29T16:31:43","date_gmt":"2025-04-29T08:31:43","guid":{"rendered":"https:\/\/www.chinanhd.com\/?post_type=product&#038;p=2873"},"modified":"2025-12-18T16:44:18","modified_gmt":"2025-12-18T08:44:18","slug":"distribuidor-de-acido-para-calhas-tubulares","status":"publish","type":"product","link":"https:\/\/www.chinanhd.com\/pt\/product\/distribuidor-de-acido-para-calhas-tubulares\/","title":{"rendered":"Distribuidor de \u00e1cido tubular"},"content":{"rendered":"<p>As carater\u00edsticas do distribuidor de \u00e1cido tubular s\u00e3o as seguintes<\/p>\n<ol>\n<li>A distribui\u00e7\u00e3o de \u00e1cido n\u00e3o \u00e9 inferior a 42 pontos\/m\u00b2. Tem uma elevada densidade de distribui\u00e7\u00e3o e pode distribuir uniformemente, o que aumenta a taxa de humidade e a transfer\u00eancia de massa; (Os pontos podem ser concebidos de acordo com os requisitos).<\/li>\n<li>Os tubos de queda de transbordo distribuem uniformemente; o fluxo de g\u00e1s \u00e9 dif\u00edcil de formar passagens curtas, reduzindo a n\u00e9voa arrastada;<\/li>\n<li>Fazida de liga HD-1, alta resist\u00eancia \u00e0 corros\u00e3o sem prote\u00e7\u00e3o an\u00f3dica, a vida de servi\u00e7o pode ser acima de 15 anos;<\/li>\n<li>Uma vez que \u00e9 feito de liga met\u00e1lica, ser\u00e1 f\u00e1cil de soldar e montar;<\/li>\n<li>O distribuidor foi concebido por peritos do instituto com uma boa estrutura, o que \u00e9 conveniente para a renova\u00e7\u00e3o de instala\u00e7\u00f5es antigas;<\/li>\n<li>O distribuidor \u00e9 dif\u00edcil de bloquear e o estado de funcionamento pode ser visualizado.<\/li>\n<\/ol>\n<p>&nbsp;<\/p>\n<p><strong>Aplica\u00e7\u00f5es:<\/strong><\/p>\n<p>O distribuidor de \u00e1cido em forma de tubo \u00e9 amplamente utilizado em torres de secagem e torres de absor\u00e7\u00e3o da ind\u00fastria de \u00e1cido sulf\u00farico. O desempenho da distribui\u00e7\u00e3o de \u00e1cido tem um impacto direto na efici\u00eancia da produ\u00e7\u00e3o e nos custos operacionais do fabrico de \u00e1cido sulf\u00farico.<\/p>\n<p>&nbsp;<\/p>\n<p><strong>Vantagem competitiva:<\/strong><\/p>\n<p>O mais recente distribuidor de \u00e1cido do tipo transbordante HD-3 lan\u00e7ado pela NHD absorve as vantagens dos distribuidores de calha e dos distribuidores tubulares. \u00c9 aprovado como um distribuidor ideal pelo Instituto Qu\u00edmico de Nanjing:<\/p>\n<ol>\n<li>Estrutura de transbordo racional, o \u00e1cido flui de forma uniforme e suave sem salpicos, baixa perda de press\u00e3o;<\/li>\n<li>Furos de distribui\u00e7\u00e3o igualmente espa\u00e7ados com 24 pontos\/m\u00b2;<\/li>\n<li>Estrutura de montagem do tubo principal e dos ramais, facilmente amov\u00edvel;<\/li>\n<li>\u00c1rea de sec\u00e7\u00e3o livre at\u00e9 68%;<\/li>\n<li>O material patenteado HD-3 \u00e9 um tipo de liga de terras raras com Ni, Cr, Mo, Cu e metal de terras raras, desenvolvido pelo Professor Huanan Liu do Instituto de A\u00e7o Especial do NHD. Tem boas carater\u00edsticas anti-corros\u00e3o e elevada resist\u00eancia mec\u00e2nica. Em \u00e1cido sulf\u00farico forte, forma-se uma pel\u00edcula compacta preta lisa na superf\u00edcie para proteger o equipamento.<\/li>\n<\/ol>","protected":false},"excerpt":{"rendered":"<p>O distribuidor de \u00e1cido tubular \u00e9 feito de a\u00e7o inoxid\u00e1vel austen\u00edtico de alto sil\u00edcio HD-1, que \u00e9 pesquisado e desenvolvido em conjunto pela New Hongda e pelo Instituto Nacional de Pesquisa de Metal, Academia Chinesa de Ci\u00eancia (IMR). A qualidade \u00e9 t\u00e3o boa quanto o n\u00edvel internacional, mas o pre\u00e7o \u00e9 apenas um ter\u00e7o dos importados. Os distribuidores t\u00eam sido utilizados com sucesso em muitas f\u00e1bricas de \u00e1cido sulf\u00farico na China.<\/p>","protected":false},"featured_media":2874,"comment_status":"open","ping_status":"closed","template":"","meta":[],"product_brand":[],"product_cat":[29],"product_tag":[],"class_list":{"0":"post-2873","1":"product","2":"type-product","3":"status-publish","4":"has-post-thumbnail","6":"product_cat-equipment-for-sulfuric-acid-industry","8":"first","9":"instock","10":"shipping-taxable","11":"product-type-simple"},"_links":{"self":[{"href":"https:\/\/www.chinanhd.com\/pt\/wp-json\/wp\/v2\/product\/2873","targetHints":{"allow":["GET"]}}],"collection":[{"href":"https:\/\/www.chinanhd.com\/pt\/wp-json\/wp\/v2\/product"}],"about":[{"href":"https:\/\/www.chinanhd.com\/pt\/wp-json\/wp\/v2\/types\/product"}],"replies":[{"embeddable":true,"href":"https:\/\/www.chinanhd.com\/pt\/wp-json\/wp\/v2\/comments?post=2873"}],"wp:featuredmedia":[{"embeddable":true,"href":"https:\/\/www.chinanhd.com\/pt\/wp-json\/wp\/v2\/media\/2874"}],"wp:attachment":[{"href":"https:\/\/www.chinanhd.com\/pt\/wp-json\/wp\/v2\/media?parent=2873"}],"wp:term":[{"taxonomy":"product_brand","embeddable":true,"href":"https:\/\/www.chinanhd.com\/pt\/wp-json\/wp\/v2\/product_brand?post=2873"},{"taxonomy":"product_cat","embeddable":true,"href":"https:\/\/www.chinanhd.com\/pt\/wp-json\/wp\/v2\/product_cat?post=2873"},{"taxonomy":"product_tag","embeddable":true,"href":"https:\/\/www.chinanhd.com\/pt\/wp-json\/wp\/v2\/product_tag?post=2873"}],"curies":[{"name":"wp","href":"https:\/\/api.w.org\/{rel}","templated":true}]}}