{"id":2882,"date":"2025-04-29T16:41:52","date_gmt":"2025-04-29T08:41:52","guid":{"rendered":"https:\/\/www.chinanhd.com\/?post_type=product&#038;p=2882"},"modified":"2025-12-18T16:44:18","modified_gmt":"2025-12-18T08:44:18","slug":"filtro-de-disco","status":"publish","type":"product","link":"https:\/\/www.chinanhd.com\/pt\/product\/filtro-de-disco\/","title":{"rendered":"Filtro de disco"},"content":{"rendered":"<p>Atrav\u00e9s de v\u00e1rias rondas de actualiza\u00e7\u00f5es tecnol\u00f3gicas e inova\u00e7\u00f5es nos \u00faltimos anos, os filtros de disco NHD atingiram agora uma fase de maturidade com um desempenho global cada vez mais not\u00e1vel. Resolvemos eficazmente problemas comuns, como fugas de material, derrames, gotejamentos e infiltra\u00e7\u00f5es que ocorriam nos modelos de filtros anteriores. Simultaneamente, concentr\u00e1mo-nos consistentemente em melhorar o design est\u00e9tico e a ergonomia operacional do equipamento, impulsionando o seu avan\u00e7o cont\u00ednuo para uma opera\u00e7\u00e3o mais limpa, maior automa\u00e7\u00e3o e padr\u00f5es internacionais.<\/p>\n<p>&nbsp;<\/p>\n<p><strong>Aplica\u00e7\u00f5es:<\/strong><\/p>\n<p>Os filtros de disco NHD t\u00eam sido utilizados com sucesso na ind\u00fastria da alumina para a separa\u00e7\u00e3o de hidr\u00f3xido de alum\u00ednio de solu\u00e7\u00f5es c\u00e1usticas. Para al\u00e9m desta aplica\u00e7\u00e3o prim\u00e1ria, estes filtros est\u00e3o tamb\u00e9m a ser cada vez mais adoptados em v\u00e1rias ind\u00fastrias, incluindo a metalurgia, a prote\u00e7\u00e3o ambiental, a lavagem de minerais e o fabrico de papel.<\/p>\n<p>&nbsp;<\/p>\n<p><strong>Vantagem competitiva:<\/strong><\/p>\n<ul>\n<li>Vasta gama de aplica\u00e7\u00f5es, pode ser utilizado no processo de filtragem para beneficia\u00e7\u00e3o, alumina, produtos qu\u00edmicos, etc.<\/li>\n<li>Grande capacidade de produ\u00e7\u00e3o, alta efici\u00eancia<\/li>\n<li>Grande di\u00e2metro do disco, maior superf\u00edcie de contacto<\/li>\n<li>Conce\u00e7\u00e3o optimizada do tubo de distribui\u00e7\u00e3o e da v\u00e1lvula de distribui\u00e7\u00e3o sob experi\u00eancias, o que acelera o fluxo do filtrado.<\/li>\n<li>alta velocidade de rota\u00e7\u00e3o, f\u00e1cil manuten\u00e7\u00e3o e instala\u00e7\u00e3o.<\/li>\n<li>Menor \u00e1rea ocupada por metro quadrado de unidade de filtragem e menor custo para a oficina<\/li>\n<li>Baixo custo de opera\u00e7\u00e3o<\/li>\n<\/ul>","protected":false},"excerpt":{"rendered":"<p>O filtro de disco \u00e9 um equipamento de filtra\u00e7\u00e3o com pano de filtro como meio, utilizando a press\u00e3o negativa fornecida pela bomba de v\u00e1cuo para separar o s\u00f3lido do l\u00edquido de forma r\u00e1pida e cont\u00ednua. J\u00e1 foi amplamente utilizado nas ind\u00fastrias de metalurgia, minera\u00e7\u00e3o, qu\u00edmica, prote\u00e7\u00e3o ambiental, etc.<\/p>","protected":false},"featured_media":2883,"comment_status":"open","ping_status":"closed","template":"","meta":[],"product_brand":[],"product_cat":[15],"product_tag":[],"class_list":{"0":"post-2882","1":"product","2":"type-product","3":"status-publish","4":"has-post-thumbnail","6":"product_cat-filter-series","8":"first","9":"instock","10":"shipping-taxable","11":"product-type-simple"},"_links":{"self":[{"href":"https:\/\/www.chinanhd.com\/pt\/wp-json\/wp\/v2\/product\/2882","targetHints":{"allow":["GET"]}}],"collection":[{"href":"https:\/\/www.chinanhd.com\/pt\/wp-json\/wp\/v2\/product"}],"about":[{"href":"https:\/\/www.chinanhd.com\/pt\/wp-json\/wp\/v2\/types\/product"}],"replies":[{"embeddable":true,"href":"https:\/\/www.chinanhd.com\/pt\/wp-json\/wp\/v2\/comments?post=2882"}],"wp:featuredmedia":[{"embeddable":true,"href":"https:\/\/www.chinanhd.com\/pt\/wp-json\/wp\/v2\/media\/2883"}],"wp:attachment":[{"href":"https:\/\/www.chinanhd.com\/pt\/wp-json\/wp\/v2\/media?parent=2882"}],"wp:term":[{"taxonomy":"product_brand","embeddable":true,"href":"https:\/\/www.chinanhd.com\/pt\/wp-json\/wp\/v2\/product_brand?post=2882"},{"taxonomy":"product_cat","embeddable":true,"href":"https:\/\/www.chinanhd.com\/pt\/wp-json\/wp\/v2\/product_cat?post=2882"},{"taxonomy":"product_tag","embeddable":true,"href":"https:\/\/www.chinanhd.com\/pt\/wp-json\/wp\/v2\/product_tag?post=2882"}],"curies":[{"name":"wp","href":"https:\/\/api.w.org\/{rel}","templated":true}]}}