{"id":2896,"date":"2025-04-29T17:33:59","date_gmt":"2025-04-29T09:33:59","guid":{"rendered":"https:\/\/www.chinanhd.com\/?post_type=product&#038;p=2896"},"modified":"2025-12-18T16:44:18","modified_gmt":"2025-12-18T08:44:18","slug":"aquecedor-a-gas-serie-eh96-modelo-de-porta-superior-modelo-de-porta-lateral","status":"publish","type":"product","link":"https:\/\/www.chinanhd.com\/pt\/product\/aquecedor-a-gas-serie-eh96-modelo-de-porta-superior-modelo-de-porta-lateral\/","title":{"rendered":"Aquecedor a g\u00e1s da s\u00e9rie EH96"},"content":{"rendered":"<p>O equipamento apresenta um design racional, fiabilidade operacional, durabilidade, integridade estanque ao g\u00e1s e f\u00e1cil manuten\u00e7\u00e3o.<\/p>\n<p>&nbsp;<\/p>\n<p><strong>Desempenho principal<\/strong><\/p>\n<ul>\n<li>Tens\u00e3o: 380V<\/li>\n<li>Tipo de conex\u00e3o: \u25b3 , Y<\/li>\n<li>Pot\u00eancia estimada: 90-4800 kw<\/li>\n<li>Temp normal na entrada: temperatura ambiente a 400 \u2103 (ar, g\u00e1s SO2 seco)<\/li>\n<li>Temp. na sa\u00edda: \u2264550\u2103<\/li>\n<li>Temp. Controlo: Alterar o n\u00famero dos grupos el\u00e9ctricos energizados<\/li>\n<\/ul>\n<p>&nbsp;<\/p>\n<p><strong>Aplica\u00e7\u00f5es:<\/strong><\/p>\n<p>Gases de aplica\u00e7\u00e3o: ar, g\u00e1s SO2 seco, gases de combust\u00e3o de combust\u00edveis<\/p>\n<p>&nbsp;<\/p>\n<p><strong><b>Vantagem competitiva:<\/b><\/strong><\/p>\n<ul>\n<li>Longa vida \u00fatil. O novo estilo de enrolamento do fio de resist\u00eancia faz com que mais de 95% elementos de aquecimento sejam expostos no fluxo, e o coeficiente de transfer\u00eancia de aquecimento \u00e9 elevado; o design de baixa carga superficial torna o fio dif\u00edcil de quebrar.<\/li>\n<li>F\u00e1cil substitui\u00e7\u00e3o dos elementos de aquecimento; estrutura da porta de abertura r\u00e1pida.<\/li>\n<li>Mais leve; apenas 1\/3 do forno de controlo da mesma pot\u00eancia, isolador interior leve com revestimento inoxid\u00e1vel anticorros\u00e3o.<\/li>\n<li>Temperatura igualmente espa\u00e7ada; o g\u00e1s pode ser aquecido uniformemente mesmo depois de um elemento de aquecimento do grupo parar.<\/li>\n<li>Poupan\u00e7a de energia, aumento r\u00e1pido da temperatura e elevada efici\u00eancia.<\/li>\n<li>Baixa perda de press\u00e3o, t\u00e3o baixa como a da tubagem.<\/li>\n<li>As barras de transi\u00e7\u00e3o evitam queimadura de isolamento.<\/li>\n<li>Embalagem de alta temperatura assegura portas sem ar.<\/li>\n<\/ul>","protected":false},"excerpt":{"rendered":"<p>O aquecedor a g\u00e1s da s\u00e9rie Eh96 foi concebido e fabricado com base na experi\u00eancia de produ\u00e7\u00e3o do forno de fio de resist\u00eancia, analisando o aquecedor a g\u00e1s dom\u00e9stico utilizado no processo de convers\u00e3o e absorvendo tecnologia estrangeira. O aquecedor a g\u00e1s foi premiado com uma patente nacional. (Patente n\u00ba ZL96.2.31961.9)<\/p>","protected":false},"featured_media":2897,"comment_status":"open","ping_status":"closed","template":"","meta":[],"product_brand":[],"product_cat":[29],"product_tag":[],"class_list":{"0":"post-2896","1":"product","2":"type-product","3":"status-publish","4":"has-post-thumbnail","6":"product_cat-equipment-for-sulfuric-acid-industry","8":"first","9":"instock","10":"shipping-taxable","11":"product-type-simple"},"_links":{"self":[{"href":"https:\/\/www.chinanhd.com\/pt\/wp-json\/wp\/v2\/product\/2896","targetHints":{"allow":["GET"]}}],"collection":[{"href":"https:\/\/www.chinanhd.com\/pt\/wp-json\/wp\/v2\/product"}],"about":[{"href":"https:\/\/www.chinanhd.com\/pt\/wp-json\/wp\/v2\/types\/product"}],"replies":[{"embeddable":true,"href":"https:\/\/www.chinanhd.com\/pt\/wp-json\/wp\/v2\/comments?post=2896"}],"wp:featuredmedia":[{"embeddable":true,"href":"https:\/\/www.chinanhd.com\/pt\/wp-json\/wp\/v2\/media\/2897"}],"wp:attachment":[{"href":"https:\/\/www.chinanhd.com\/pt\/wp-json\/wp\/v2\/media?parent=2896"}],"wp:term":[{"taxonomy":"product_brand","embeddable":true,"href":"https:\/\/www.chinanhd.com\/pt\/wp-json\/wp\/v2\/product_brand?post=2896"},{"taxonomy":"product_cat","embeddable":true,"href":"https:\/\/www.chinanhd.com\/pt\/wp-json\/wp\/v2\/product_cat?post=2896"},{"taxonomy":"product_tag","embeddable":true,"href":"https:\/\/www.chinanhd.com\/pt\/wp-json\/wp\/v2\/product_tag?post=2896"}],"curies":[{"name":"wp","href":"https:\/\/api.w.org\/{rel}","templated":true}]}}