{"id":3019,"date":"2025-05-27T13:51:51","date_gmt":"2025-05-27T05:51:51","guid":{"rendered":"https:\/\/www.chinanhd.com\/?post_type=product&#038;p=3019"},"modified":"2025-12-18T16:44:18","modified_gmt":"2025-12-18T08:44:18","slug":"co-current-agitator","status":"publish","type":"product","link":"https:\/\/www.chinanhd.com\/pt\/product\/co-current-agitator\/","title":{"rendered":"Agitador de Co-Corrente"},"content":{"rendered":"<p>Nos tanques de rea\u00e7\u00e3o PA, o agitador de co-corrente gera for\u00e7a quase na mesma dire\u00e7\u00e3o que o fluxo do fluido. Esta conce\u00e7\u00e3o, combinada com um baixo gradiente de concentra\u00e7\u00e3o superficial, reduz significativamente a corros\u00e3o gasosa e a incrusta\u00e7\u00e3o do veio.<\/p>\n<p>&nbsp;<\/p>\n<p>A l\u00e2mina do agitador foi concebida com base num posicionamento \u00f3timo na zona de velocidade cr\u00edtica. Apesar de ter p\u00e1s mais pequenas do que os agitadores PBT, proporciona um desempenho superior. Al\u00e9m disso, o di\u00e2metro compacto da zona cr\u00edtica e a corrente radial mais lenta minimizam os danos nas paredes do tanque, prolongando assim a vida \u00fatil do tanque de rea\u00e7\u00e3o.<\/p>\n<p>&nbsp;<\/p>\n<p><strong>Vantagem competitiva:<\/strong><\/p>\n<p>A NHD possui uma gama completa de equipamentos de teste de agita\u00e7\u00e3o capazes de satisfazer os requisitos experimentais de diferentes fabricantes e processos, incluindo: testes \u00e0 escala laboratorial, testes-piloto e experi\u00eancias de aumento de escala.<\/p>\n<p>&nbsp;<\/p>\n<p>Tecnologias avan\u00e7adas de I&amp;D:<\/p>\n<ul>\n<li>Tecnologia de an\u00e1lise de fluidos CFD<\/li>\n<li>Tecnologia de simula\u00e7\u00e3o de mistura de fluidos computorizada CFM<\/li>\n<li>Tecnologia de velocimetria Doppler laser LDA<\/li>\n<li>FEA an\u00e1lise de elementos finitos<\/li>\n<li>Desenho CAD 3D<\/li>\n<\/ul>","protected":false},"excerpt":{"rendered":"<p>In PA reaction tanks, the co-current agitator generates force in nearly the same direction as the fluid flow. This design, combined with low surface concentration gradient, significantly reduces gaseous corrosion and shaft fouling. &nbsp; The agitator blade is engineered based on optimal positioning in the speed-critical zone. Despite having smaller blades than PBT agitators, it [&hellip;]<\/p>\n","protected":false},"featured_media":3021,"comment_status":"open","ping_status":"closed","template":"","meta":[],"product_brand":[],"product_cat":[28],"product_tag":[],"class_list":{"0":"post-3019","1":"product","2":"type-product","3":"status-publish","4":"has-post-thumbnail","6":"product_cat-agitatorthickener-series","8":"first","9":"instock","10":"shipping-taxable","11":"product-type-simple"},"_links":{"self":[{"href":"https:\/\/www.chinanhd.com\/pt\/wp-json\/wp\/v2\/product\/3019","targetHints":{"allow":["GET"]}}],"collection":[{"href":"https:\/\/www.chinanhd.com\/pt\/wp-json\/wp\/v2\/product"}],"about":[{"href":"https:\/\/www.chinanhd.com\/pt\/wp-json\/wp\/v2\/types\/product"}],"replies":[{"embeddable":true,"href":"https:\/\/www.chinanhd.com\/pt\/wp-json\/wp\/v2\/comments?post=3019"}],"wp:featuredmedia":[{"embeddable":true,"href":"https:\/\/www.chinanhd.com\/pt\/wp-json\/wp\/v2\/media\/3021"}],"wp:attachment":[{"href":"https:\/\/www.chinanhd.com\/pt\/wp-json\/wp\/v2\/media?parent=3019"}],"wp:term":[{"taxonomy":"product_brand","embeddable":true,"href":"https:\/\/www.chinanhd.com\/pt\/wp-json\/wp\/v2\/product_brand?post=3019"},{"taxonomy":"product_cat","embeddable":true,"href":"https:\/\/www.chinanhd.com\/pt\/wp-json\/wp\/v2\/product_cat?post=3019"},{"taxonomy":"product_tag","embeddable":true,"href":"https:\/\/www.chinanhd.com\/pt\/wp-json\/wp\/v2\/product_tag?post=3019"}],"curies":[{"name":"wp","href":"https:\/\/api.w.org\/{rel}","templated":true}]}}