{"id":3022,"date":"2025-05-27T13:57:06","date_gmt":"2025-05-27T05:57:06","guid":{"rendered":"https:\/\/www.chinanhd.com\/?post_type=product&#038;p=3022"},"modified":"2025-12-18T16:44:18","modified_gmt":"2025-12-18T08:44:18","slug":"agitador-de-obliquidade-de-seccao-transversal-variavel","status":"publish","type":"product","link":"https:\/\/www.chinanhd.com\/pt\/product\/agitador-de-obliquidade-de-seccao-transversal-variavel\/","title":{"rendered":"Vari\u00e1vel Cross Section &#038; Agitador da Oblicidade"},"content":{"rendered":"<p>O agitador proporciona um elevado fluxo axial de recircula\u00e7\u00e3o com baixa taxa de cisalhamento, mantendo um consumo m\u00ednimo de energia. Em compara\u00e7\u00e3o com os agitadores convencionais de PBT a 45\u00b0, consegue um desempenho de mistura equivalente, reduzindo o consumo de energia em 40-50%.<\/p>\n<p>&nbsp;<\/p>\n<p>Para reac\u00e7\u00f5es de deslocamento de PA e ind\u00fastrias de metais n\u00e3o ferrosos, os tanques de lixivia\u00e7\u00e3o requerem uma elevada capacidade de bombagem com taxas de cisalhamento controladas para evitar a quebra excessiva de cristais - um fator cr\u00edtico para os processos subsequentes de filtra\u00e7\u00e3o e sedimenta\u00e7\u00e3o. Especificamente concebido para estas aplica\u00e7\u00f5es, o agitador da NHD tem sido amplamente adotado pelos produtores de PA e de metais n\u00e3o ferrosos, demonstrando uma efici\u00eancia operacional excecional.<\/p>\n<p>&nbsp;<\/p>\n<p><strong>Vantagem competitiva:<\/strong><\/p>\n<p>A NHD possui uma gama completa de equipamentos de teste de agita\u00e7\u00e3o capazes de satisfazer os requisitos experimentais de diferentes fabricantes e processos, incluindo: testes \u00e0 escala laboratorial, testes-piloto e experi\u00eancias de aumento de escala.<\/p>\n<p>&nbsp;<\/p>\n<p>Tecnologias avan\u00e7adas de I&amp;D:<\/p>\n<ul>\n<li>Tecnologia de an\u00e1lise de fluidos CFD<\/li>\n<li>Tecnologia de simula\u00e7\u00e3o de mistura de fluidos computorizada CFM<\/li>\n<li>Tecnologia de velocimetria Doppler laser LDA<\/li>\n<li>FEA an\u00e1lise de elementos finitos<\/li>\n<li>Desenho CAD 3D<\/li>\n<\/ul>","protected":false},"excerpt":{"rendered":"<p>The agitator delivers high recirculating axial flow with low shear rate while maintaining minimal power consumption. Compared to conventional 45\u00b0 PBT agitators, it achieves equivalent mixing performance while reducing power consumption by 40-50%. &nbsp; For PA displacement reactions and non-ferrous metal industries, leaching tanks require high pumping capacity with controlled shear rates to prevent excessive [&hellip;]<\/p>\n","protected":false},"featured_media":3024,"comment_status":"open","ping_status":"closed","template":"","meta":[],"product_brand":[],"product_cat":[28],"product_tag":[],"class_list":{"0":"post-3022","1":"product","2":"type-product","3":"status-publish","4":"has-post-thumbnail","6":"product_cat-agitatorthickener-series","8":"first","9":"instock","10":"shipping-taxable","11":"product-type-simple"},"_links":{"self":[{"href":"https:\/\/www.chinanhd.com\/pt\/wp-json\/wp\/v2\/product\/3022","targetHints":{"allow":["GET"]}}],"collection":[{"href":"https:\/\/www.chinanhd.com\/pt\/wp-json\/wp\/v2\/product"}],"about":[{"href":"https:\/\/www.chinanhd.com\/pt\/wp-json\/wp\/v2\/types\/product"}],"replies":[{"embeddable":true,"href":"https:\/\/www.chinanhd.com\/pt\/wp-json\/wp\/v2\/comments?post=3022"}],"wp:featuredmedia":[{"embeddable":true,"href":"https:\/\/www.chinanhd.com\/pt\/wp-json\/wp\/v2\/media\/3024"}],"wp:attachment":[{"href":"https:\/\/www.chinanhd.com\/pt\/wp-json\/wp\/v2\/media?parent=3022"}],"wp:term":[{"taxonomy":"product_brand","embeddable":true,"href":"https:\/\/www.chinanhd.com\/pt\/wp-json\/wp\/v2\/product_brand?post=3022"},{"taxonomy":"product_cat","embeddable":true,"href":"https:\/\/www.chinanhd.com\/pt\/wp-json\/wp\/v2\/product_cat?post=3022"},{"taxonomy":"product_tag","embeddable":true,"href":"https:\/\/www.chinanhd.com\/pt\/wp-json\/wp\/v2\/product_tag?post=3022"}],"curies":[{"name":"wp","href":"https:\/\/api.w.org\/{rel}","templated":true}]}}