{"id":3025,"date":"2025-05-27T14:07:15","date_gmt":"2025-05-27T06:07:15","guid":{"rendered":"https:\/\/www.chinanhd.com\/?post_type=product&#038;p=3025"},"modified":"2025-12-18T16:44:18","modified_gmt":"2025-12-18T08:44:18","slug":"side-entry-agitator","status":"publish","type":"product","link":"https:\/\/www.chinanhd.com\/pt\/product\/side-entry-agitator\/","title":{"rendered":"Agitador de entrada lateral"},"content":{"rendered":"<p>O agitador de entrada lateral pode ser utilizado em tanques de armazenamento de l\u00edquidos e tanques de \u00f3leo de grande escala. Seu consumo de energia \u00e9 de apenas 1\/3 a 2\/3 do agitador central para tanque de l\u00edquido acima de 1000m\u00b3 com o mesmo efeito de mistura. O agitador de entrada lateral tem v\u00e1rias vantagens, como baixo custo de fabrica\u00e7\u00e3o e funda\u00e7\u00e3o.<\/p>\n<p>&nbsp;<\/p>\n<p>Este agitador impede o escoamento do l\u00edquido no reservat\u00f3rio atrav\u00e9s de um dispositivo de veda\u00e7\u00e3o.<\/p>\n<p>Vedante da caixa de empanque do veio e vedante mec\u00e2nico:<\/p>\n<ul>\n<li>O design inovador do vedante de empanque resolve os problemas tradicionais do vedante de empanque, melhorando significativamente a capacidade de manuten\u00e7\u00e3o em linha, reduzindo as fugas e minimizando o desgaste da manga do veio.<\/li>\n<li>O vedante mec\u00e2nico estruturalmente melhorado resolve os problemas de vibra\u00e7\u00e3o das p\u00e1s do agitador e de pulsa\u00e7\u00e3o do veio atrav\u00e9s do seu anel de veda\u00e7\u00e3o estacion\u00e1rio de alto desempenho, resultando numa maior efici\u00eancia, custos de funcionamento mais baixos e vida \u00fatil prolongada.<\/li>\n<\/ul>\n<p>&nbsp;<\/p>\n<p><strong>Vantagem competitiva:<\/strong><\/p>\n<p>A NHD possui uma gama completa de equipamentos de teste de agita\u00e7\u00e3o capazes de satisfazer os requisitos experimentais de diferentes fabricantes e processos, incluindo: testes \u00e0 escala laboratorial, testes-piloto e experi\u00eancias de aumento de escala.<\/p>\n<p>&nbsp;<\/p>\n<p>Tecnologias avan\u00e7adas de I&amp;D:<\/p>\n<ul>\n<li>Tecnologia de an\u00e1lise de fluidos CFD<\/li>\n<li>Tecnologia de simula\u00e7\u00e3o de mistura de fluidos computorizada CFM<\/li>\n<li>Tecnologia de velocimetria Doppler laser LDA<\/li>\n<li>FEA an\u00e1lise de elementos finitos<\/li>\n<li>Desenho CAD 3D<\/li>\n<\/ul>","protected":false},"excerpt":{"rendered":"<p>Side-entry agitator can be used in large scale liquid storage tank and oil tank. Its power consumption is only 1\/3 to 2\/3 as center agitator\u2019s for liquid tank above 1000m\u00b3 at the same effect of blending. The side-entry agitator has several advantages, such as low manufacturing and foundation cost. &nbsp; This agitator prevent liquid in [&hellip;]<\/p>\n","protected":false},"featured_media":3028,"comment_status":"open","ping_status":"closed","template":"","meta":[],"product_brand":[],"product_cat":[28],"product_tag":[],"class_list":{"0":"post-3025","1":"product","2":"type-product","3":"status-publish","4":"has-post-thumbnail","6":"product_cat-agitatorthickener-series","8":"first","9":"instock","10":"shipping-taxable","11":"product-type-simple"},"_links":{"self":[{"href":"https:\/\/www.chinanhd.com\/pt\/wp-json\/wp\/v2\/product\/3025","targetHints":{"allow":["GET"]}}],"collection":[{"href":"https:\/\/www.chinanhd.com\/pt\/wp-json\/wp\/v2\/product"}],"about":[{"href":"https:\/\/www.chinanhd.com\/pt\/wp-json\/wp\/v2\/types\/product"}],"replies":[{"embeddable":true,"href":"https:\/\/www.chinanhd.com\/pt\/wp-json\/wp\/v2\/comments?post=3025"}],"wp:featuredmedia":[{"embeddable":true,"href":"https:\/\/www.chinanhd.com\/pt\/wp-json\/wp\/v2\/media\/3028"}],"wp:attachment":[{"href":"https:\/\/www.chinanhd.com\/pt\/wp-json\/wp\/v2\/media?parent=3025"}],"wp:term":[{"taxonomy":"product_brand","embeddable":true,"href":"https:\/\/www.chinanhd.com\/pt\/wp-json\/wp\/v2\/product_brand?post=3025"},{"taxonomy":"product_cat","embeddable":true,"href":"https:\/\/www.chinanhd.com\/pt\/wp-json\/wp\/v2\/product_cat?post=3025"},{"taxonomy":"product_tag","embeddable":true,"href":"https:\/\/www.chinanhd.com\/pt\/wp-json\/wp\/v2\/product_tag?post=3025"}],"curies":[{"name":"wp","href":"https:\/\/api.w.org\/{rel}","templated":true}]}}