{"id":3029,"date":"2025-05-27T14:11:38","date_gmt":"2025-05-27T06:11:38","guid":{"rendered":"https:\/\/www.chinanhd.com\/?post_type=product&#038;p=3029"},"modified":"2025-12-18T16:44:18","modified_gmt":"2025-12-18T08:44:18","slug":"agitator-for-nonferrous-industry-and-beneficiation","status":"publish","type":"product","link":"https:\/\/www.chinanhd.com\/pt\/product\/agitator-for-nonferrous-industry-and-beneficiation\/","title":{"rendered":"Agitador para Ind\u00fastria e Beneficiamento de N\u00e3o Ferrosos"},"content":{"rendered":"<p>Na ind\u00fastria qu\u00edmica, a nossa empresa concebe e fabrica agitadores com v\u00e1rias especifica\u00e7\u00f5es e configura\u00e7\u00f5es para satisfazer os requisitos de processos como a mistura de materiais, dissolu\u00e7\u00e3o, transfer\u00eancia de calor, prepara\u00e7\u00e3o de suspens\u00f5es, reac\u00e7\u00f5es de polimeriza\u00e7\u00e3o e produ\u00e7\u00e3o de catalisadores. Para aplica\u00e7\u00f5es de processamento de minerais, os nossos agitadores especialmente concebidos asseguram uma mistura suave de lamas e uma distribui\u00e7\u00e3o uniforme da concentra\u00e7\u00e3o nos tanques.<\/p>\n<p>&nbsp;<\/p>\n<p><strong>Vantagem competitiva:<\/strong><\/p>\n<p>A NHD possui uma gama completa de equipamentos de teste de agita\u00e7\u00e3o capazes de satisfazer os requisitos experimentais de diferentes fabricantes e processos, incluindo: testes \u00e0 escala laboratorial, testes-piloto e experi\u00eancias de aumento de escala.<\/p>\n<p>&nbsp;<\/p>\n<p>Tecnologias avan\u00e7adas de I&amp;D:<\/p>\n<ul>\n<li>Tecnologia de an\u00e1lise de fluidos CFD<\/li>\n<li>Tecnologia de simula\u00e7\u00e3o de mistura de fluidos computorizada CFM<\/li>\n<li>Tecnologia de velocimetria Doppler laser LDA<\/li>\n<li>FEA an\u00e1lise de elementos finitos<\/li>\n<li>Desenho CAD 3D<\/li>\n<\/ul>","protected":false},"excerpt":{"rendered":"<p>In the chemical industry, our company designs and manufactures agitators of various specifications and configurations to meet process requirements such as material mixing, dissolution, heat transfer, suspension preparation, polymerization reactions, and catalyst production. For mineral processing applications, our specially designed agitators ensure smooth slurry mixing and uniform concentration distribution in tanks. &nbsp; Competitive Advantage: NHD [&hellip;]<\/p>\n","protected":false},"featured_media":3030,"comment_status":"open","ping_status":"closed","template":"","meta":[],"product_brand":[],"product_cat":[28],"product_tag":[],"class_list":{"0":"post-3029","1":"product","2":"type-product","3":"status-publish","4":"has-post-thumbnail","6":"product_cat-agitatorthickener-series","8":"first","9":"instock","10":"shipping-taxable","11":"product-type-simple"},"_links":{"self":[{"href":"https:\/\/www.chinanhd.com\/pt\/wp-json\/wp\/v2\/product\/3029","targetHints":{"allow":["GET"]}}],"collection":[{"href":"https:\/\/www.chinanhd.com\/pt\/wp-json\/wp\/v2\/product"}],"about":[{"href":"https:\/\/www.chinanhd.com\/pt\/wp-json\/wp\/v2\/types\/product"}],"replies":[{"embeddable":true,"href":"https:\/\/www.chinanhd.com\/pt\/wp-json\/wp\/v2\/comments?post=3029"}],"wp:featuredmedia":[{"embeddable":true,"href":"https:\/\/www.chinanhd.com\/pt\/wp-json\/wp\/v2\/media\/3030"}],"wp:attachment":[{"href":"https:\/\/www.chinanhd.com\/pt\/wp-json\/wp\/v2\/media?parent=3029"}],"wp:term":[{"taxonomy":"product_brand","embeddable":true,"href":"https:\/\/www.chinanhd.com\/pt\/wp-json\/wp\/v2\/product_brand?post=3029"},{"taxonomy":"product_cat","embeddable":true,"href":"https:\/\/www.chinanhd.com\/pt\/wp-json\/wp\/v2\/product_cat?post=3029"},{"taxonomy":"product_tag","embeddable":true,"href":"https:\/\/www.chinanhd.com\/pt\/wp-json\/wp\/v2\/product_tag?post=3029"}],"curies":[{"name":"wp","href":"https:\/\/api.w.org\/{rel}","templated":true}]}}