{"id":3033,"date":"2025-05-27T14:14:38","date_gmt":"2025-05-27T06:14:38","guid":{"rendered":"https:\/\/www.chinanhd.com\/?post_type=product&#038;p=3033"},"modified":"2025-12-18T16:44:18","modified_gmt":"2025-12-18T08:44:18","slug":"extra-long-agitator","status":"publish","type":"product","link":"https:\/\/www.chinanhd.com\/pt\/product\/extra-long-agitator\/","title":{"rendered":"Agitador extra longo"},"content":{"rendered":"<p>A NHD desenvolveu o grande agitador para o projeto de 300.000t\/a PA, sendo pioneira na localiza\u00e7\u00e3o do equipamento na China. Enquanto isso, estabelecemos um novo recorde de aplica\u00e7\u00e3o de alta pot\u00eancia, carga pesada, agitador extra-longo na ind\u00fastria.<\/p>\n<p>&nbsp;<\/p>\n<p>A NHD tem investido fortemente na pesquisa de novos materiais para agitadores. Para al\u00e9m dos materiais padr\u00e3o como 304, 304L, 316L, 317L e 904L, a NHD tamb\u00e9m desenvolveu dezenas de materiais especializados adaptados a v\u00e1rias condi\u00e7\u00f5es, incluindo temperatura, concentra\u00e7\u00e3o de \u00e1cido\/\u00e1lcali e resist\u00eancia extrema ao desgaste por corros\u00e3o, para garantir um desempenho \u00f3timo.<\/p>\n<p>&nbsp;<\/p>\n<p><strong>Vantagem competitiva:<\/strong><\/p>\n<p>A NHD possui uma gama completa de equipamentos de teste de agita\u00e7\u00e3o capazes de satisfazer os requisitos experimentais de diferentes fabricantes e processos, incluindo: testes \u00e0 escala laboratorial, testes-piloto e experi\u00eancias de aumento de escala.<\/p>\n<p>&nbsp;<\/p>\n<p>Tecnologias avan\u00e7adas de I&amp;D:<\/p>\n<ul>\n<li>Tecnologia de an\u00e1lise de fluidos CFD<\/li>\n<li>Tecnologia de simula\u00e7\u00e3o de mistura de fluidos computorizada CFM<\/li>\n<li>Tecnologia de velocimetria Doppler laser LDA<\/li>\n<li>FEA an\u00e1lise de elementos finitos<\/li>\n<li>Desenho CAD 3D<\/li>\n<\/ul>","protected":false},"excerpt":{"rendered":"<p>NHD developed the large agitator for 300,000t\/a PA project, pioneering the localization of the equipment in China. Meanwhile, we set a new record of application of high power, heavy load, extra-long agitator in the industry. &nbsp; NHD has heavily invested in researching new agitator materials. Beyond standard materials like 304, 304L, 316L, 317L, and 904L, [&hellip;]<\/p>\n","protected":false},"featured_media":3034,"comment_status":"open","ping_status":"closed","template":"","meta":[],"product_brand":[],"product_cat":[28],"product_tag":[],"class_list":{"0":"post-3033","1":"product","2":"type-product","3":"status-publish","4":"has-post-thumbnail","6":"product_cat-agitatorthickener-series","8":"first","9":"instock","10":"shipping-taxable","11":"product-type-simple"},"_links":{"self":[{"href":"https:\/\/www.chinanhd.com\/pt\/wp-json\/wp\/v2\/product\/3033","targetHints":{"allow":["GET"]}}],"collection":[{"href":"https:\/\/www.chinanhd.com\/pt\/wp-json\/wp\/v2\/product"}],"about":[{"href":"https:\/\/www.chinanhd.com\/pt\/wp-json\/wp\/v2\/types\/product"}],"replies":[{"embeddable":true,"href":"https:\/\/www.chinanhd.com\/pt\/wp-json\/wp\/v2\/comments?post=3033"}],"wp:featuredmedia":[{"embeddable":true,"href":"https:\/\/www.chinanhd.com\/pt\/wp-json\/wp\/v2\/media\/3034"}],"wp:attachment":[{"href":"https:\/\/www.chinanhd.com\/pt\/wp-json\/wp\/v2\/media?parent=3033"}],"wp:term":[{"taxonomy":"product_brand","embeddable":true,"href":"https:\/\/www.chinanhd.com\/pt\/wp-json\/wp\/v2\/product_brand?post=3033"},{"taxonomy":"product_cat","embeddable":true,"href":"https:\/\/www.chinanhd.com\/pt\/wp-json\/wp\/v2\/product_cat?post=3033"},{"taxonomy":"product_tag","embeddable":true,"href":"https:\/\/www.chinanhd.com\/pt\/wp-json\/wp\/v2\/product_tag?post=3033"}],"curies":[{"name":"wp","href":"https:\/\/api.w.org\/{rel}","templated":true}]}}