{"id":3695,"date":"2025-06-23T14:06:38","date_gmt":"2025-06-23T06:06:38","guid":{"rendered":"https:\/\/www.chinanhd.com\/?post_type=product&#038;p=3695"},"modified":"2025-12-18T16:44:20","modified_gmt":"2025-12-18T08:44:20","slug":"rotary-table-vacuum-filter-for-phosphoric-acid","status":"publish","type":"product","link":"https:\/\/www.chinanhd.com\/pt\/product\/rotary-table-vacuum-filter-for-phosphoric-acid\/","title":{"rendered":"Filtro de Vacuo de Mesa Rotatoria (para \u00e1cido fosf\u00f3rico)"},"content":{"rendered":"<p>A tabela de filtro de v\u00e1cuo da tabela rotativa \u00e9 feita de dezenas de baldes de filtragem em forma de ventilador, que formam um anel de filtra\u00e7\u00e3o horizontal, e os baldes de filtra\u00e7\u00e3o s\u00e3o suportados na coroa de acionamento com uma estrutura de suporte.<\/p>\n<p>O anel interno do a\u00e7o inoxid\u00e1vel trabalha com cintos de borracha de anel externo para formar uma c\u00e2mara e as barragens podem se dividir em v\u00e1rias se\u00e7\u00f5es.<\/p>\n<p>Ap\u00f3s a alimenta\u00e7\u00e3o, a pasta \u00e9 sugada e filtrada pelo v\u00e1cuo para formar bolo de filtro.<\/p>\n<p>&nbsp;<\/p>\n<p><span style=\"font-size: 14pt;\"><strong>Aplica\u00e7\u00f5es:<\/strong><\/span><\/p>\n<p>V\u00e1rios modelos usados na ind\u00fastria do \u00e1cido f\u00f3sforo, metalurgia, prote\u00e7\u00e3o do ambiente, lavagem de minerais e fabrica\u00e7\u00e3o de papel, etc.<\/p>\n<p><strong>\u00a0<\/strong><\/p>\n<p><span style=\"font-size: 14pt;\"><strong>Vantagem competitiva:<\/strong><\/span><\/p>\n<p>1. A divis\u00e3o cient\u00edfica das c\u00e9lulas de filtragem, a disposi\u00e7\u00e3o dos rolos de centragem e de apoio, a conce\u00e7\u00e3o do rolo de apoio c\u00f3nico, tudo isto contribui para uma estrutura uniformemente carregada e um funcionamento est\u00e1vel. O nivelamento de todo o tabuleiro tamb\u00e9m pode ser controlado rigorosamente.<\/p>\n<p>2. O multi-melhoramento resolve a opera\u00e7\u00e3o em min\u00e9rio de fosfato de baixa qualidade, o que expande a gama de aplica\u00e7\u00f5es do filtro de mesa rotativo a v\u00e1cuo.<\/p>\n<p>3. O novo estilo de bocal plano \u00e9 caracterizado pelo baixo consumo de energia, alta for\u00e7a de lavagem e economia de \u00e1gua. Ser\u00e1 muito melhor em conjunto com o filtro anti-bloqueio dos bicos.<\/p>\n<p>4. A v\u00e1lvula de distribui\u00e7\u00e3o central inferior foi concebida com uma grande obliquidade e um fluxo principal, o que pode resolver o problema da incrusta\u00e7\u00e3o ou bloqueio do gesso, reduzir o trabalho de limpeza e aumentar consideravelmente a taxa de funcionamento.<\/p>\n<p>5. O design do distribuidor de transbordamento tipo placa ajust\u00e1vel e do purificador pode alcan\u00e7ar um bom efeito de distribui\u00e7\u00e3o uniforme, secagem de bolo e lavagem.<\/p>\n<p>6. A tira de prensagem em forma de arco pode reduzir a escama\u00e7\u00e3o na ranhura da tira, encurtar o tempo de substitui\u00e7\u00e3o do pano e aumentar muito a taxa de opera\u00e7\u00e3o.<\/p>","protected":false},"excerpt":{"rendered":"<p>The table of rotary table vacuum filter is made of dozens fan-shaped filtration\u00a0buckets, which form a horizontal filtration ring, and the filtration\u00a0buckets are supported on the drive crown with a supporting structure. The drive crown is supported and limited by the supporting and centering rollers. The pinion gear of the drive unit rotates the filter [&hellip;]<\/p>\n","protected":false},"featured_media":2721,"comment_status":"open","ping_status":"closed","template":"","meta":[],"product_brand":[],"product_cat":[15],"product_tag":[],"class_list":{"0":"post-3695","1":"product","2":"type-product","3":"status-publish","4":"has-post-thumbnail","6":"product_cat-filter-series","8":"first","9":"instock","10":"shipping-taxable","11":"product-type-simple"},"_links":{"self":[{"href":"https:\/\/www.chinanhd.com\/pt\/wp-json\/wp\/v2\/product\/3695","targetHints":{"allow":["GET"]}}],"collection":[{"href":"https:\/\/www.chinanhd.com\/pt\/wp-json\/wp\/v2\/product"}],"about":[{"href":"https:\/\/www.chinanhd.com\/pt\/wp-json\/wp\/v2\/types\/product"}],"replies":[{"embeddable":true,"href":"https:\/\/www.chinanhd.com\/pt\/wp-json\/wp\/v2\/comments?post=3695"}],"wp:featuredmedia":[{"embeddable":true,"href":"https:\/\/www.chinanhd.com\/pt\/wp-json\/wp\/v2\/media\/2721"}],"wp:attachment":[{"href":"https:\/\/www.chinanhd.com\/pt\/wp-json\/wp\/v2\/media?parent=3695"}],"wp:term":[{"taxonomy":"product_brand","embeddable":true,"href":"https:\/\/www.chinanhd.com\/pt\/wp-json\/wp\/v2\/product_brand?post=3695"},{"taxonomy":"product_cat","embeddable":true,"href":"https:\/\/www.chinanhd.com\/pt\/wp-json\/wp\/v2\/product_cat?post=3695"},{"taxonomy":"product_tag","embeddable":true,"href":"https:\/\/www.chinanhd.com\/pt\/wp-json\/wp\/v2\/product_tag?post=3695"}],"curies":[{"name":"wp","href":"https:\/\/api.w.org\/{rel}","templated":true}]}}