{"id":6465,"date":"2025-12-19T16:14:44","date_gmt":"2025-12-19T08:14:44","guid":{"rendered":"https:\/\/www.chinanhd.com\/?post_type=product&#038;p=6465"},"modified":"2026-02-14T15:23:27","modified_gmt":"2026-02-14T07:23:27","slug":"filter-cake-disintegrator-crusher","status":"publish","type":"product","link":"https:\/\/www.chinanhd.com\/pt\/product\/filter-cake-disintegrator-crusher\/","title":{"rendered":"Filter Cake Disintegrator &#038; - Crusher"},"content":{"rendered":"<p data-start=\"186\" data-end=\"455\">Tortos filtrados descarregados de pressas filtradas geralmente formam aglomerados grandes e pegajosos, especialmente em novos materiais energ\u00e9ticos e processos hidrometal\u00fargicos. Quando alimentados diretamente em secadores, esses bolo causam uma alimenta\u00e7\u00e3o ruim, baixa efici\u00eancia de secagem e bloqueios frequentes.<\/p>\n<p data-start=\"457\" data-end=\"553\">NHD Filter Cake Disintegrator &amp; Crusher \u00e9 especificamente projetado para resolver este obst\u00e1culo.<\/p>\n<p>&nbsp;<\/p>\n<p><strong>Vantagens competitivas:<\/strong><\/p>\n<ul>\n<li data-start=\"578\" data-end=\"640\">\n<p data-start=\"580\" data-end=\"640\">Efectivamente quebra tortos de filtro aglomerados e pegajosos<\/p>\n<\/li>\n<li data-start=\"641\" data-end=\"700\">\n<p data-start=\"643\" data-end=\"700\">Leve tamanho uniforme de part\u00edculas para alimenta\u00e7\u00e3o direta de secadores<\/p>\n<\/li>\n<li data-start=\"701\" data-end=\"762\">\n<p data-start=\"703\" data-end=\"762\">Melhor a efici\u00eancia de secagem e reduz o consumo de energia<\/p>\n<\/li>\n<li data-start=\"763\" data-end=\"824\">\n<p data-start=\"765\" data-end=\"824\">Minimiza o manejo manual e melhora a automatiza\u00e7\u00e3o do processo<\/p>\n<\/li>\n<\/ul>\n<p>&nbsp;<\/p>\n<p><strong>Aplica\u00e7\u00f5es:<\/strong><\/p>\n<ul>\n<li data-start=\"1200\" data-end=\"1267\">\n<p data-start=\"1202\" data-end=\"1267\">Novos materiais energ\u00e9ticos (materiais de cat\u00f3dio e an\u00f3dio, intermedi\u00e1rios)<\/p>\n<\/li>\n<li data-start=\"1268\" data-end=\"1305\">\n<p data-start=\"1270\" data-end=\"1305\">Hidrometalurgia de metal n\u00e3o ferroso<\/p>\n<\/li>\n<li data-start=\"1306\" data-end=\"1356\">\n<p data-start=\"1308\" data-end=\"1356\">Prema filtro cont\u00ednuo \u00b7 seca linhas de processo<\/p>\n<\/li>\n<\/ul>","protected":false},"excerpt":{"rendered":"<p data-start=\"186\" data-end=\"455\">NHD Filter Cake Disintegrator &amp; O Crusher \u00e9 projetado para processamento eficiente de imprensa p\u00f3s-filtro. O desempenho de esmagamento est\u00e1vel e control\u00e1vel \u00e9 alcan\u00e7ado mesmo com materiais de alta umidade ou part\u00edculas finas.<\/p>","protected":false},"featured_media":6468,"comment_status":"open","ping_status":"closed","template":"","meta":[],"product_brand":[],"product_cat":[32],"product_tag":[],"class_list":{"0":"post-6465","1":"product","2":"type-product","3":"status-publish","4":"has-post-thumbnail","6":"product_cat-non-standard-equipment-series","8":"first","9":"instock","10":"shipping-taxable","11":"product-type-simple"},"_links":{"self":[{"href":"https:\/\/www.chinanhd.com\/pt\/wp-json\/wp\/v2\/product\/6465","targetHints":{"allow":["GET"]}}],"collection":[{"href":"https:\/\/www.chinanhd.com\/pt\/wp-json\/wp\/v2\/product"}],"about":[{"href":"https:\/\/www.chinanhd.com\/pt\/wp-json\/wp\/v2\/types\/product"}],"replies":[{"embeddable":true,"href":"https:\/\/www.chinanhd.com\/pt\/wp-json\/wp\/v2\/comments?post=6465"}],"wp:featuredmedia":[{"embeddable":true,"href":"https:\/\/www.chinanhd.com\/pt\/wp-json\/wp\/v2\/media\/6468"}],"wp:attachment":[{"href":"https:\/\/www.chinanhd.com\/pt\/wp-json\/wp\/v2\/media?parent=6465"}],"wp:term":[{"taxonomy":"product_brand","embeddable":true,"href":"https:\/\/www.chinanhd.com\/pt\/wp-json\/wp\/v2\/product_brand?post=6465"},{"taxonomy":"product_cat","embeddable":true,"href":"https:\/\/www.chinanhd.com\/pt\/wp-json\/wp\/v2\/product_cat?post=6465"},{"taxonomy":"product_tag","embeddable":true,"href":"https:\/\/www.chinanhd.com\/pt\/wp-json\/wp\/v2\/product_tag?post=6465"}],"curies":[{"name":"wp","href":"https:\/\/api.w.org\/{rel}","templated":true}]}}