{"id":2678,"date":"2025-04-11T15:40:19","date_gmt":"2025-04-11T07:40:19","guid":{"rendered":"https:\/\/www.chinanhd.com\/?post_type=product&#038;p=2678"},"modified":"2025-12-18T16:44:17","modified_gmt":"2025-12-18T08:44:17","slug":"cokeltme-ve-ayirma-icin-koyulastirici","status":"publish","type":"product","link":"https:\/\/www.chinanhd.com\/tr\/product\/cokeltme-ve-ayirma-icin-koyulastirici\/","title":{"rendered":"Kal\u0131nla\u015ft\u0131r\u0131c\u0131"},"content":{"rendered":"<p>Kabuklule\u015ftirici, homojen faz\u0131n s\u0131v\u0131 kat\u0131 kar\u0131\u015f\u0131m\u0131n\u0131 ay\u0131rmak i\u00e7in yer\u00e7ekimi sedimantasyon ekipman\u0131d\u0131r.<\/p>\n<p>&nbsp;<\/p>\n<p><span style=\"font-size: 14pt;\"><strong>Uygulamalar:<\/strong><\/span><\/p>\n<p>NHD Kal\u0131nla\u015ft\u0131r\u0131c\u0131lar\u0131, fosfor kimyasallar\u0131, demir olmayan metalurji, al\u00fcmina \u00fcretimi, metal faydalanma, k\u00f6m\u00fcr haz\u0131rlama, ka\u011f\u0131t \u00fcretimi, kanalizasyon ve elektrik santrali k\u00fck\u00fcrts\u00fczl\u00fc\u011f\u00fc vb. dahil olmak \u00fczere \u00e7e\u015fitli end\u00fcstrilerde kapsaml\u0131 uygulamalar bulmaktad\u0131r.<\/p>\n<p><strong>\u00a0<\/strong><\/p>\n<p><span style=\"font-size: 14pt;\"><strong>Rekabet Avantaj\u0131:<\/strong><\/span><\/p>\n<p><strong>M\u00fckemmellik Performans\u0131:<\/strong><\/p>\n<p>NHD serisi derin konik kal\u0131nla\u015ft\u0131r\u0131c\u0131n\u0131n kapasitesi ortak bir kal\u0131nla\u015ft\u0131r\u0131c\u0131n\u0131n 15 kat\u0131d\u0131r, alt ak\u0131\u015f s\u0131k\u0131\u015ft\u0131rma yetene\u011fi ise yakla\u015f\u0131k 10 kat daha y\u00fcksektir. Rasyonel yap\u0131sal tasar\u0131m\u0131, seyreltme ve besleme s\u0131ras\u0131nda flok\u00fcle edilmi\u015f kitlelerin yok edilmesini en aza indirir.<\/p>\n<p>&nbsp;<\/p>\n<p><strong>S\u00fcper \u00c7\u0131k\u0131\u015f Torku:<\/strong><\/p>\n<p>Drive, her t\u00fcrl\u00fc k\u0131vamla\u015ft\u0131r\u0131c\u0131 i\u00e7in \u00f6nemli bir k\u0131s\u0131md\u0131r.<\/p>\n<p>&nbsp;<\/p>\n<p><strong>Geli\u015fmi\u015f \u0130zleme Sistemi:<\/strong><\/p>\n<p>NHD seri k\u0131vamla\u015ft\u0131r\u0131c\u0131, DC'lerle birlikte, ilgili ekipman ve i\u015flemleri otomatik olarak kontrol etmek i\u00e7in entegre eden omni y\u00f6nlendirmedeki materyalleri izleyebilir.<\/p>","protected":false},"excerpt":{"rendered":"<p>Thickener is gravity sedimentation\u00a0equipment to separate liquid-solid mixture of homogeneous phase. It is extensively used in industries, such as thickener applied in mineral processing plant, separating fine mineral from water, thickener applied in chloride- alkali plant to separate salt mud, thickener applied in waste water processing plant, and wet process phosphorus aced etc. The thickener [&hellip;]<\/p>\n","protected":false},"featured_media":2679,"comment_status":"open","ping_status":"closed","template":"","meta":[],"product_brand":[],"product_cat":[28],"product_tag":[],"class_list":{"0":"post-2678","1":"product","2":"type-product","3":"status-publish","4":"has-post-thumbnail","6":"product_cat-agitatorthickener-series","8":"first","9":"instock","10":"shipping-taxable","11":"product-type-simple"},"_links":{"self":[{"href":"https:\/\/www.chinanhd.com\/tr\/wp-json\/wp\/v2\/product\/2678","targetHints":{"allow":["GET"]}}],"collection":[{"href":"https:\/\/www.chinanhd.com\/tr\/wp-json\/wp\/v2\/product"}],"about":[{"href":"https:\/\/www.chinanhd.com\/tr\/wp-json\/wp\/v2\/types\/product"}],"replies":[{"embeddable":true,"href":"https:\/\/www.chinanhd.com\/tr\/wp-json\/wp\/v2\/comments?post=2678"}],"wp:featuredmedia":[{"embeddable":true,"href":"https:\/\/www.chinanhd.com\/tr\/wp-json\/wp\/v2\/media\/2679"}],"wp:attachment":[{"href":"https:\/\/www.chinanhd.com\/tr\/wp-json\/wp\/v2\/media?parent=2678"}],"wp:term":[{"taxonomy":"product_brand","embeddable":true,"href":"https:\/\/www.chinanhd.com\/tr\/wp-json\/wp\/v2\/product_brand?post=2678"},{"taxonomy":"product_cat","embeddable":true,"href":"https:\/\/www.chinanhd.com\/tr\/wp-json\/wp\/v2\/product_cat?post=2678"},{"taxonomy":"product_tag","embeddable":true,"href":"https:\/\/www.chinanhd.com\/tr\/wp-json\/wp\/v2\/product_tag?post=2678"}],"curies":[{"name":"wp","href":"https:\/\/api.w.org\/{rel}","templated":true}]}}