{"id":2685,"date":"2025-04-11T15:52:14","date_gmt":"2025-04-11T07:52:14","guid":{"rendered":"https:\/\/www.chinanhd.com\/?post_type=product&#038;p=2685"},"modified":"2025-12-18T16:44:17","modified_gmt":"2025-12-18T08:44:17","slug":"otomatik-yaprak-filtresi","status":"publish","type":"product","link":"https:\/\/www.chinanhd.com\/tr\/product\/otomatik-yaprak-filtresi\/","title":{"rendered":"Otomatik yaprak filtresi"},"content":{"rendered":"<p>NHD yaprak filtre temel olarak tekne, ba\u015fl\u0131k, filtre eleman\u0131, s\u0131v\u0131 toplama manifoldu, y\u00fcksek seviye tank\u0131, bas\u0131n\u00e7 tahliye kab\u0131 ve hidrolik h\u0131zl\u0131 a\u00e7ma cihaz\u0131ndan olu\u015fur. Filtre eleman\u0131, s\u0131v\u0131 toplama borusu ile monte edilen paslanmaz \u00e7elik delikli plaka ile sar\u0131lm\u0131\u015f plastik \u0131zgaralardan yap\u0131lm\u0131\u015ft\u0131r.<\/p>\n<p>Filtrasyon s\u0131ras\u0131nda, bulama\u00e7 kab\u0131na pompalan\u0131r, kaba bulama\u00e7ta kat\u0131 ask\u0131ya al\u0131narak kuma\u015f y\u00fczeyinde ayr\u0131l\u0131r ve kek olu\u015fturur;<\/p>\n<p>&nbsp;<\/p>\n<p><span style=\"font-size: 14pt;\"><strong>Uygulamalar:<\/strong><\/span><\/p>\n<p>Yaprak filtresi kimyasal, petrol, boya, yiyecek ve farmas\u00f6tik vb. End\u00fcstrilerinde yayg\u0131n olarak uygulanabilir.<\/p>\n<p>&nbsp;<\/p>\n<p><span style=\"font-size: 14pt;\"><strong>Rekabet Avantaj\u0131:<\/strong><\/span><\/p>\n<ul>\n<li>Otomatik \u00e7al\u0131\u015fma, d\u00fc\u015f\u00fck emek g\u00fcc\u00fc, kolay \u00e7al\u0131\u015fma;<\/li>\n<li>Tam muhafaza, uzun kuma\u015f \u00f6mr\u00fc, s\u0131z\u0131nt\u0131 ve \u00e7evre kirlili\u011fi yok:<\/li>\n<li>Y\u00fcksek verimli kendi kendini temizleme, geri y\u0131kama kek de\u015farj\u0131, su t\u00fcketimi olmadan kuma\u015f geri kazan\u0131m\u0131 ve buharla\u015fma y\u00fck\u00fcn\u00fcn etkili bir \u015fekilde azalt\u0131lmas\u0131;<\/li>\n<li>Dokunmatik ekranl\u0131 PLC, g\u00fcvenilir kontrol;<\/li>\n<li>E\u015fsiz \u00fc\u00e7l\u00fc bas\u0131n\u00e7, kesinlikle g\u00fcvenli olmas\u0131n\u0131 sa\u011flamak i\u00e7in filtrede a\u015f\u0131r\u0131 y\u00fckleme korumas\u0131;<\/li>\n<li>Hidrolik H\u0131zl\u0131 A\u00e7\u0131k Cihaz: A\u00e7\u0131lmas\u0131 kolay kafa;<\/li>\n<li>Y\u00fcksek konsantrasyonlu \u00e7amur: Filtre kek, bezden s\u0131yr\u0131ld\u0131ktan sonra geminin alt\u0131na yerle\u015fir ve bir sonraki d\u00f6ng\u00fcde uzun yerle\u015fim s\u00fcresiyle bo\u015falt\u0131lacakt\u0131r:<\/li>\n<li>\u0130zolasyon valfleri, anormal olu\u015ftu\u011funda hemen tek elementin izolasyona girmesi i\u00e7in donat\u0131lm\u0131\u015ft\u0131r; iyi dinamik ve uzun \u00f6m\u00fcrl\u00fc g\u00fcvenilir \u00f6zel pn\u00f6matik valf:<\/li>\n<li>Polimer filtre elemanlar\u0131n\u0131n kullan\u0131m\u0131 filtrasyon hassasiyetini artt\u0131r\u0131r<\/li>\n<\/ul>","protected":false},"excerpt":{"rendered":"<p>NHD leaf filter mainly consists of vessel, head, filter element, liquid collecting manifold, high level tank, pressure relief pot and hydraulic fast open device etc. The filter element is made of plastic grids wrapped by stainless steel perforated plate, which is installed with collecting liquid tube. During filtration, slurry is pumped into vessel, suspending \u00a0solid [&hellip;]<\/p>\n","protected":false},"featured_media":2687,"comment_status":"open","ping_status":"closed","template":"","meta":[],"product_brand":[],"product_cat":[15],"product_tag":[],"class_list":{"0":"post-2685","1":"product","2":"type-product","3":"status-publish","4":"has-post-thumbnail","6":"product_cat-filter-series","8":"first","9":"instock","10":"shipping-taxable","11":"product-type-simple"},"_links":{"self":[{"href":"https:\/\/www.chinanhd.com\/tr\/wp-json\/wp\/v2\/product\/2685","targetHints":{"allow":["GET"]}}],"collection":[{"href":"https:\/\/www.chinanhd.com\/tr\/wp-json\/wp\/v2\/product"}],"about":[{"href":"https:\/\/www.chinanhd.com\/tr\/wp-json\/wp\/v2\/types\/product"}],"replies":[{"embeddable":true,"href":"https:\/\/www.chinanhd.com\/tr\/wp-json\/wp\/v2\/comments?post=2685"}],"wp:featuredmedia":[{"embeddable":true,"href":"https:\/\/www.chinanhd.com\/tr\/wp-json\/wp\/v2\/media\/2687"}],"wp:attachment":[{"href":"https:\/\/www.chinanhd.com\/tr\/wp-json\/wp\/v2\/media?parent=2685"}],"wp:term":[{"taxonomy":"product_brand","embeddable":true,"href":"https:\/\/www.chinanhd.com\/tr\/wp-json\/wp\/v2\/product_brand?post=2685"},{"taxonomy":"product_cat","embeddable":true,"href":"https:\/\/www.chinanhd.com\/tr\/wp-json\/wp\/v2\/product_cat?post=2685"},{"taxonomy":"product_tag","embeddable":true,"href":"https:\/\/www.chinanhd.com\/tr\/wp-json\/wp\/v2\/product_tag?post=2685"}],"curies":[{"name":"wp","href":"https:\/\/api.w.org\/{rel}","templated":true}]}}