{"id":2842,"date":"2025-04-29T10:12:20","date_gmt":"2025-04-29T02:12:20","guid":{"rendered":"https:\/\/www.chinanhd.com\/?post_type=product&#038;p=2842"},"modified":"2025-12-18T16:44:17","modified_gmt":"2025-12-18T08:44:17","slug":"becofil-mum-filtresi","status":"publish","type":"product","link":"https:\/\/www.chinanhd.com\/tr\/product\/becofil-mum-filtresi\/","title":{"rendered":"BECOFIL Mum Filtresi"},"content":{"rendered":"<p>2005 y\u0131l\u0131nda NHD, BECOFIL mum filtrelerinin montaj\u0131 i\u00e7in Begg Cousland ile i\u015fbirli\u011fi yapmaya ba\u015flad\u0131. Temel bile\u015fenler hala Begg Cousland'dan ithal edilirken, NHD kalitenin orijinal ithal filtrelerle e\u015fle\u015fmesini sa\u011flamaktad\u0131r.<\/p>\n<p>Begg Cousland Company'nin merkezi, 150 y\u0131l\u0131 a\u015fk\u0131n bir ge\u00e7mi\u015fe sahip olan Glasgow, \u0130sko\u00e7ya'da bulunmaktad\u0131r. Begg Cousland, end\u00fcstriyel hava kirlili\u011fi kontrol\u00fc ve proses i\u00e7i filtrasyon i\u00e7in tel ve fiber bazl\u0131 geni\u015f bir \u00fcr\u00fcn yelpazesi sunan Bu\u011fu Gidericilerin tasar\u0131m\u0131 ve \u00fcretiminde uzmanla\u015fm\u0131\u015ft\u0131r. Begg Cousland, ICI taraf\u0131ndan lisansl\u0131 tek fiber mum filtre \u00fcreticisidir ve Lurgi Company i\u00e7in 99% \u0131slak olmayan mum filtre tedarik etmi\u015ftir.<\/p>\n<p>Begg Cousland'\u0131n bug\u00fcne kadar d\u00fcnya \u00e7ap\u0131nda y\u00fczlerce uygulamas\u0131 bulunmaktad\u0131r ve BECOFIL mum filtresi s\u00fcrekli olarak geli\u015ftirilmi\u015ftir. Filtrede kullan\u0131lan elyaflar 7 mikrometre kadar k\u00fc\u00e7\u00fck olabilmekte ve end\u00fcstriyel emisyon gereksinimlerini kar\u015f\u0131layarak mikro boyutlu bu\u011fuyu gidermek i\u00e7in \u00f6zel bir i\u015flemle y\u00f6nl\u00fc olarak d\u00fczenlenmektedir. Begg Cousland filtreleri kapasite, bas\u0131n\u00e7 kayb\u0131 ve verimlilik gibi \u00f6zelliklere g\u00f6re tasarlamaktad\u0131r.<\/p>\n<p>&nbsp;<\/p>\n<p><strong>Uygulamalar:<\/strong><\/p>\n<ul>\n<li>S\u00fclf\u00fcrik asit tesisleri (kurutma kulesi, birincil\/ikincil absorpsiyon kuleleri)<\/li>\n<li>Klor-alkali i\u015flemleri (\u0131slak\/kuru klor, hidrojen, konsantre NaOH i\u015flemi)<\/li>\n<li>Yard\u0131mc\u0131 sistemler (d\u00fc\u015f\u00fck s\u0131cakl\u0131kl\u0131 at\u0131k \u0131s\u0131 geri kazan\u0131m kuleleri, kar\u0131\u015f\u0131k gaz y\u0131kama kuleleri)<\/li>\n<\/ul>\n<p>&nbsp;<\/p>\n<p><strong>Rekabet Avantaj\u0131:<\/strong><\/p>\n<ol>\n<li>D\u00fc\u015f\u00fck bas\u0131n\u00e7 d\u00fc\u015f\u00fc\u015f\u00fcnde maksimum bu\u011fu giderme i\u00e7in optimum se\u00e7ilmi\u015f elyaflar ve paketleme yo\u011funlu\u011fu kullan\u0131larak ICI lisansl\u0131 teknoloji ile \u00fcretilmi\u015ftir.<\/li>\n<li>Benzersiz 5 a\u015famal\u0131 s\u0131k\u0131\u015ft\u0131rma i\u015flemi (tartma, kal\u0131plama, 150 mm aral\u0131klarla hidrolik s\u0131k\u0131\u015ft\u0131rma, \u0131s\u0131tma, kal\u0131ptan \u00e7\u0131karma) e\u015fit yo\u011funluk da\u011f\u0131l\u0131m\u0131 sa\u011flar.<\/li>\n<li>T\u00fcm metal bile\u015fenler, daha uzun hizmet \u00f6mr\u00fc i\u00e7in VITON contalarla birlikte 316L gibi korozyon \u00f6nleyici malzemeler kullan\u0131r.<\/li>\n<\/ol>\n<p>&nbsp;<\/p>","protected":false},"excerpt":{"rendered":"<p>BECOFIL mum Filtre, bir t\u00fcr y\u00fcksek verimli ve d\u00fc\u015f\u00fck bas\u0131n\u00e7 kay\u0131pl\u0131 ekipmand\u0131r, deniz suyu buharla\u015ft\u0131r\u0131c\u0131, bas\u0131n\u00e7l\u0131 hava sistemi, gaz emisyon sistemi, dam\u0131tma kulesi, knock-out tamburu, ovma kulesi, paketleme kulesi vb. alanlarda yayg\u0131n olarak kullan\u0131labilir.<\/p>","protected":false},"featured_media":2843,"comment_status":"open","ping_status":"closed","template":"","meta":[],"product_brand":[],"product_cat":[31],"product_tag":[],"class_list":{"0":"post-2842","1":"product","2":"type-product","3":"status-publish","4":"has-post-thumbnail","6":"product_cat-desulfurization-equipment-series","8":"first","9":"instock","10":"shipping-taxable","11":"product-type-simple"},"_links":{"self":[{"href":"https:\/\/www.chinanhd.com\/tr\/wp-json\/wp\/v2\/product\/2842","targetHints":{"allow":["GET"]}}],"collection":[{"href":"https:\/\/www.chinanhd.com\/tr\/wp-json\/wp\/v2\/product"}],"about":[{"href":"https:\/\/www.chinanhd.com\/tr\/wp-json\/wp\/v2\/types\/product"}],"replies":[{"embeddable":true,"href":"https:\/\/www.chinanhd.com\/tr\/wp-json\/wp\/v2\/comments?post=2842"}],"wp:featuredmedia":[{"embeddable":true,"href":"https:\/\/www.chinanhd.com\/tr\/wp-json\/wp\/v2\/media\/2843"}],"wp:attachment":[{"href":"https:\/\/www.chinanhd.com\/tr\/wp-json\/wp\/v2\/media?parent=2842"}],"wp:term":[{"taxonomy":"product_brand","embeddable":true,"href":"https:\/\/www.chinanhd.com\/tr\/wp-json\/wp\/v2\/product_brand?post=2842"},{"taxonomy":"product_cat","embeddable":true,"href":"https:\/\/www.chinanhd.com\/tr\/wp-json\/wp\/v2\/product_cat?post=2842"},{"taxonomy":"product_tag","embeddable":true,"href":"https:\/\/www.chinanhd.com\/tr\/wp-json\/wp\/v2\/product_tag?post=2842"}],"curies":[{"name":"wp","href":"https:\/\/api.w.org\/{rel}","templated":true}]}}