{"id":2850,"date":"2025-04-29T15:34:48","date_gmt":"2025-04-29T07:34:48","guid":{"rendered":"https:\/\/www.chinanhd.com\/?post_type=product&#038;p=2850"},"modified":"2025-12-18T16:44:17","modified_gmt":"2025-12-18T08:44:17","slug":"becoflex-doner-fircali-yikayici","status":"publish","type":"product","link":"https:\/\/www.chinanhd.com\/tr\/product\/becoflex-doner-fircali-yikayici\/","title":{"rendered":"BECOFLEX D\u00f6ner F\u0131r\u00e7al\u0131 Y\u0131kay\u0131c\u0131"},"content":{"rendered":"<p>BECOFLEX D\u00f6ner F\u0131r\u00e7al\u0131 Y\u0131kay\u0131c\u0131n\u0131n \u00e7al\u0131\u015fma prensibi, \u00f6zel bir salyangoz fan muhafazas\u0131 i\u00e7inde y\u00fcksek h\u0131zda d\u00f6nen ve b\u00f6ylece son derece dinamik bir gaz temas\u0131 olu\u015fturan \u0131slat\u0131lm\u0131\u015f bir fiber f\u0131r\u00e7ad\u0131r. Kirli egzoz gaz\u0131 ak\u0131\u015f\u0131ndaki partik\u00fcller, d\u00f6ner f\u0131r\u00e7a taraf\u0131ndan \u00fcretilen emi\u015f ile \u00fcnitenin i\u00e7ine \u00e7ekilir ve d\u00f6nen f\u0131r\u00e7a lifleri ile y\u00fcksek h\u0131zda \u00e7arp\u0131\u015farak iyice \u0131slan\u0131rlar. Bir sonraki etki, partik\u00fcllerin santrif\u00fcjle y\u0131kanarak salyangozun \u0131slat\u0131lm\u0131\u015f i\u00e7 y\u00fczeyine \u00e7arpmas\u0131d\u0131r. Ortaya \u00e7\u0131kan bulama\u00e7 daha sonra \u00e7\u0131k\u0131\u015f kanal\u0131n\u0131n alt k\u0131sm\u0131 boyunca ay\u0131rma kab\u0131na do\u011fru itilir ve burada yer\u00e7ekimi ile uzakla\u015ft\u0131rma veya yeniden dola\u015f\u0131m i\u00e7in dibe d\u00fc\u015fer. Bu s\u0131rada temizlenmi\u015f (\u0131slak) gaz kanaldan yukar\u0131ya, ay\u0131rma kab\u0131na ve \u00fcst gaz \u00e7\u0131k\u0131\u015f\u0131na do\u011fru akar.<\/p>\n<p>Genellikle s\u00fcr\u00fcklenen s\u0131v\u0131 damlac\u0131klar\u0131n\u0131 gidermek i\u00e7in bir \"Becofil\" bu\u011fu \u00e7\u00f6z\u00fcc\u00fc tak\u0131l\u0131r.<\/p>\n<p>&nbsp;<\/p>\n<p><strong>Uygulamalar:<\/strong><\/p>\n<p>Kat\u0131 maddeleri (kaba veya ince) gidermek, s\u0131v\u0131 partik\u00fclleri (aerosoller veya damlac\u0131klar) azaltmak veya end\u00fcstriyel gaz ak\u0131\u015f\u0131nda bulunan zararl\u0131 gaz\u0131 temizlemek i\u00e7in.<\/p>\n<p>&nbsp;<\/p>\n<p><strong>Rekabet Avantaj\u0131:<\/strong><\/p>\n<ul>\n<li>BECOFLEX D\u00f6ner F\u0131r\u00e7al\u0131 Y\u0131kay\u0131c\u0131, gaz veya havan\u0131n sadece az miktarda s\u0131v\u0131 p\u00fcsk\u00fcrt\u00fclerek d\u00f6nen f\u0131r\u00e7alara \u00e7arpt\u0131\u011f\u0131, kendi kendini temizleyen bir \u0131slak gaz y\u0131kay\u0131c\u0131d\u0131r. Bu dinamik d\u00f6n\u00fc\u015f, gaz ve s\u0131v\u0131 aras\u0131nda m\u00fckemmel temas sa\u011flar ve ekipman yap\u0131s\u0131 \u00e7ok kompaktt\u0131r.<\/li>\n<li>Geleneksel dolgulu kuleler veya \u0131slak siklon ay\u0131r\u0131c\u0131larla kar\u015f\u0131la\u015ft\u0131r\u0131ld\u0131\u011f\u0131nda, kat\u0131 partik\u00fclleri \u00e7\u0131kar\u0131rken daha az temizleme s\u0131v\u0131s\u0131 gerektirir.<\/li>\n<li>Koku emisyonlar\u0131n\u0131 kontrol etmek amac\u0131yla gaz y\u0131kama i\u00e7in su veya kimyasal \u00e7\u00f6zeltiler kullanabilir.<\/li>\n<li>Takip eden ikinci a\u015fama, bu\u011fu giderme veya gaz emme i\u00e7in salmastra veya di\u011fer cihazlarla donat\u0131labilir (ilk a\u015famadaki f\u0131r\u00e7alar kat\u0131 t\u0131kanma riskini zaten ortadan kald\u0131rm\u0131\u015ft\u0131r).<\/li>\n<li>F\u0131r\u00e7alar taraf\u0131ndan \u00fcretilen emi\u015f, kendi bas\u0131n\u00e7 kayb\u0131ndan \u00e7ok daha b\u00fcy\u00fck oldu\u011fu i\u00e7in kendi fan i\u015flevine sahiptir. Bu, m\u00fc\u015fterilerin ek fan sat\u0131n almas\u0131na gerek olmad\u0131\u011f\u0131 ve m\u00fc\u015fterinin mevcut proses hatlar\u0131na kolayca entegre edilebilece\u011fi anlam\u0131na gelir ve gaz ar\u0131tma modifikasyonunu \u00e7ok uygun hale getirir.<\/li>\n<li>Kat\u0131 partik\u00fclleri gidermek ve bu\u011fu \u00e7\u00f6z\u00fcc\u00fcleri korumak i\u00e7in bu\u011fu \u00e7\u00f6z\u00fcc\u00fclerden \u00f6nce bir \u00f6n filtre olarak monte edilebilir.<\/li>\n<\/ul>","protected":false},"excerpt":{"rendered":"<p>BECOFLEX D\u00f6ner F\u0131r\u00e7al\u0131 Y\u0131kay\u0131c\u0131, kat\u0131 maddeleri (kaba veya ince) gidermek, s\u0131v\u0131 partik\u00fclleri (aerosoller veya damlac\u0131klar) azaltmak veya end\u00fcstriyel gaz ak\u0131\u015f\u0131nda bulunan zararl\u0131 gaz\u0131 temizlemek i\u00e7in evrensel, entegre bir y\u0131kay\u0131c\u0131 sistemidir.<\/p>","protected":false},"featured_media":2851,"comment_status":"open","ping_status":"closed","template":"","meta":[],"product_brand":[],"product_cat":[31],"product_tag":[],"class_list":{"0":"post-2850","1":"product","2":"type-product","3":"status-publish","4":"has-post-thumbnail","6":"product_cat-desulfurization-equipment-series","8":"first","9":"instock","10":"shipping-taxable","11":"product-type-simple"},"_links":{"self":[{"href":"https:\/\/www.chinanhd.com\/tr\/wp-json\/wp\/v2\/product\/2850","targetHints":{"allow":["GET"]}}],"collection":[{"href":"https:\/\/www.chinanhd.com\/tr\/wp-json\/wp\/v2\/product"}],"about":[{"href":"https:\/\/www.chinanhd.com\/tr\/wp-json\/wp\/v2\/types\/product"}],"replies":[{"embeddable":true,"href":"https:\/\/www.chinanhd.com\/tr\/wp-json\/wp\/v2\/comments?post=2850"}],"wp:featuredmedia":[{"embeddable":true,"href":"https:\/\/www.chinanhd.com\/tr\/wp-json\/wp\/v2\/media\/2851"}],"wp:attachment":[{"href":"https:\/\/www.chinanhd.com\/tr\/wp-json\/wp\/v2\/media?parent=2850"}],"wp:term":[{"taxonomy":"product_brand","embeddable":true,"href":"https:\/\/www.chinanhd.com\/tr\/wp-json\/wp\/v2\/product_brand?post=2850"},{"taxonomy":"product_cat","embeddable":true,"href":"https:\/\/www.chinanhd.com\/tr\/wp-json\/wp\/v2\/product_cat?post=2850"},{"taxonomy":"product_tag","embeddable":true,"href":"https:\/\/www.chinanhd.com\/tr\/wp-json\/wp\/v2\/product_tag?post=2850"}],"curies":[{"name":"wp","href":"https:\/\/api.w.org\/{rel}","templated":true}]}}