{"id":2867,"date":"2025-04-29T16:09:50","date_gmt":"2025-04-29T08:09:50","guid":{"rendered":"https:\/\/www.chinanhd.com\/?post_type=product&#038;p=2867"},"modified":"2025-12-18T16:44:18","modified_gmt":"2025-12-18T08:44:18","slug":"2867","status":"publish","type":"product","link":"https:\/\/www.chinanhd.com\/tr\/product\/2867\/","title":{"rendered":"HD-1 Y\u00fcksek silikonlu Paslanmaz \u00c7elik"},"content":{"rendered":"<p><strong>Uygulamalar:<\/strong><\/p>\n<p>Asit da\u011f\u0131t\u0131c\u0131lar\u0131n\u0131n \u00fcretimine ek olarak, HD-1 y\u00fcksek silikon paslanmaz \u00e7elik, s\u00fclf\u00fcrik asit tesislerinin kurutma ve emim b\u00f6l\u00fcmlerinde yayg\u0131n olarak kullan\u0131l\u0131r: kurutma kuleleri, emim kuleleri, filtreler, ambalaj destek \u0131zgara plakalar\u0131, dola\u015f\u0131m tanklar\u0131, kaynakl\u0131 borular, dirsekler ve red\u00fckt\u00f6rler, flan\u015flar ve kollar, anti-dalga ak\u0131m cihazlar\u0131 vb. Alandaki en eski birimler on y\u0131ldan fazla bir s\u00fcredir \u00e7al\u0131\u015f\u0131yor ve kullan\u0131c\u0131lar normal performans ve fark edilebilir bir korozyon sorunu bildirmiyor.<\/p>\n<p><strong>\u00a0<\/strong><\/p>\n<p><strong>Rekabet Avantaj\u0131:<\/strong><\/p>\n<p>1. Geli\u015fmi\u015f Malzeme Geli\u015ftirme<\/p>\n<ul>\n<li>Yabanc\u0131 y\u00fcksek Si teknolojisini on y\u0131llarca uzmanl\u0131k ile birle\u015ftirir.<\/li>\n<li>Ark erime, VOD rafine, haddeleme ve boru \u00e7izimi yoluyla \u00fcretilir.<\/li>\n<\/ul>\n<p><strong>\u00a0<\/strong><\/p>\n<p>2. \u00dcst\u00fcn Performans<\/p>\n<ul>\n<li>Geli\u015ftirilmi\u015f mekanik \u00f6zellikler \u00e7\u00f6z\u00fcm tedavisi sonras\u0131.<\/li>\n<li>M\u00fckemmel kaynak ve so\u011fuk \/ s\u0131cak \u015fekillendirme uyumlulu\u011fu.<\/li>\n<\/ul>\n<p>&nbsp;<\/p>\n<p>3. End\u00fcstriye \u00d6zel \u00c7\u00f6z\u00fcm<\/p>\n<ul>\n<li>S\u00fclf\u00fcrik asit ekipmanlar\u0131n\u0131n k\u0131sa \u00f6mr\u00fcn\u00fc \u00e7\u00f6z\u00fcr (y\u00fcksek s\u0131cakl\u0131k \/ konsantrasyon).<\/li>\n<li>Maliyet etkili kompozit flan\u015flar (HD-1 316L\/304).<\/li>\n<\/ul>\n<p>&nbsp;<\/p>\n<p>4. Kaynak \u00d6zellikleri<\/p>\n<ul style=\"list-style-type: disc;\">\n<li>\u00d6zel e\u015fle\u015ftirilmi\u015f dolum telleri ile manuel TIG kaynak.<\/li>\n<\/ul>","protected":false},"excerpt":{"rendered":"<p>HD-1 y\u00fcksek silikonlu paslanmaz \u00e7elik, New Hongda ve \u00c7in Bilimler Akademisi Metal Ara\u015ft\u0131rma Enstit\u00fcs\u00fc taraf\u0131ndan ortakla\u015fa geli\u015ftirilen korozyona dayan\u0131kl\u0131 yeni bir malzemedir. Y\u00fcksek s\u0131cakl\u0131ktaki konsantre s\u00fclf\u00fcrik asit uygulamalar\u0131nda m\u00fckemmel uzun vadeli performans g\u00f6sterir.<\/p>","protected":false},"featured_media":2868,"comment_status":"open","ping_status":"closed","template":"","meta":[],"product_brand":[],"product_cat":[34],"product_tag":[],"class_list":{"0":"post-2867","1":"product","2":"type-product","3":"status-publish","4":"has-post-thumbnail","6":"product_cat-material-series","8":"first","9":"instock","10":"shipping-taxable","11":"product-type-simple"},"_links":{"self":[{"href":"https:\/\/www.chinanhd.com\/tr\/wp-json\/wp\/v2\/product\/2867","targetHints":{"allow":["GET"]}}],"collection":[{"href":"https:\/\/www.chinanhd.com\/tr\/wp-json\/wp\/v2\/product"}],"about":[{"href":"https:\/\/www.chinanhd.com\/tr\/wp-json\/wp\/v2\/types\/product"}],"replies":[{"embeddable":true,"href":"https:\/\/www.chinanhd.com\/tr\/wp-json\/wp\/v2\/comments?post=2867"}],"wp:featuredmedia":[{"embeddable":true,"href":"https:\/\/www.chinanhd.com\/tr\/wp-json\/wp\/v2\/media\/2868"}],"wp:attachment":[{"href":"https:\/\/www.chinanhd.com\/tr\/wp-json\/wp\/v2\/media?parent=2867"}],"wp:term":[{"taxonomy":"product_brand","embeddable":true,"href":"https:\/\/www.chinanhd.com\/tr\/wp-json\/wp\/v2\/product_brand?post=2867"},{"taxonomy":"product_cat","embeddable":true,"href":"https:\/\/www.chinanhd.com\/tr\/wp-json\/wp\/v2\/product_cat?post=2867"},{"taxonomy":"product_tag","embeddable":true,"href":"https:\/\/www.chinanhd.com\/tr\/wp-json\/wp\/v2\/product_tag?post=2867"}],"curies":[{"name":"wp","href":"https:\/\/api.w.org\/{rel}","templated":true}]}}