{"id":2882,"date":"2025-04-29T16:41:52","date_gmt":"2025-04-29T08:41:52","guid":{"rendered":"https:\/\/www.chinanhd.com\/?post_type=product&#038;p=2882"},"modified":"2025-12-18T16:44:18","modified_gmt":"2025-12-18T08:44:18","slug":"disk-filtre","status":"publish","type":"product","link":"https:\/\/www.chinanhd.com\/tr\/product\/disk-filtre\/","title":{"rendered":"Disk Filtre"},"content":{"rendered":"<p>Son y\u0131llarda yap\u0131lan \u00e7ok say\u0131da teknolojik y\u00fckseltme ve yenilik sayesinde, NHD disk filtreleri art\u0131k giderek daha \u00fcst\u00fcn genel performansa sahip olgun bir a\u015famaya ula\u015fm\u0131\u015ft\u0131r. Daha \u00f6nceki filtre modellerinde meydana gelen malzeme s\u0131z\u0131nt\u0131s\u0131, d\u00f6k\u00fclme, damlama ve s\u0131z\u0131nt\u0131 gibi yayg\u0131n sorunlar\u0131 etkili bir \u015fekilde \u00e7\u00f6zd\u00fck. Ayn\u0131 zamanda, ekipman\u0131n hem estetik tasar\u0131m\u0131n\u0131 hem de operasyonel ergonomisini s\u00fcrekli olarak geli\u015ftirmeye odakland\u0131k ve daha temiz \u00e7al\u0131\u015fma, daha y\u00fcksek otomasyon ve uluslararas\u0131 standartlara do\u011fru s\u00fcrekli ilerlemesini sa\u011flad\u0131k.<\/p>\n<p>&nbsp;<\/p>\n<p><strong>Uygulamalar:<\/strong><\/p>\n<p>NHD disk filtreleri, al\u00fcminyum hidroksitin kostik \u00e7\u00f6zeltilerden ayr\u0131\u015ft\u0131r\u0131lmas\u0131 i\u00e7in al\u00fcmina end\u00fcstrisinde ba\u015far\u0131yla kullan\u0131lmaktad\u0131r. Bu birincil uygulaman\u0131n \u00f6tesinde, bu filtreler metal\u00fcrji, \u00e7evre koruma, mineral y\u0131kama ve ka\u011f\u0131t \u00fcretimi dahil olmak \u00fczere bir\u00e7ok end\u00fcstride giderek daha fazla benimsenmektedir.<\/p>\n<p>&nbsp;<\/p>\n<p><strong>Rekabet Avantaj\u0131:<\/strong><\/p>\n<ul>\n<li>Geni\u015f uygulama aral\u0131\u011f\u0131, zenginle\u015ftirme, al\u00fcmina, kimyasallar vb. i\u00e7in filtreleme i\u015fleminde kullan\u0131labilir.<\/li>\n<li>B\u00fcy\u00fck \u00fcretim kapasitesi, y\u00fcksek verimlilik<\/li>\n<li>B\u00fcy\u00fck disk \u00e7ap\u0131, daha fazla temas y\u00fczeyi<\/li>\n<li>Filtrat ak\u0131\u015f\u0131n\u0131 h\u0131zland\u0131ran deneyimler alt\u0131nda da\u011f\u0131t\u0131m borusu ve da\u011f\u0131t\u0131m valfinin optimize edilmi\u015f tasar\u0131m\u0131.<\/li>\n<li>y\u00fcksek d\u00f6n\u00fc\u015f h\u0131z\u0131, kolay bak\u0131m ve kurulum.<\/li>\n<li>Filtreleme birimi metrekare ba\u015f\u0131na daha k\u00fc\u00e7\u00fck kullan\u0131m alan\u0131 ve at\u00f6lye i\u00e7in daha d\u00fc\u015f\u00fck maliyet<\/li>\n<li>D\u00fc\u015f\u00fck i\u015fletme maliyeti<\/li>\n<\/ul>","protected":false},"excerpt":{"rendered":"<p>Disk filtre, kat\u0131y\u0131 s\u0131v\u0131dan h\u0131zl\u0131 ve s\u00fcrekli bir \u015fekilde ay\u0131rmak i\u00e7in vakum pompas\u0131 taraf\u0131ndan sa\u011flanan negatif bas\u0131nc\u0131 kullanan, ortam olarak filtre bezine sahip bir filtreleme ekipman\u0131d\u0131r. Metalurji, madencilik, kimya, \u00e7evre koruma vb. end\u00fcstrilerde zaten yayg\u0131n olarak kullan\u0131lmaktad\u0131r.<\/p>","protected":false},"featured_media":2883,"comment_status":"open","ping_status":"closed","template":"","meta":[],"product_brand":[],"product_cat":[15],"product_tag":[],"class_list":{"0":"post-2882","1":"product","2":"type-product","3":"status-publish","4":"has-post-thumbnail","6":"product_cat-filter-series","8":"first","9":"instock","10":"shipping-taxable","11":"product-type-simple"},"_links":{"self":[{"href":"https:\/\/www.chinanhd.com\/tr\/wp-json\/wp\/v2\/product\/2882","targetHints":{"allow":["GET"]}}],"collection":[{"href":"https:\/\/www.chinanhd.com\/tr\/wp-json\/wp\/v2\/product"}],"about":[{"href":"https:\/\/www.chinanhd.com\/tr\/wp-json\/wp\/v2\/types\/product"}],"replies":[{"embeddable":true,"href":"https:\/\/www.chinanhd.com\/tr\/wp-json\/wp\/v2\/comments?post=2882"}],"wp:featuredmedia":[{"embeddable":true,"href":"https:\/\/www.chinanhd.com\/tr\/wp-json\/wp\/v2\/media\/2883"}],"wp:attachment":[{"href":"https:\/\/www.chinanhd.com\/tr\/wp-json\/wp\/v2\/media?parent=2882"}],"wp:term":[{"taxonomy":"product_brand","embeddable":true,"href":"https:\/\/www.chinanhd.com\/tr\/wp-json\/wp\/v2\/product_brand?post=2882"},{"taxonomy":"product_cat","embeddable":true,"href":"https:\/\/www.chinanhd.com\/tr\/wp-json\/wp\/v2\/product_cat?post=2882"},{"taxonomy":"product_tag","embeddable":true,"href":"https:\/\/www.chinanhd.com\/tr\/wp-json\/wp\/v2\/product_tag?post=2882"}],"curies":[{"name":"wp","href":"https:\/\/api.w.org\/{rel}","templated":true}]}}