{"id":2889,"date":"2025-04-29T16:52:14","date_gmt":"2025-04-29T08:52:14","guid":{"rendered":"https:\/\/www.chinanhd.com\/?post_type=product&#038;p=2889"},"modified":"2026-01-08T14:11:36","modified_gmt":"2026-01-08T06:11:36","slug":"di%cc%87key-otomati%cc%87k-basincli-fi%cc%87ltre","status":"publish","type":"product","link":"https:\/\/www.chinanhd.com\/tr\/product\/di%cc%87key-otomati%cc%87k-basincli-fi%cc%87ltre\/","title":{"rendered":"Dikey Otomatik Bas\u0131n\u00e7 Filtresi"},"content":{"rendered":"<p>NHD, 10 y\u0131l\u0131 a\u015fk\u0131n ara\u015ft\u0131rma ve geli\u015ftirme \u00e7al\u0131\u015fmalar\u0131 ile filtre presinde bir\u00e7ok optimizasyon ve modifikasyon yapm\u0131\u015ft\u0131r. NHD, 10'dan fazla patent ba\u015fvurusunda bulundu ve \u00f6d\u00fcllendirildi (burada 5 inovasyon patenti). Fikri m\u00fclkiyet hakk\u0131na sahip yeni nesil filtre presi, yurti\u00e7i ve yurtd\u0131\u015f\u0131 projelerin b\u00fcy\u00fck birimlerinde yayg\u0131n olarak kullan\u0131ld\u0131. NHD, ulusal me\u015fale plan\u0131n\u0131n dikey otomatik filtre pres \u00fcretim \u00fcss\u00fc olmu\u015ftur.<\/p>\n<p>&nbsp;<\/p>\n<p><strong>Uygulamalar:<\/strong><\/p>\n<p>Demir d\u0131\u015f\u0131, eritme, titanyum dioksit, kimya, k\u00f6m\u00fcr ay\u0131rma, g\u0131da, porselen, ka\u011f\u0131t, \u015feker, boya, at\u0131k su ar\u0131tma end\u00fcstrilerinde geni\u015f uygulamalar. Y\u0131kama, filtreleme ve susuzla\u015ft\u0131rma yoluyla kat\u0131y\u0131 s\u0131v\u0131dan ay\u0131r\u0131r.<\/p>\n<p>&nbsp;<\/p>\n<p><strong>Rekabet Avantaj\u0131:<\/strong><\/p>\n<ul>\n<li>S\u00fcrekli \u00e7al\u0131\u015fma ve Y\u00fcksek Verim<\/li>\n<li>Kekte \u00e7ok d\u00fc\u015f\u00fck nem, hatta geleneksel kurutma i\u015flemi m\u00fcmk\u00fcnse enerji tasarrufu i\u00e7in ortadan kald\u0131r\u0131labilir<\/li>\n<li>\u0130yi bir etki elde etmek i\u00e7in ihtiyaca g\u00f6re y\u0131kama i\u015flemi eklenebilir<\/li>\n<li>Y\u00fcksek derecede otomasyon ve kendi kendine te\u015fhis ve alarm sistemi ile kolay kontrol aray\u00fcz\u00fc<\/li>\n<li>Kompakt yap\u0131, k\u00fc\u00e7\u00fck kaplama alan\u0131 ve at\u00f6lye i\u00e7in daha d\u00fc\u015f\u00fck yat\u0131r\u0131m<\/li>\n<\/ul>","protected":false},"excerpt":{"rendered":"<p>HDLY Dikey Otomatik Bas\u0131n\u00e7 Filtresi, New Hongda taraf\u0131ndan demir d\u0131\u015f\u0131, eritme, titanyum dioksit, kimya, k\u00f6m\u00fcr ay\u0131rma, g\u0131da, porselen, ka\u011f\u0131t, \u015feker, boya, at\u0131k su ar\u0131tma end\u00fcstrilerinde geni\u015f uygulamalarla yurti\u00e7i ve yurtd\u0131\u015f\u0131ndaki en son pres filtreleri teknolojisinin \u00f6z\u00fcmsenmesi ve sindirilmesi temelinde geli\u015ftirilmi\u015ftir. Y\u0131kama, filtreleme ve susuzla\u015ft\u0131rma ile kat\u0131y\u0131 s\u0131v\u0131dan ay\u0131r\u0131r.<\/p>\n<p>&nbsp;<\/p>","protected":false},"featured_media":2890,"comment_status":"open","ping_status":"closed","template":"","meta":[],"product_brand":[],"product_cat":[27],"product_tag":[43],"class_list":{"0":"post-2889","1":"product","2":"type-product","3":"status-publish","4":"has-post-thumbnail","6":"product_cat-automatic-press-filter-series","7":"product_tag-test","9":"first","10":"instock","11":"shipping-taxable","12":"product-type-simple"},"_links":{"self":[{"href":"https:\/\/www.chinanhd.com\/tr\/wp-json\/wp\/v2\/product\/2889","targetHints":{"allow":["GET"]}}],"collection":[{"href":"https:\/\/www.chinanhd.com\/tr\/wp-json\/wp\/v2\/product"}],"about":[{"href":"https:\/\/www.chinanhd.com\/tr\/wp-json\/wp\/v2\/types\/product"}],"replies":[{"embeddable":true,"href":"https:\/\/www.chinanhd.com\/tr\/wp-json\/wp\/v2\/comments?post=2889"}],"wp:featuredmedia":[{"embeddable":true,"href":"https:\/\/www.chinanhd.com\/tr\/wp-json\/wp\/v2\/media\/2890"}],"wp:attachment":[{"href":"https:\/\/www.chinanhd.com\/tr\/wp-json\/wp\/v2\/media?parent=2889"}],"wp:term":[{"taxonomy":"product_brand","embeddable":true,"href":"https:\/\/www.chinanhd.com\/tr\/wp-json\/wp\/v2\/product_brand?post=2889"},{"taxonomy":"product_cat","embeddable":true,"href":"https:\/\/www.chinanhd.com\/tr\/wp-json\/wp\/v2\/product_cat?post=2889"},{"taxonomy":"product_tag","embeddable":true,"href":"https:\/\/www.chinanhd.com\/tr\/wp-json\/wp\/v2\/product_tag?post=2889"}],"curies":[{"name":"wp","href":"https:\/\/api.w.org\/{rel}","templated":true}]}}