{"id":2896,"date":"2025-04-29T17:33:59","date_gmt":"2025-04-29T09:33:59","guid":{"rendered":"https:\/\/www.chinanhd.com\/?post_type=product&#038;p=2896"},"modified":"2025-12-18T16:44:18","modified_gmt":"2025-12-18T08:44:18","slug":"eh96-seri%cc%87si%cc%87-gazli-isitici-ust-kapi-modeli%cc%87-yan-kapi-modeli%cc%87","status":"publish","type":"product","link":"https:\/\/www.chinanhd.com\/tr\/product\/eh96-seri%cc%87si%cc%87-gazli-isitici-ust-kapi-modeli%cc%87-yan-kapi-modeli%cc%87\/","title":{"rendered":"EH96 Serisi Gazl\u0131 Is\u0131t\u0131c\u0131"},"content":{"rendered":"<p>Ekipman rasyonel bir tasar\u0131ma, operasyonel g\u00fcvenilirli\u011fe, dayan\u0131kl\u0131l\u0131\u011fa, gaz ge\u00e7irmez b\u00fct\u00fcnl\u00fc\u011fe ve kolay bak\u0131ma sahiptir.<\/p>\n<p>&nbsp;<\/p>\n<p><strong>Ana Performans<\/strong><\/p>\n<ul>\n<li>Gerilim: 380V<\/li>\n<li>Ba\u011flant\u0131 Tipi: \u25b3 , Y'nin<\/li>\n<li>Nominal G\u00fc\u00e7: 90-4800 kw<\/li>\n<li>Giri\u015fte Normal S\u0131cakl\u0131k: ortam s\u0131cakl\u0131\u011f\u0131 ila 400 \u2103 (hava, kuru SO2 gaz\u0131)<\/li>\n<li>\u00c7\u0131k\u0131\u015ftaki s\u0131cakl\u0131k: \u2264550\u2103<\/li>\n<li>S\u0131cakl\u0131k. Kontrol: Enerjilendirilmi\u015f elektrik gruplar\u0131n\u0131n say\u0131s\u0131n\u0131n de\u011fi\u015ftirilmesi<\/li>\n<\/ul>\n<p>&nbsp;<\/p>\n<p><strong>Uygulamalar:<\/strong><\/p>\n<p>Uygulama gazlar\u0131: hava, kuru SO2 gaz\u0131, yak\u0131t baca gaz\u0131<\/p>\n<p>&nbsp;<\/p>\n<p><strong><b>Rekabet Avantaj\u0131:<\/b><\/strong><\/p>\n<ul>\n<li>Uzun hizmet \u00f6mr\u00fc. Diren\u00e7 telinin yeni stil sar\u0131m\u0131, 95% \u0131s\u0131tma elemanlar\u0131ndan daha fazlas\u0131n\u0131 ak\u0131\u015fa maruz b\u0131rak\u0131r ve y\u00fcksek \u0131s\u0131tma transfer katsay\u0131s\u0131; d\u00fc\u015f\u00fck y\u00fczey y\u00fck\u00fc tasar\u0131m\u0131 telin k\u0131r\u0131lmas\u0131n\u0131 zorla\u015ft\u0131r\u0131r.<\/li>\n<li>Is\u0131tma elemanlar\u0131n\u0131n kolay de\u011fi\u015ftirilmesi; h\u0131zl\u0131 a\u00e7\u0131lan kap\u0131 yap\u0131s\u0131.<\/li>\n<li>Daha hafif; ayn\u0131 g\u00fc\u00e7teki \u00e7ek f\u0131r\u0131n\u0131n sadece 1\/3'\u00fc, korozyon \u00f6nleyici paslanmaz astarl\u0131 hafif i\u00e7 izolat\u00f6r.<\/li>\n<li>S\u0131cakl\u0131k e\u015fit aral\u0131kl\u0131d\u0131r; bir grup \u0131s\u0131tma eleman\u0131 durduktan sonra bile gaz e\u015fit \u015fekilde \u0131s\u0131t\u0131labilir.<\/li>\n<li>Enerji tasarrufu, h\u0131zl\u0131 s\u0131cakl\u0131k art\u0131\u015f\u0131 ve y\u00fcksek verimlilik.<\/li>\n<li>Boru hatt\u0131 kadar d\u00fc\u015f\u00fck bas\u0131n\u00e7 kayb\u0131.<\/li>\n<li>Ge\u00e7i\u015f \u00e7ubuklar\u0131 yal\u0131t\u0131m yan\u0131m\u0131n\u0131 \u00f6nler.<\/li>\n<li>Y\u00fcksek s\u0131cakl\u0131k ambalaj\u0131 hava ge\u00e7irmez kap\u0131lar\u0131 sa\u011flar.<\/li>\n<\/ul>","protected":false},"excerpt":{"rendered":"<p>Eh96 Serisi gazl\u0131 \u0131s\u0131t\u0131c\u0131, d\u00f6n\u00fc\u015ft\u00fcrme i\u015fleminde kullan\u0131lan yerli gazl\u0131 \u0131s\u0131t\u0131c\u0131y\u0131 analiz ederek ve yabanc\u0131 teknolojiyi \u00f6z\u00fcmseyerek, diren\u00e7 teli f\u0131r\u0131n\u0131n\u0131n \u00fcretim deneyimine dayanarak tasarlanm\u0131\u015f ve \u00fcretilmi\u015ftir. Gazl\u0131 \u0131s\u0131t\u0131c\u0131 ulusal bir patentle \u00f6d\u00fcllendirilmi\u015ftir. (Patent No. ZL96.2.31961.9)<\/p>","protected":false},"featured_media":2897,"comment_status":"open","ping_status":"closed","template":"","meta":[],"product_brand":[],"product_cat":[29],"product_tag":[],"class_list":{"0":"post-2896","1":"product","2":"type-product","3":"status-publish","4":"has-post-thumbnail","6":"product_cat-equipment-for-sulfuric-acid-industry","8":"first","9":"instock","10":"shipping-taxable","11":"product-type-simple"},"_links":{"self":[{"href":"https:\/\/www.chinanhd.com\/tr\/wp-json\/wp\/v2\/product\/2896","targetHints":{"allow":["GET"]}}],"collection":[{"href":"https:\/\/www.chinanhd.com\/tr\/wp-json\/wp\/v2\/product"}],"about":[{"href":"https:\/\/www.chinanhd.com\/tr\/wp-json\/wp\/v2\/types\/product"}],"replies":[{"embeddable":true,"href":"https:\/\/www.chinanhd.com\/tr\/wp-json\/wp\/v2\/comments?post=2896"}],"wp:featuredmedia":[{"embeddable":true,"href":"https:\/\/www.chinanhd.com\/tr\/wp-json\/wp\/v2\/media\/2897"}],"wp:attachment":[{"href":"https:\/\/www.chinanhd.com\/tr\/wp-json\/wp\/v2\/media?parent=2896"}],"wp:term":[{"taxonomy":"product_brand","embeddable":true,"href":"https:\/\/www.chinanhd.com\/tr\/wp-json\/wp\/v2\/product_brand?post=2896"},{"taxonomy":"product_cat","embeddable":true,"href":"https:\/\/www.chinanhd.com\/tr\/wp-json\/wp\/v2\/product_cat?post=2896"},{"taxonomy":"product_tag","embeddable":true,"href":"https:\/\/www.chinanhd.com\/tr\/wp-json\/wp\/v2\/product_tag?post=2896"}],"curies":[{"name":"wp","href":"https:\/\/api.w.org\/{rel}","templated":true}]}}