{"id":3019,"date":"2025-05-27T13:51:51","date_gmt":"2025-05-27T05:51:51","guid":{"rendered":"https:\/\/www.chinanhd.com\/?post_type=product&#038;p=3019"},"modified":"2025-12-18T16:44:18","modified_gmt":"2025-12-18T08:44:18","slug":"co-current-agitator","status":"publish","type":"product","link":"https:\/\/www.chinanhd.com\/tr\/product\/co-current-agitator\/","title":{"rendered":"E\u015f Ak\u0131ml\u0131 Kar\u0131\u015ft\u0131r\u0131c\u0131"},"content":{"rendered":"<p>PA reaksiyon tanklar\u0131nda, e\u015f ak\u0131ml\u0131 kar\u0131\u015ft\u0131r\u0131c\u0131 s\u0131v\u0131 ak\u0131\u015f\u0131yla neredeyse ayn\u0131 y\u00f6nde kuvvet \u00fcretir. Bu tasar\u0131m, d\u00fc\u015f\u00fck y\u00fczey konsantrasyonu gradyan\u0131 ile birle\u015fti\u011finde gaz korozyonunu ve \u015faft kirlenmesini \u00f6nemli \u00f6l\u00e7\u00fcde azalt\u0131r.<\/p>\n<p>&nbsp;<\/p>\n<p>Kar\u0131\u015ft\u0131r\u0131c\u0131 b\u0131\u00e7ak, h\u0131z a\u00e7\u0131s\u0131ndan kritik b\u00f6lgede optimum konumland\u0131rmaya g\u00f6re tasarlanm\u0131\u015ft\u0131r. PBT kar\u0131\u015ft\u0131r\u0131c\u0131lardan daha k\u00fc\u00e7\u00fck b\u0131\u00e7aklara sahip olmas\u0131na ra\u011fmen \u00fcst\u00fcn performans sunar. Ayr\u0131ca, kompakt kritik b\u00f6lge \u00e7ap\u0131 ve daha yava\u015f radyal ak\u0131m\u0131 tank duvar\u0131 hasar\u0131n\u0131 en aza indirerek reaksiyon tank\u0131n\u0131n hizmet \u00f6mr\u00fcn\u00fc uzat\u0131r.<\/p>\n<p>&nbsp;<\/p>\n<p><strong>Rekabet Avantaj\u0131:<\/strong><\/p>\n<p>NHD, laboratuvar \u00f6l\u00e7ekli testler, pilot testler ve \u00f6l\u00e7ek b\u00fcy\u00fctme deneyleri de dahil olmak \u00fczere farkl\u0131 \u00fcreticiler ve prosesler i\u00e7in deneysel gereksinimleri kar\u015f\u0131layabilecek eksiksiz bir \u00e7alkalama testi ekipman\u0131 yelpazesine sahiptir.<\/p>\n<p>&nbsp;<\/p>\n<p>\u0130leri Ar-Ge Teknolojileri:<\/p>\n<ul>\n<li>CFD ak\u0131\u015fkan analizi teknolojisi<\/li>\n<li>CFM bilgisayarl\u0131 ak\u0131\u015fkan kar\u0131\u015ft\u0131rma sim\u00fclasyon teknolojisi<\/li>\n<li>LDA lazer Doppler velosimetri teknolojisi<\/li>\n<li>FEA sonlu elemanlar analizi<\/li>\n<li>CAD 3D tasar\u0131m<\/li>\n<\/ul>","protected":false},"excerpt":{"rendered":"<p>In PA reaction tanks, the co-current agitator generates force in nearly the same direction as the fluid flow. This design, combined with low surface concentration gradient, significantly reduces gaseous corrosion and shaft fouling. &nbsp; The agitator blade is engineered based on optimal positioning in the speed-critical zone. Despite having smaller blades than PBT agitators, it [&hellip;]<\/p>\n","protected":false},"featured_media":3021,"comment_status":"open","ping_status":"closed","template":"","meta":[],"product_brand":[],"product_cat":[28],"product_tag":[],"class_list":{"0":"post-3019","1":"product","2":"type-product","3":"status-publish","4":"has-post-thumbnail","6":"product_cat-agitatorthickener-series","8":"first","9":"instock","10":"shipping-taxable","11":"product-type-simple"},"_links":{"self":[{"href":"https:\/\/www.chinanhd.com\/tr\/wp-json\/wp\/v2\/product\/3019","targetHints":{"allow":["GET"]}}],"collection":[{"href":"https:\/\/www.chinanhd.com\/tr\/wp-json\/wp\/v2\/product"}],"about":[{"href":"https:\/\/www.chinanhd.com\/tr\/wp-json\/wp\/v2\/types\/product"}],"replies":[{"embeddable":true,"href":"https:\/\/www.chinanhd.com\/tr\/wp-json\/wp\/v2\/comments?post=3019"}],"wp:featuredmedia":[{"embeddable":true,"href":"https:\/\/www.chinanhd.com\/tr\/wp-json\/wp\/v2\/media\/3021"}],"wp:attachment":[{"href":"https:\/\/www.chinanhd.com\/tr\/wp-json\/wp\/v2\/media?parent=3019"}],"wp:term":[{"taxonomy":"product_brand","embeddable":true,"href":"https:\/\/www.chinanhd.com\/tr\/wp-json\/wp\/v2\/product_brand?post=3019"},{"taxonomy":"product_cat","embeddable":true,"href":"https:\/\/www.chinanhd.com\/tr\/wp-json\/wp\/v2\/product_cat?post=3019"},{"taxonomy":"product_tag","embeddable":true,"href":"https:\/\/www.chinanhd.com\/tr\/wp-json\/wp\/v2\/product_tag?post=3019"}],"curies":[{"name":"wp","href":"https:\/\/api.w.org\/{rel}","templated":true}]}}