{"id":3022,"date":"2025-05-27T13:57:06","date_gmt":"2025-05-27T05:57:06","guid":{"rendered":"https:\/\/www.chinanhd.com\/?post_type=product&#038;p=3022"},"modified":"2025-12-18T16:44:18","modified_gmt":"2025-12-18T08:44:18","slug":"variable-cross-section-obliquity-agitator","status":"publish","type":"product","link":"https:\/\/www.chinanhd.com\/tr\/product\/variable-cross-section-obliquity-agitator\/","title":{"rendered":"De\u011fi\u015fken Kesim &#038; E\u011fiklilik Agitat\u00f6r\u00fc"},"content":{"rendered":"<p>Kar\u0131\u015ft\u0131r\u0131c\u0131, minimum g\u00fc\u00e7 t\u00fcketimini korurken d\u00fc\u015f\u00fck kesme oran\u0131yla y\u00fcksek devridaim eksenel ak\u0131\u015f sa\u011flar. Geleneksel 45\u00b0 PBT kar\u0131\u015ft\u0131r\u0131c\u0131larla kar\u015f\u0131la\u015ft\u0131r\u0131ld\u0131\u011f\u0131nda, g\u00fc\u00e7 t\u00fcketimini 40-50% azalt\u0131rken e\u015fde\u011fer kar\u0131\u015ft\u0131rma performans\u0131 elde eder.<\/p>\n<p>&nbsp;<\/p>\n<p>PA yer de\u011fi\u015ftirme reaksiyonlar\u0131 ve demir d\u0131\u015f\u0131 metal end\u00fcstrileri i\u00e7in, li\u00e7 tanklar\u0131 a\u015f\u0131r\u0131 kristal k\u0131r\u0131lmas\u0131n\u0131 \u00f6nlemek i\u00e7in kontroll\u00fc kesme h\u0131zlar\u0131 ile y\u00fcksek pompalama kapasitesi gerektirir - sonraki filtrasyon ve sedimantasyon i\u015flemleri i\u00e7in kritik bir fakt\u00f6r. Bu uygulamalar i\u00e7in \u00f6zel olarak tasarlanan NHD'nin kar\u0131\u015ft\u0131r\u0131c\u0131s\u0131, PA ve demir d\u0131\u015f\u0131 metal \u00fcreticileri taraf\u0131ndan yayg\u0131n olarak benimsenmi\u015f ve ola\u011fan\u00fcst\u00fc operasyonel verimlilik g\u00f6stermi\u015ftir.<\/p>\n<p>&nbsp;<\/p>\n<p><strong>Rekabet Avantaj\u0131:<\/strong><\/p>\n<p>NHD, laboratuvar \u00f6l\u00e7ekli testler, pilot testler ve \u00f6l\u00e7ek b\u00fcy\u00fctme deneyleri de dahil olmak \u00fczere farkl\u0131 \u00fcreticiler ve prosesler i\u00e7in deneysel gereksinimleri kar\u015f\u0131layabilecek eksiksiz bir \u00e7alkalama testi ekipman\u0131 yelpazesine sahiptir.<\/p>\n<p>&nbsp;<\/p>\n<p>\u0130leri Ar-Ge Teknolojileri:<\/p>\n<ul>\n<li>CFD ak\u0131\u015fkan analizi teknolojisi<\/li>\n<li>CFM bilgisayarl\u0131 ak\u0131\u015fkan kar\u0131\u015ft\u0131rma sim\u00fclasyon teknolojisi<\/li>\n<li>LDA lazer Doppler velosimetri teknolojisi<\/li>\n<li>FEA sonlu elemanlar analizi<\/li>\n<li>CAD 3D tasar\u0131m<\/li>\n<\/ul>","protected":false},"excerpt":{"rendered":"<p>The agitator delivers high recirculating axial flow with low shear rate while maintaining minimal power consumption. Compared to conventional 45\u00b0 PBT agitators, it achieves equivalent mixing performance while reducing power consumption by 40-50%. &nbsp; For PA displacement reactions and non-ferrous metal industries, leaching tanks require high pumping capacity with controlled shear rates to prevent excessive [&hellip;]<\/p>\n","protected":false},"featured_media":3024,"comment_status":"open","ping_status":"closed","template":"","meta":[],"product_brand":[],"product_cat":[28],"product_tag":[],"class_list":{"0":"post-3022","1":"product","2":"type-product","3":"status-publish","4":"has-post-thumbnail","6":"product_cat-agitatorthickener-series","8":"first","9":"instock","10":"shipping-taxable","11":"product-type-simple"},"_links":{"self":[{"href":"https:\/\/www.chinanhd.com\/tr\/wp-json\/wp\/v2\/product\/3022","targetHints":{"allow":["GET"]}}],"collection":[{"href":"https:\/\/www.chinanhd.com\/tr\/wp-json\/wp\/v2\/product"}],"about":[{"href":"https:\/\/www.chinanhd.com\/tr\/wp-json\/wp\/v2\/types\/product"}],"replies":[{"embeddable":true,"href":"https:\/\/www.chinanhd.com\/tr\/wp-json\/wp\/v2\/comments?post=3022"}],"wp:featuredmedia":[{"embeddable":true,"href":"https:\/\/www.chinanhd.com\/tr\/wp-json\/wp\/v2\/media\/3024"}],"wp:attachment":[{"href":"https:\/\/www.chinanhd.com\/tr\/wp-json\/wp\/v2\/media?parent=3022"}],"wp:term":[{"taxonomy":"product_brand","embeddable":true,"href":"https:\/\/www.chinanhd.com\/tr\/wp-json\/wp\/v2\/product_brand?post=3022"},{"taxonomy":"product_cat","embeddable":true,"href":"https:\/\/www.chinanhd.com\/tr\/wp-json\/wp\/v2\/product_cat?post=3022"},{"taxonomy":"product_tag","embeddable":true,"href":"https:\/\/www.chinanhd.com\/tr\/wp-json\/wp\/v2\/product_tag?post=3022"}],"curies":[{"name":"wp","href":"https:\/\/api.w.org\/{rel}","templated":true}]}}