{"id":3025,"date":"2025-05-27T14:07:15","date_gmt":"2025-05-27T06:07:15","guid":{"rendered":"https:\/\/www.chinanhd.com\/?post_type=product&#038;p=3025"},"modified":"2025-12-18T16:44:18","modified_gmt":"2025-12-18T08:44:18","slug":"side-entry-agitator","status":"publish","type":"product","link":"https:\/\/www.chinanhd.com\/tr\/product\/side-entry-agitator\/","title":{"rendered":"Yandan Giri\u015fli Kar\u0131\u015ft\u0131r\u0131c\u0131"},"content":{"rendered":"<p>Yandan giri\u015fli kar\u0131\u015ft\u0131r\u0131c\u0131, b\u00fcy\u00fck \u00f6l\u00e7ekli s\u0131v\u0131 depolama tank\u0131 ve ya\u011f tank\u0131nda kullan\u0131labilir. G\u00fc\u00e7 t\u00fcketimi, ayn\u0131 kar\u0131\u015ft\u0131rma etkisinde 1000m\u00b3'\u00fcn \u00fczerindeki s\u0131v\u0131 tank\u0131 i\u00e7in merkez kar\u0131\u015ft\u0131r\u0131c\u0131n\u0131n yaln\u0131zca 1\/3 ila 2\/3'\u00fc kadard\u0131r. Yandan giri\u015fli kar\u0131\u015ft\u0131r\u0131c\u0131n\u0131n d\u00fc\u015f\u00fck imalat ve temel maliyeti gibi \u00e7e\u015fitli avantajlar\u0131 vard\u0131r.<\/p>\n<p>&nbsp;<\/p>\n<p>Bu kar\u0131\u015ft\u0131r\u0131c\u0131, s\u0131zd\u0131rmazl\u0131k cihaz\u0131 kullanarak tanktaki s\u0131v\u0131n\u0131n d\u0131\u015far\u0131 akmas\u0131n\u0131 \u00f6nler.<\/p>\n<p>Mil salmastras\u0131 ve mekanik salmastra:<\/p>\n<ul>\n<li>Yenilik\u00e7i salmastra tasar\u0131m\u0131, geleneksel salmastra sorunlar\u0131n\u0131 \u00e7\u00f6zerek \u00e7evrimi\u00e7i bak\u0131m kapasitesini \u00f6nemli \u00f6l\u00e7\u00fcde art\u0131r\u0131r, s\u0131z\u0131nt\u0131y\u0131 azalt\u0131r ve mil kovan\u0131 a\u015f\u0131nmas\u0131n\u0131 en aza indirir.<\/li>\n<li>Yap\u0131sal olarak geli\u015ftirilmi\u015f mekanik salmastra, y\u00fcksek performansl\u0131 sabit salmastra halkas\u0131 arac\u0131l\u0131\u011f\u0131yla kar\u0131\u015ft\u0131r\u0131c\u0131 b\u0131\u00e7ak titre\u015fimi ve \u015faft titre\u015fimi sorunlar\u0131n\u0131 \u00e7\u00f6zerek daha fazla verimlilik, daha d\u00fc\u015f\u00fck i\u015fletme maliyetleri ve daha uzun hizmet \u00f6mr\u00fc sa\u011flar.<\/li>\n<\/ul>\n<p>&nbsp;<\/p>\n<p><strong>Rekabet Avantaj\u0131:<\/strong><\/p>\n<p>NHD, laboratuvar \u00f6l\u00e7ekli testler, pilot testler ve \u00f6l\u00e7ek b\u00fcy\u00fctme deneyleri de dahil olmak \u00fczere farkl\u0131 \u00fcreticiler ve prosesler i\u00e7in deneysel gereksinimleri kar\u015f\u0131layabilecek eksiksiz bir \u00e7alkalama testi ekipman\u0131 yelpazesine sahiptir.<\/p>\n<p>&nbsp;<\/p>\n<p>\u0130leri Ar-Ge Teknolojileri:<\/p>\n<ul>\n<li>CFD ak\u0131\u015fkan analizi teknolojisi<\/li>\n<li>CFM bilgisayarl\u0131 ak\u0131\u015fkan kar\u0131\u015ft\u0131rma sim\u00fclasyon teknolojisi<\/li>\n<li>LDA lazer Doppler velosimetri teknolojisi<\/li>\n<li>FEA sonlu elemanlar analizi<\/li>\n<li>CAD 3D tasar\u0131m<\/li>\n<\/ul>","protected":false},"excerpt":{"rendered":"<p>Side-entry agitator can be used in large scale liquid storage tank and oil tank. Its power consumption is only 1\/3 to 2\/3 as center agitator\u2019s for liquid tank above 1000m\u00b3 at the same effect of blending. The side-entry agitator has several advantages, such as low manufacturing and foundation cost. &nbsp; This agitator prevent liquid in [&hellip;]<\/p>\n","protected":false},"featured_media":3028,"comment_status":"open","ping_status":"closed","template":"","meta":[],"product_brand":[],"product_cat":[28],"product_tag":[],"class_list":{"0":"post-3025","1":"product","2":"type-product","3":"status-publish","4":"has-post-thumbnail","6":"product_cat-agitatorthickener-series","8":"first","9":"instock","10":"shipping-taxable","11":"product-type-simple"},"_links":{"self":[{"href":"https:\/\/www.chinanhd.com\/tr\/wp-json\/wp\/v2\/product\/3025","targetHints":{"allow":["GET"]}}],"collection":[{"href":"https:\/\/www.chinanhd.com\/tr\/wp-json\/wp\/v2\/product"}],"about":[{"href":"https:\/\/www.chinanhd.com\/tr\/wp-json\/wp\/v2\/types\/product"}],"replies":[{"embeddable":true,"href":"https:\/\/www.chinanhd.com\/tr\/wp-json\/wp\/v2\/comments?post=3025"}],"wp:featuredmedia":[{"embeddable":true,"href":"https:\/\/www.chinanhd.com\/tr\/wp-json\/wp\/v2\/media\/3028"}],"wp:attachment":[{"href":"https:\/\/www.chinanhd.com\/tr\/wp-json\/wp\/v2\/media?parent=3025"}],"wp:term":[{"taxonomy":"product_brand","embeddable":true,"href":"https:\/\/www.chinanhd.com\/tr\/wp-json\/wp\/v2\/product_brand?post=3025"},{"taxonomy":"product_cat","embeddable":true,"href":"https:\/\/www.chinanhd.com\/tr\/wp-json\/wp\/v2\/product_cat?post=3025"},{"taxonomy":"product_tag","embeddable":true,"href":"https:\/\/www.chinanhd.com\/tr\/wp-json\/wp\/v2\/product_tag?post=3025"}],"curies":[{"name":"wp","href":"https:\/\/api.w.org\/{rel}","templated":true}]}}