{"id":3029,"date":"2025-05-27T14:11:38","date_gmt":"2025-05-27T06:11:38","guid":{"rendered":"https:\/\/www.chinanhd.com\/?post_type=product&#038;p=3029"},"modified":"2025-12-18T16:44:18","modified_gmt":"2025-12-18T08:44:18","slug":"agitator-for-nonferrous-industry-and-beneficiation","status":"publish","type":"product","link":"https:\/\/www.chinanhd.com\/tr\/product\/agitator-for-nonferrous-industry-and-beneficiation\/","title":{"rendered":"Demir D\u0131\u015f\u0131 Sanayi ve Zenginle\u015ftirme i\u00e7in Kar\u0131\u015ft\u0131r\u0131c\u0131"},"content":{"rendered":"<p>Kimya end\u00fcstrisinde, \u015firketimiz malzeme kar\u0131\u015ft\u0131rma, \u00e7\u00f6z\u00fcnme, \u0131s\u0131 transferi, s\u00fcspansiyon haz\u0131rlama, polimerizasyon reaksiyonlar\u0131 ve kataliz\u00f6r \u00fcretimi gibi proses gereksinimlerini kar\u015f\u0131lamak i\u00e7in \u00e7e\u015fitli \u00f6zelliklerde ve konfig\u00fcrasyonlarda kar\u0131\u015ft\u0131r\u0131c\u0131lar tasarlamakta ve \u00fcretmektedir. Mineral i\u015fleme uygulamalar\u0131 i\u00e7in, \u00f6zel olarak tasarlanm\u0131\u015f kar\u0131\u015ft\u0131r\u0131c\u0131lar\u0131m\u0131z tanklarda d\u00fczg\u00fcn bulama\u00e7 kar\u0131\u015f\u0131m\u0131 ve homojen konsantrasyon da\u011f\u0131l\u0131m\u0131 sa\u011flar.<\/p>\n<p>&nbsp;<\/p>\n<p><strong>Rekabet Avantaj\u0131:<\/strong><\/p>\n<p>NHD, laboratuvar \u00f6l\u00e7ekli testler, pilot testler ve \u00f6l\u00e7ek b\u00fcy\u00fctme deneyleri de dahil olmak \u00fczere farkl\u0131 \u00fcreticiler ve prosesler i\u00e7in deneysel gereksinimleri kar\u015f\u0131layabilecek eksiksiz bir \u00e7alkalama testi ekipman\u0131 yelpazesine sahiptir.<\/p>\n<p>&nbsp;<\/p>\n<p>\u0130leri Ar-Ge Teknolojileri:<\/p>\n<ul>\n<li>CFD ak\u0131\u015fkan analizi teknolojisi<\/li>\n<li>CFM bilgisayarl\u0131 ak\u0131\u015fkan kar\u0131\u015ft\u0131rma sim\u00fclasyon teknolojisi<\/li>\n<li>LDA lazer Doppler velosimetri teknolojisi<\/li>\n<li>FEA sonlu elemanlar analizi<\/li>\n<li>CAD 3D tasar\u0131m<\/li>\n<\/ul>","protected":false},"excerpt":{"rendered":"<p>In the chemical industry, our company designs and manufactures agitators of various specifications and configurations to meet process requirements such as material mixing, dissolution, heat transfer, suspension preparation, polymerization reactions, and catalyst production. For mineral processing applications, our specially designed agitators ensure smooth slurry mixing and uniform concentration distribution in tanks. &nbsp; Competitive Advantage: NHD [&hellip;]<\/p>\n","protected":false},"featured_media":3030,"comment_status":"open","ping_status":"closed","template":"","meta":[],"product_brand":[],"product_cat":[28],"product_tag":[],"class_list":{"0":"post-3029","1":"product","2":"type-product","3":"status-publish","4":"has-post-thumbnail","6":"product_cat-agitatorthickener-series","8":"first","9":"instock","10":"shipping-taxable","11":"product-type-simple"},"_links":{"self":[{"href":"https:\/\/www.chinanhd.com\/tr\/wp-json\/wp\/v2\/product\/3029","targetHints":{"allow":["GET"]}}],"collection":[{"href":"https:\/\/www.chinanhd.com\/tr\/wp-json\/wp\/v2\/product"}],"about":[{"href":"https:\/\/www.chinanhd.com\/tr\/wp-json\/wp\/v2\/types\/product"}],"replies":[{"embeddable":true,"href":"https:\/\/www.chinanhd.com\/tr\/wp-json\/wp\/v2\/comments?post=3029"}],"wp:featuredmedia":[{"embeddable":true,"href":"https:\/\/www.chinanhd.com\/tr\/wp-json\/wp\/v2\/media\/3030"}],"wp:attachment":[{"href":"https:\/\/www.chinanhd.com\/tr\/wp-json\/wp\/v2\/media?parent=3029"}],"wp:term":[{"taxonomy":"product_brand","embeddable":true,"href":"https:\/\/www.chinanhd.com\/tr\/wp-json\/wp\/v2\/product_brand?post=3029"},{"taxonomy":"product_cat","embeddable":true,"href":"https:\/\/www.chinanhd.com\/tr\/wp-json\/wp\/v2\/product_cat?post=3029"},{"taxonomy":"product_tag","embeddable":true,"href":"https:\/\/www.chinanhd.com\/tr\/wp-json\/wp\/v2\/product_tag?post=3029"}],"curies":[{"name":"wp","href":"https:\/\/api.w.org\/{rel}","templated":true}]}}