{"id":3033,"date":"2025-05-27T14:14:38","date_gmt":"2025-05-27T06:14:38","guid":{"rendered":"https:\/\/www.chinanhd.com\/?post_type=product&#038;p=3033"},"modified":"2025-12-18T16:44:18","modified_gmt":"2025-12-18T08:44:18","slug":"extra-long-agitator","status":"publish","type":"product","link":"https:\/\/www.chinanhd.com\/tr\/product\/extra-long-agitator\/","title":{"rendered":"Ekstra Uzun Kar\u0131\u015ft\u0131r\u0131c\u0131"},"content":{"rendered":"<p>NHD, 300,000t\/a PA projesi i\u00e7in b\u00fcy\u00fck kar\u0131\u015ft\u0131r\u0131c\u0131y\u0131 geli\u015ftirerek ekipman\u0131n \u00c7in'de yerelle\u015ftirilmesine \u00f6nc\u00fcl\u00fck etti. Bu arada, sekt\u00f6rde y\u00fcksek g\u00fc\u00e7, a\u011f\u0131r y\u00fck, ekstra uzun kar\u0131\u015ft\u0131r\u0131c\u0131 uygulamas\u0131 konusunda yeni bir rekor k\u0131rd\u0131k.<\/p>\n<p>&nbsp;<\/p>\n<p>NHD, yeni kar\u0131\u015ft\u0131r\u0131c\u0131 malzemelerin ara\u015ft\u0131r\u0131lmas\u0131na b\u00fcy\u00fck yat\u0131r\u0131m yapm\u0131\u015ft\u0131r. NHD, 304, 304L, 316L, 317L ve 904L gibi standart malzemelerin \u00f6tesinde, optimum performans sa\u011flamak i\u00e7in s\u0131cakl\u0131k, asit\/alkali konsantrasyonu ve a\u015f\u0131r\u0131 korozyon-a\u015f\u0131nma direnci gibi \u00e7e\u015fitli ko\u015fullara g\u00f6re uyarlanm\u0131\u015f d\u00fczinelerce \u00f6zel malzeme geli\u015ftirmi\u015ftir.<\/p>\n<p>&nbsp;<\/p>\n<p><strong>Rekabet Avantaj\u0131:<\/strong><\/p>\n<p>NHD, laboratuvar \u00f6l\u00e7ekli testler, pilot testler ve \u00f6l\u00e7ek b\u00fcy\u00fctme deneyleri de dahil olmak \u00fczere farkl\u0131 \u00fcreticiler ve prosesler i\u00e7in deneysel gereksinimleri kar\u015f\u0131layabilecek eksiksiz bir \u00e7alkalama testi ekipman\u0131 yelpazesine sahiptir.<\/p>\n<p>&nbsp;<\/p>\n<p>\u0130leri Ar-Ge Teknolojileri:<\/p>\n<ul>\n<li>CFD ak\u0131\u015fkan analizi teknolojisi<\/li>\n<li>CFM bilgisayarl\u0131 ak\u0131\u015fkan kar\u0131\u015ft\u0131rma sim\u00fclasyon teknolojisi<\/li>\n<li>LDA lazer Doppler velosimetri teknolojisi<\/li>\n<li>FEA sonlu elemanlar analizi<\/li>\n<li>CAD 3D tasar\u0131m<\/li>\n<\/ul>","protected":false},"excerpt":{"rendered":"<p>NHD developed the large agitator for 300,000t\/a PA project, pioneering the localization of the equipment in China. Meanwhile, we set a new record of application of high power, heavy load, extra-long agitator in the industry. &nbsp; NHD has heavily invested in researching new agitator materials. Beyond standard materials like 304, 304L, 316L, 317L, and 904L, [&hellip;]<\/p>\n","protected":false},"featured_media":3034,"comment_status":"open","ping_status":"closed","template":"","meta":[],"product_brand":[],"product_cat":[28],"product_tag":[],"class_list":{"0":"post-3033","1":"product","2":"type-product","3":"status-publish","4":"has-post-thumbnail","6":"product_cat-agitatorthickener-series","8":"first","9":"instock","10":"shipping-taxable","11":"product-type-simple"},"_links":{"self":[{"href":"https:\/\/www.chinanhd.com\/tr\/wp-json\/wp\/v2\/product\/3033","targetHints":{"allow":["GET"]}}],"collection":[{"href":"https:\/\/www.chinanhd.com\/tr\/wp-json\/wp\/v2\/product"}],"about":[{"href":"https:\/\/www.chinanhd.com\/tr\/wp-json\/wp\/v2\/types\/product"}],"replies":[{"embeddable":true,"href":"https:\/\/www.chinanhd.com\/tr\/wp-json\/wp\/v2\/comments?post=3033"}],"wp:featuredmedia":[{"embeddable":true,"href":"https:\/\/www.chinanhd.com\/tr\/wp-json\/wp\/v2\/media\/3034"}],"wp:attachment":[{"href":"https:\/\/www.chinanhd.com\/tr\/wp-json\/wp\/v2\/media?parent=3033"}],"wp:term":[{"taxonomy":"product_brand","embeddable":true,"href":"https:\/\/www.chinanhd.com\/tr\/wp-json\/wp\/v2\/product_brand?post=3033"},{"taxonomy":"product_cat","embeddable":true,"href":"https:\/\/www.chinanhd.com\/tr\/wp-json\/wp\/v2\/product_cat?post=3033"},{"taxonomy":"product_tag","embeddable":true,"href":"https:\/\/www.chinanhd.com\/tr\/wp-json\/wp\/v2\/product_tag?post=3033"}],"curies":[{"name":"wp","href":"https:\/\/api.w.org\/{rel}","templated":true}]}}