{"id":6465,"date":"2025-12-19T16:14:44","date_gmt":"2025-12-19T08:14:44","guid":{"rendered":"https:\/\/www.chinanhd.com\/?post_type=product&#038;p=6465"},"modified":"2026-02-14T15:23:27","modified_gmt":"2026-02-14T07:23:27","slug":"filter-cake-disintegrator-crusher","status":"publish","type":"product","link":"https:\/\/www.chinanhd.com\/tr\/product\/filter-cake-disintegrator-crusher\/","title":{"rendered":"Filtre Kek Da\u011f\u0131t\u0131c\u0131 &#038; K\u0131r\u0131c\u0131"},"content":{"rendered":"<p data-start=\"186\" data-end=\"455\">Filtre preslerinden bo\u015falt\u0131lan filtre kekleri genellikle \u00f6zellikle yeni enerji malzemeleri ve hidrometalurjik s\u00fcre\u00e7lerde b\u00fcy\u00fck, yap\u0131\u015fkanl\u0131 aglomeratlar olu\u015fturur. Do\u011frudan kurutma makinelerine beslendi\u011finde, bu kekler k\u00f6t\u00fc beslenme, d\u00fc\u015f\u00fck kurutma verimlili\u011fi ve s\u0131k s\u0131k t\u0131kanmalara neden olur.<\/p>\n<p data-start=\"457\" data-end=\"553\">NHD Filtre Kek Da\u011f\u0131t\u0131c\u0131 &amp; Crusher \u00f6zellikle bu s\u0131k\u0131nt\u0131y\u0131 \u00e7\u00f6zmek i\u00e7in tasarlanm\u0131\u015ft\u0131r.<\/p>\n<p>&nbsp;<\/p>\n<p><strong>Rekabet\u00e7i Avantajlar:<\/strong><\/p>\n<ul>\n<li data-start=\"578\" data-end=\"640\">\n<p data-start=\"580\" data-end=\"640\">Etkili bir \u015fekilde toplanm\u0131\u015f ve yap\u0131\u015fkan filtre keklerini par\u00e7alar<\/p>\n<\/li>\n<li data-start=\"641\" data-end=\"700\">\n<p data-start=\"643\" data-end=\"700\">Do\u011frudan kurutucu beslenmesi i\u00e7in e\u015fit par\u00e7ac\u0131k boyutu sa\u011flar<\/p>\n<\/li>\n<li data-start=\"701\" data-end=\"762\">\n<p data-start=\"703\" data-end=\"762\">Kurutma verimlili\u011fini artt\u0131r\u0131r ve enerji t\u00fcketimini azalt\u0131r<\/p>\n<\/li>\n<li data-start=\"763\" data-end=\"824\">\n<p data-start=\"765\" data-end=\"824\">Manuel kullan\u0131m\u0131 en aza indirir ve s\u00fcre\u00e7 otomasyonunu geli\u015ftirir<\/p>\n<\/li>\n<\/ul>\n<p>&nbsp;<\/p>\n<p><strong>Uygulamalar:<\/strong><\/p>\n<ul>\n<li data-start=\"1200\" data-end=\"1267\">\n<p data-start=\"1202\" data-end=\"1267\">Yeni enerji malzemeleri (katot ve anot malzemeleri, ara maddeler)<\/p>\n<\/li>\n<li data-start=\"1268\" data-end=\"1305\">\n<p data-start=\"1270\" data-end=\"1305\">Renkli olmayan metal hidrometalurjisi<\/p>\n<\/li>\n<li data-start=\"1306\" data-end=\"1356\">\n<p data-start=\"1308\" data-end=\"1356\">S\u00fcrekli filtre pres kurutma i\u015flemi hatlar\u0131<\/p>\n<\/li>\n<\/ul>","protected":false},"excerpt":{"rendered":"<p data-start=\"186\" data-end=\"455\">NHD Filtre Kek Da\u011f\u0131t\u0131c\u0131 &amp; K\u0131r\u0131c\u0131, verimli filtre sonras\u0131 pres i\u015flemi i\u00e7in tasarlanm\u0131\u015ft\u0131r. Y\u00fcksek nem veya ince par\u00e7ac\u0131kl\u0131 malzemelerle bile kararl\u0131 ve kontrol edilebilir k\u0131rma performans\u0131 elde edilir.<\/p>","protected":false},"featured_media":6468,"comment_status":"open","ping_status":"closed","template":"","meta":[],"product_brand":[],"product_cat":[32],"product_tag":[],"class_list":{"0":"post-6465","1":"product","2":"type-product","3":"status-publish","4":"has-post-thumbnail","6":"product_cat-non-standard-equipment-series","8":"first","9":"instock","10":"shipping-taxable","11":"product-type-simple"},"_links":{"self":[{"href":"https:\/\/www.chinanhd.com\/tr\/wp-json\/wp\/v2\/product\/6465","targetHints":{"allow":["GET"]}}],"collection":[{"href":"https:\/\/www.chinanhd.com\/tr\/wp-json\/wp\/v2\/product"}],"about":[{"href":"https:\/\/www.chinanhd.com\/tr\/wp-json\/wp\/v2\/types\/product"}],"replies":[{"embeddable":true,"href":"https:\/\/www.chinanhd.com\/tr\/wp-json\/wp\/v2\/comments?post=6465"}],"wp:featuredmedia":[{"embeddable":true,"href":"https:\/\/www.chinanhd.com\/tr\/wp-json\/wp\/v2\/media\/6468"}],"wp:attachment":[{"href":"https:\/\/www.chinanhd.com\/tr\/wp-json\/wp\/v2\/media?parent=6465"}],"wp:term":[{"taxonomy":"product_brand","embeddable":true,"href":"https:\/\/www.chinanhd.com\/tr\/wp-json\/wp\/v2\/product_brand?post=6465"},{"taxonomy":"product_cat","embeddable":true,"href":"https:\/\/www.chinanhd.com\/tr\/wp-json\/wp\/v2\/product_cat?post=6465"},{"taxonomy":"product_tag","embeddable":true,"href":"https:\/\/www.chinanhd.com\/tr\/wp-json\/wp\/v2\/product_tag?post=6465"}],"curies":[{"name":"wp","href":"https:\/\/api.w.org\/{rel}","templated":true}]}}