{"id":1647,"date":"2025-03-07T10:29:56","date_gmt":"2025-03-07T02:29:56","guid":{"rendered":"https:\/\/www.chinanhd.com\/?post_type=product&#038;p=1647"},"modified":"2025-12-18T16:44:16","modified_gmt":"2025-12-18T08:44:16","slug":"wire-mesh-demister","status":"publish","type":"product","link":"https:\/\/www.chinanhd.com\/vi\/product\/wire-mesh-demister\/","title":{"rendered":"D\u00e2y l\u01b0\u1edbi Demister"},"content":{"rendered":"<p>NHD chuy\u00ean s\u1ea3n xu\u1ea5t d\u00e2y v\u00e0 l\u00e0 m\u1ed9t nh\u00e0 s\u1ea3n xu\u1ea5t \u0111\u01b0\u1ee3c ch\u1ec9 \u0111\u1ecbnh \u0111\u01b0\u1ee3c B\u1ed9 H\u00f3a h\u1ecdc, C\u00f4ng ty T\u1ed5ng c\u1ed9ng Kim lo\u1ea1i phi s\u1eaft v\u00e0 ng\u00e0nh d\u1ea7u h\u00f3a \u1edf Trung Qu\u1ed1c ph\u00ea duy\u1ec7t. C\u00f4ng ty \u0111\u00e3 tham gia ph\u00e1t tri\u1ec3n ba th\u1ebf h\u1ec7 c\u1ee7a d\u00e2y demisters, v\u00e0 ti\u00eau chu\u1ea9n c\u00f4ng nghi\u1ec7p h\u00f3a h\u1ecdc \u1edf Trung Qu\u1ed1c cho lo\u1ea1i ng\u0103n k\u00e9o demisters c\u00f3 ngu\u1ed3n g\u1ed1c t\u1eeb NHD&#8217; ti\u00eau chu\u1ea9n doanh nghi\u1ec7p s.<\/p>\n<p>&nbsp;<\/p>\n<p><span style=\"font-size: 14pt;\"><strong>\u1ee8ng d\u1ee5ng:<\/strong><\/span><\/p>\n<p>Demisters \u0111\u01b0\u1ee3c s\u1eed d\u1ee5ng \u0111\u1ec3 t\u00e1ch c\u00e1c gi\u1ecdt ch\u1ea5t l\u1ecfng b\u1ecb cu\u1ed1n v\u00e0o kh\u00ed trong th\u00e1p trong qu\u00e1 tr\u00ecnh s\u1ea3n xu\u1ea5t.<\/p>\n<p><strong>\u00a0<\/strong><\/p>\n<p><span style=\"font-size: 14pt;\"><strong>L\u1ee3i th\u1ebf c\u1ea1nh tranh:<\/strong><\/span><\/p>\n<p><strong>Th\u1ebf h\u1ec7 th\u1ee9 nh\u1ea5t: Lo\u1ea1i ti\u00eau chu\u1ea9n<\/strong><\/p>\n<p>T\u00ednh n\u0103ng: Kh\u1ed1i l\u01b0\u1ee3ng nh\u1ecf, Tr\u1ecdng l\u01b0\u1ee3ng nh\u1eb9, M\u1ea5t \u00e1p su\u1ea5t th\u1ea5p.<\/p>\n<p>&nbsp;<\/p>\n<p><strong>Th\u1ebf h\u1ec7 th\u1ee9 hai: Lo\u1ea1i ng\u0103n k\u00e9o (B\u1eb1ng s\u00e1ng ch\u1ebf s\u1ed1 ZL93.2.46402.5)<\/strong><\/p>\n<p>T\u00ednh n\u0103ng:<\/p>\n<ol>\n<li>N\u00e2ng ra m\u00e0 kh\u00f4ng b\u01b0\u1edbc v\u00e0o th\u00e1p;<\/li>\n<li>D\u1ec5 s\u1ea1ch, tu\u1ed5i th\u1ecd d\u00e0i, hi\u1ec7u su\u1ea5t \u1ed5n \u0111\u1ecbnh;<\/li>\n<li>Th\u1eddi gian s\u1eeda ch\u1eefa ng\u1eafn, chi ph\u00ed th\u1ea5p, c\u1ea5u tr\u00fac \u0111\u01a1n gi\u1ea3n;<\/li>\n<li>T\u1ea5m m\u00f9 c\u00f3 th\u1ec3 \u0111\u01b0\u1ee3c c\u00e0i \u0111\u1eb7t \u0111\u1ec3 \u0111\u00e1p \u1ee9ng ho\u1ea1t \u0111\u1ed9ng t\u1ea3i gi\u1ea3m, kh\u1ea3 n\u0103ng th\u00edch \u1ee9ng t\u1ed1t.<\/li>\n<\/ol>\n<p>&nbsp;<\/p>\n<p><strong>Lo\u1ea1i V th\u1ebf h\u1ec7 th\u1ee9 3 (B\u1eb1ng s\u00e1ng ch\u1ebf s\u1ed1 ZL97.2.36744.6)<\/strong><\/p>\n<p>T\u00ednh n\u0103ng:<\/p>\n<ol>\n<li>tr\u00e1nh t\u1eadp luy\u1ec7n l\u1ea1i v\u00e0 t\u0103ng hi\u1ec7u qu\u1ea3;<\/li>\n<li>t\u0103ng di\u1ec7n t\u00edch l\u1ecdc 15%;<\/li>\n<li>Hi\u1ec7u su\u1ea5t cao nh\u01b0 2 l\u1edbp ti\u00eau chu\u1ea9n.<\/li>\n<\/ol>","protected":false},"excerpt":{"rendered":"<p>New Hongda chuy\u00ean s\u1ea3n xu\u1ea5t d\u00e2y demister v\u00e0 c\u0169ng l\u00e0 m\u1ed9t nh\u00e0 s\u1ea3n xu\u1ea5t \u0111\u01b0\u1ee3c ch\u1ec9 \u0111\u1ecbnh b\u1edfi B\u1ed9 H\u00f3a h\u1ecdc, C\u00f4ng ty T\u1ed5ng c\u1ed9ng Kh\u00f4ng S\u1eaft v\u00e0 C\u00f4ng nghi\u1ec7p D\u1ea7u h\u00f3a. M\u1edbi Hongda tham gia v\u00e0 ph\u00e1t tri\u1ec3n 3 th\u1ebf h\u1ec7 c\u1ee7a d\u00e2y demister v\u00e0 ti\u00eau chu\u1ea9n h\u00f3a h\u1ecdc c\u1ee7a lo\u1ea1i ng\u0103n k\u00e9o demister \u0111\u01b0\u1ee3c \u0111i\u1ec1u ch\u1ec9nh t\u1eeb ti\u00eau chu\u1ea9n doanh nghi\u1ec7p c\u1ee7a ch\u00fang t\u00f4i.<\/p>","protected":false},"featured_media":1648,"comment_status":"open","ping_status":"closed","template":"","meta":[],"product_brand":[],"product_cat":[31],"product_tag":[],"class_list":{"0":"post-1647","1":"product","2":"type-product","3":"status-publish","4":"has-post-thumbnail","6":"product_cat-desulfurization-equipment-series","8":"first","9":"instock","10":"shipping-taxable","11":"product-type-simple"},"_links":{"self":[{"href":"https:\/\/www.chinanhd.com\/vi\/wp-json\/wp\/v2\/product\/1647","targetHints":{"allow":["GET"]}}],"collection":[{"href":"https:\/\/www.chinanhd.com\/vi\/wp-json\/wp\/v2\/product"}],"about":[{"href":"https:\/\/www.chinanhd.com\/vi\/wp-json\/wp\/v2\/types\/product"}],"replies":[{"embeddable":true,"href":"https:\/\/www.chinanhd.com\/vi\/wp-json\/wp\/v2\/comments?post=1647"}],"wp:featuredmedia":[{"embeddable":true,"href":"https:\/\/www.chinanhd.com\/vi\/wp-json\/wp\/v2\/media\/1648"}],"wp:attachment":[{"href":"https:\/\/www.chinanhd.com\/vi\/wp-json\/wp\/v2\/media?parent=1647"}],"wp:term":[{"taxonomy":"product_brand","embeddable":true,"href":"https:\/\/www.chinanhd.com\/vi\/wp-json\/wp\/v2\/product_brand?post=1647"},{"taxonomy":"product_cat","embeddable":true,"href":"https:\/\/www.chinanhd.com\/vi\/wp-json\/wp\/v2\/product_cat?post=1647"},{"taxonomy":"product_tag","embeddable":true,"href":"https:\/\/www.chinanhd.com\/vi\/wp-json\/wp\/v2\/product_tag?post=1647"}],"curies":[{"name":"WP","href":"https:\/\/api.w.org\/{rel}","templated":true}]}}