{"id":2661,"date":"2025-04-11T15:28:42","date_gmt":"2025-04-11T07:28:42","guid":{"rendered":"https:\/\/www.chinanhd.com\/?post_type=product&#038;p=2661"},"modified":"2025-12-18T16:44:17","modified_gmt":"2025-12-18T08:44:17","slug":"multi-dish-acid-distributor","status":"publish","type":"product","link":"https:\/\/www.chinanhd.com\/vi\/product\/multi-dish-acid-distributor\/","title":{"rendered":"Nh\u00e0 ph\u00e2n ph\u1ed1i nhi\u1ec1u axit"},"content":{"rendered":"<p>Nh\u00e0 ph\u00e2n ph\u1ed1i axit Dish bao g\u1ed3m s\u00e1u ph\u1ea7n bao g\u1ed3m ti\u00eau \u0111\u1ec1 th\u1ee9c \u0103n, nh\u00e1nh th\u1ee9c \u0103n, ph\u00e2n ph\u1ed1i \u0111\u01b0\u1eddng \u1ed1ng, \u0111\u0129a l\u1ed7, ph\u00e2n ph\u1ed1i \u0111\u0129a, ng\u01b0\u1eddi \u0111i k\u00e8m.<\/p>\n<p>&nbsp;<\/p>\n<p><span style=\"font-size: 14pt;\"><strong>\u1ee8ng d\u1ee5ng:<\/strong><\/span><\/p>\n<p>N\u00f3 c\u00f3 th\u1ec3 \u0111\u01b0\u1ee3c s\u1eed d\u1ee5ng r\u1ed9ng r\u00e3i trong tinh ch\u1ebf kh\u00ed \u0111u\u00f4i cho nh\u00e0 m\u00e1y nhi\u1ec7t \u0111i\u1ec7n than v\u00e0 nh\u00e0 m\u00e1y h\u00f3a h\u1ecdc quy m\u00f4 l\u1edbn c\u1ee7a qu\u00e1 tr\u00ecnh l\u1ecdc d\u1ea7u, h\u00f3a d\u1ea7u v\u00e0 ph\u00e2n b\u00f3n.<\/p>\n<p><strong>\u00a0<\/strong><\/p>\n<p><span style=\"font-size: 14pt;\"><strong>L\u1ee3i th\u1ebf c\u1ea1nh tranh:<\/strong><\/span><\/p>\n<p>Ph\u00e2n ph\u1ed1i \u0111\u1ed3ng \u0111\u1ec1u, ph\u1ea1m vi \u0111i\u1ec1u ch\u1ec9nh r\u1ed9ng, tr\u1ecdng l\u01b0\u1ee3ng \u00e1nh s\u00e1ng, kh\u00f4ng c\u00f3 hi\u1ec7u \u1ee9ng t\u1ef7 l\u1ec7, v\u00e0 l\u1eafp \u0111\u1eb7t v\u00e0 b\u1ea3o tr\u00ec d\u1ec5 d\u00e0ng<\/p>","protected":false},"excerpt":{"rendered":"<p>Dish acid distributor is consisted of six parts including feed header, feed branch, distributing pipe, orifice plate, distributing dish, downcomer. Distributing dishes are cylinder type while the distributing section is in square except dishes on the periphery of tower. The dish and square section are concentric. In general, in each dish there are 16 or [&hellip;]<\/p>\n","protected":false},"featured_media":2667,"comment_status":"open","ping_status":"closed","template":"","meta":[],"product_brand":[],"product_cat":[29],"product_tag":[],"class_list":{"0":"post-2661","1":"product","2":"type-product","3":"status-publish","4":"has-post-thumbnail","6":"product_cat-equipment-for-sulfuric-acid-industry","8":"first","9":"instock","10":"shipping-taxable","11":"product-type-simple"},"_links":{"self":[{"href":"https:\/\/www.chinanhd.com\/vi\/wp-json\/wp\/v2\/product\/2661","targetHints":{"allow":["GET"]}}],"collection":[{"href":"https:\/\/www.chinanhd.com\/vi\/wp-json\/wp\/v2\/product"}],"about":[{"href":"https:\/\/www.chinanhd.com\/vi\/wp-json\/wp\/v2\/types\/product"}],"replies":[{"embeddable":true,"href":"https:\/\/www.chinanhd.com\/vi\/wp-json\/wp\/v2\/comments?post=2661"}],"wp:featuredmedia":[{"embeddable":true,"href":"https:\/\/www.chinanhd.com\/vi\/wp-json\/wp\/v2\/media\/2667"}],"wp:attachment":[{"href":"https:\/\/www.chinanhd.com\/vi\/wp-json\/wp\/v2\/media?parent=2661"}],"wp:term":[{"taxonomy":"product_brand","embeddable":true,"href":"https:\/\/www.chinanhd.com\/vi\/wp-json\/wp\/v2\/product_brand?post=2661"},{"taxonomy":"product_cat","embeddable":true,"href":"https:\/\/www.chinanhd.com\/vi\/wp-json\/wp\/v2\/product_cat?post=2661"},{"taxonomy":"product_tag","embeddable":true,"href":"https:\/\/www.chinanhd.com\/vi\/wp-json\/wp\/v2\/product_tag?post=2661"}],"curies":[{"name":"WP","href":"https:\/\/api.w.org\/{rel}","templated":true}]}}