{"id":2668,"date":"2025-04-11T15:36:09","date_gmt":"2025-04-11T07:36:09","guid":{"rendered":"https:\/\/www.chinanhd.com\/?post_type=product&#038;p=2668"},"modified":"2025-12-18T16:44:17","modified_gmt":"2025-12-18T08:44:17","slug":"filter-cloth","status":"publish","type":"product","link":"https:\/\/www.chinanhd.com\/vi\/product\/filter-cloth\/","title":{"rendered":"L\u1ecdc v\u1ea3i"},"content":{"rendered":"<p>Jiangsu Lvde New Materials Co., Ltd, m\u1ed9t c\u00f4ng ty con thu\u1ed9c s\u1edf h\u1eefu ho\u00e0n to\u00e0n c\u1ee7a T\u1eadp \u0111o\u00e0n Jiangsu New Hongda, l\u00e0 m\u1ed9t doanh nghi\u1ec7p t\u00edch h\u1ee3p R &amp; amp; D, thi\u1ebft k\u1ebf, s\u1ea3n xu\u1ea5t v\u00e0 b\u00e1n v\u1eadt li\u1ec7u l\u1ecdc c\u00f4ng ngh\u1ec7 cao. Lvde lu\u00f4n coi tr\u1ecdng \u0111\u1ea7u t\u01b0 thi\u1ebft b\u1ecb s\u1ea3n xu\u1ea5t ti\u00ean ti\u1ebfn v\u00e0 gi\u1edbi thi\u1ec7u c\u01a1 s\u1edf s\u1ea3n xu\u1ea5t \u0111\u00e1p \u1ee9ng ti\u00eau chu\u1ea9n cao nh\u1ea5t trong ng\u00e0nh, \u0111\u1ec3 li\u00ean t\u1ee5c c\u1ea3i thi\u1ec7n hi\u1ec7u qu\u1ea3 s\u1ea3n xu\u1ea5t v\u00e0 ho\u1ea1t \u0111\u1ed9ng t\u1ed5ng th\u1ec3 v\u00e0 ch\u1ea5t l\u01b0\u1ee3ng s\u1ea3n ph\u1ea9m. N\u0103m 2023, n\u00f3 \u0111\u01b0\u1ee3c Hi\u1ec7p h\u1ed9i C\u00f4ng nghi\u1ec7p M\u00e1y m\u00f3c Trung Qu\u1ed1c (CMIA) m\u1eddi tham gia s\u1eeda \u0111\u1ed5i ti\u00eau chu\u1ea9n &#8220; B\u00e1o ch\u00ed l\u1ecdc t\u1ea5m nh\u00fang v\u00e0 t\u1ea5m v\u00e0 khung l\u1ecdc b\u00e1o ch\u00ed &#8211; V\u1ea3i l\u1ecdc d\u1ec7t&#8221; tr\u1edf th\u00e0nh \u0111\u01a1n v\u1ecb cai tr\u1ecb.<\/p>\n<p>&nbsp;<\/p>\n<p><span style=\"font-size: 14pt;\"><strong>\u1ee8ng d\u1ee5ng:<\/strong><\/span><\/p>\n<p>C\u00e1c s\u1ea3n ph\u1ea9m LVDE l\u00e0 v\u1eadt li\u1ec7u l\u00fd t\u01b0\u1edfng cho qu\u00e1 tr\u00ecnh l\u1ecdc v\u00e0 l\u1ecdc b\u00e1o ch\u00ed \u0111\u01b0\u1ee3c s\u1eed d\u1ee5ng trong nhi\u1ec1u ng\u00e0nh c\u00f4ng nghi\u1ec7p kh\u00e1c nhau, bao g\u1ed3m l\u1ee3i \u00edch qu\u1eb7ng, r\u1eeda than, h\u00f3a ch\u1ea5t, d\u01b0\u1ee3c ph\u1ea9m, th\u1ef1c ph\u1ea9m v\u00e0 c\u00e1c ng\u00e0nh c\u00f4ng nghi\u1ec7p kh\u00e1c.<\/p>\n<p>&nbsp;<\/p>\n<p><span style=\"font-size: 14pt;\"><strong>L\u1ee3i th\u1ebf c\u1ea1nh tranh:<\/strong><\/span><\/p>\n<p>Lvde k\u1ebft h\u1ee3p c\u00f4ng ngh\u1ec7 s\u1ea3n xu\u1ea5t c\u1ee7a m\u00ecnh v\u1edbi NHD&#8217; kinh nghi\u1ec7m s\u1ea3n xu\u1ea5t c\u1ee7a b\u1ed9 l\u1ecdc v\u00e0 nhu c\u1ea7u th\u1ef1c t\u1ebf c\u1ee7a ng\u01b0\u1eddi d\u00f9ng, ph\u00f9 h\u1ee3p v\u1edbi m\u00e1y li\u00ean t\u1ee5c v\u1edbi c\u00e1c t\u00ednh n\u0103ng l\u00e0m s\u1ea1ch d\u1ec5 d\u00e0ng, \u1ed5n \u0111\u1ecbnh chi\u1ec1u t\u1ed1t, hi\u1ec7u qu\u1ea3 s\u1ea3n xu\u1ea5t cao v\u00e0 tu\u1ed5i th\u1ecd d\u00e0i. \u0110\u1eb7c bi\u1ec7t, v\u1ea3i \u00e9p l\u1ecdc d\u1ecdc do Lvde s\u1ea3n xu\u1ea5t c\u00f3 c\u00e1c t\u00ednh n\u0103ng c\u1ee7a t\u1ed5 ch\u1ee9c v\u1ea3i nh\u1ecf g\u1ecdn, b\u1ec1 m\u1eb7t ph\u1eb3ng, x\u1ea3 b\u00e1nh nhanh, \u00edt kh\u1ea3 n\u0103ng t\u1eafc ngh\u1ebdn, \u0111\u1ed9 b\u1ec1n cao, \u1ed5n \u0111\u1ecbnh cao, kh\u1ea3 n\u0103ng t\u00e1i t\u1ea1o m\u1ea1nh m\u1ebd c\u1ee7a v\u1ea3i l\u1ecdc, v.v. Hi\u1ec7u \u1ee9ng s\u1eed d\u1ee5ng c\u00f3 th\u1ec3 so s\u00e1nh v\u1edbi v\u1ea3i l\u1ecdc nh\u1eadp kh\u1ea9u.<\/p>","protected":false},"excerpt":{"rendered":"<p>Jiangsu Lvde New Materials Co., Ltd, a wholly-owned subsidiary of Jiangsu New Hongda Group, is an enterprise integrating R&amp;D, design, production and sales of high-tech filtration materials. Lvde always attaches importance to the investment of advanced production equipment and introduces the production facility that meets the highest standards in the industry, in order to continuously [&hellip;]<\/p>\n","protected":false},"featured_media":3016,"comment_status":"open","ping_status":"closed","template":"","meta":[],"product_brand":[],"product_cat":[33],"product_tag":[],"class_list":{"0":"post-2668","1":"product","2":"type-product","3":"status-publish","4":"has-post-thumbnail","6":"product_cat-filter-cloth-series","8":"first","9":"instock","10":"shipping-taxable","11":"product-type-simple"},"_links":{"self":[{"href":"https:\/\/www.chinanhd.com\/vi\/wp-json\/wp\/v2\/product\/2668","targetHints":{"allow":["GET"]}}],"collection":[{"href":"https:\/\/www.chinanhd.com\/vi\/wp-json\/wp\/v2\/product"}],"about":[{"href":"https:\/\/www.chinanhd.com\/vi\/wp-json\/wp\/v2\/types\/product"}],"replies":[{"embeddable":true,"href":"https:\/\/www.chinanhd.com\/vi\/wp-json\/wp\/v2\/comments?post=2668"}],"wp:featuredmedia":[{"embeddable":true,"href":"https:\/\/www.chinanhd.com\/vi\/wp-json\/wp\/v2\/media\/3016"}],"wp:attachment":[{"href":"https:\/\/www.chinanhd.com\/vi\/wp-json\/wp\/v2\/media?parent=2668"}],"wp:term":[{"taxonomy":"product_brand","embeddable":true,"href":"https:\/\/www.chinanhd.com\/vi\/wp-json\/wp\/v2\/product_brand?post=2668"},{"taxonomy":"product_cat","embeddable":true,"href":"https:\/\/www.chinanhd.com\/vi\/wp-json\/wp\/v2\/product_cat?post=2668"},{"taxonomy":"product_tag","embeddable":true,"href":"https:\/\/www.chinanhd.com\/vi\/wp-json\/wp\/v2\/product_tag?post=2668"}],"curies":[{"name":"WP","href":"https:\/\/api.w.org\/{rel}","templated":true}]}}