{"id":2678,"date":"2025-04-11T15:40:19","date_gmt":"2025-04-11T07:40:19","guid":{"rendered":"https:\/\/www.chinanhd.com\/?post_type=product&#038;p=2678"},"modified":"2025-12-18T16:44:17","modified_gmt":"2025-12-18T08:44:17","slug":"thickener-for-settling-and-separation","status":"publish","type":"product","link":"https:\/\/www.chinanhd.com\/vi\/product\/thickener-for-settling-and-separation\/","title":{"rendered":"Thickener"},"content":{"rendered":"<p>Ch\u1ea5t l\u00e0m \u0111\u1eb7c l\u00e0 thi\u1ebft b\u1ecb tr\u1ea7m t\u00edch tr\u1ecdng l\u1ef1c \u0111\u1ec3 t\u00e1ch h\u1ed7n h\u1ee3p ch\u1ea5t l\u1ecfng-r\u1eafn c\u1ee7a pha \u0111\u1ed3ng nh\u1ea5t.<\/p>\n<p>&nbsp;<\/p>\n<p><span style=\"font-size: 14pt;\"><strong>\u1ee8ng d\u1ee5ng:<\/strong><\/span><\/p>\n<p>NHD Thickeners t\u00ecm th\u1ea5y c\u00e1c \u1ee9ng d\u1ee5ng r\u1ed9ng r\u00e3i trong nhi\u1ec1u ng\u00e0nh c\u00f4ng nghi\u1ec7p bao g\u1ed3m h\u00f3a ch\u1ea5t ph\u1ed1t pho, luy\u1ec7n kim kh\u00f4ng s\u1eaft, s\u1ea3n xu\u1ea5t alumina, l\u1ee3i \u00edch kim lo\u1ea1i, chu\u1ea9n b\u1ecb than, s\u1ea3n xu\u1ea5t gi\u1ea5y, x\u1eed l\u00fd n\u01b0\u1edbc th\u1ea3i v\u00e0 kh\u1eed l\u01b0u hu\u1ef3nh nh\u00e0 m\u00e1y \u0111i\u1ec7n v.v.<\/p>\n<p><strong>\u00a0<\/strong><\/p>\n<p><span style=\"font-size: 14pt;\"><strong>L\u1ee3i th\u1ebf c\u1ea1nh tranh:<\/strong><\/span><\/p>\n<p><strong>Hi\u1ec7u su\u1ea5t xu\u1ea5t s\u1eafc:<\/strong><\/p>\n<p>C\u00f4ng su\u1ea5t c\u1ee7a b\u1ed9 l\u00e0m d\u00e0y n\u00f3n s\u00e2u NHD g\u1ea5p 15 l\u1ea7n c\u1ee7a b\u1ed9 l\u00e0m d\u00e0y th\u00f4ng th\u01b0\u1eddng, trong khi kh\u1ea3 n\u0103ng n\u00e9n d\u01b0\u1edbi d\u00f2ng ch\u1ea3y c\u1ee7a n\u00f3 cao h\u01a1n g\u1ea7n 10 l\u1ea7n. Thi\u1ebft k\u1ebf c\u1ea5u tr\u00fac h\u1ee3p l\u00fd c\u1ee7a n\u00f3 gi\u1ea3m thi\u1ec3u s\u1ef1 ph\u00e1 h\u1ee7y c\u1ee7a kh\u1ed1i l\u01b0\u1ee3ng \u0111\u00f4ng trong qu\u00e1 tr\u00ecnh pha lo\u00e3ng v\u00e0 cho \u0103n.<\/p>\n<p>&nbsp;<\/p>\n<p><strong>M\u00f4-men xo\u1eafn si\u00eau \u0111\u1ea7u ra:<\/strong><\/p>\n<p>\u1ed4 \u0111\u0129a l\u00e0 m\u1ed9t ph\u1ea7n quan tr\u1ecdng cho b\u1ea5t k\u1ef3 lo\u1ea1i ch\u1ea5t l\u00e0m \u0111\u1eb7c n\u00e0o.<\/p>\n<p>&nbsp;<\/p>\n<p><strong>H\u1ec7 th\u1ed1ng gi\u00e1m s\u00e1t n\u00e2ng cao:<\/strong><\/p>\n<p>C\u00f4ng c\u1ee5 l\u00e0m \u0111\u1eb7c s\u00ea-ri NHD c\u00f9ng v\u1edbi DCS c\u00f3 th\u1ec3 theo d\u00f5i v\u1eadt li\u1ec7u theo h\u01b0\u1edbng omni, t\u00edch h\u1ee3p c\u00e1c thi\u1ebft b\u1ecb li\u00ean quan v\u00e0 x\u1eed l\u00fd d\u1eef li\u1ec7u \u0111\u1ec3 ki\u1ec3m so\u00e1t t\u1ef1 \u0111\u1ed9ng.<\/p>","protected":false},"excerpt":{"rendered":"<p>Thickener is gravity sedimentation\u00a0equipment to separate liquid-solid mixture of homogeneous phase. It is extensively used in industries, such as thickener applied in mineral processing plant, separating fine mineral from water, thickener applied in chloride- alkali plant to separate salt mud, thickener applied in waste water processing plant, and wet process phosphorus aced etc. The thickener [&hellip;]<\/p>\n","protected":false},"featured_media":2679,"comment_status":"open","ping_status":"closed","template":"","meta":[],"product_brand":[],"product_cat":[28],"product_tag":[],"class_list":{"0":"post-2678","1":"product","2":"type-product","3":"status-publish","4":"has-post-thumbnail","6":"product_cat-agitatorthickener-series","8":"first","9":"instock","10":"shipping-taxable","11":"product-type-simple"},"_links":{"self":[{"href":"https:\/\/www.chinanhd.com\/vi\/wp-json\/wp\/v2\/product\/2678","targetHints":{"allow":["GET"]}}],"collection":[{"href":"https:\/\/www.chinanhd.com\/vi\/wp-json\/wp\/v2\/product"}],"about":[{"href":"https:\/\/www.chinanhd.com\/vi\/wp-json\/wp\/v2\/types\/product"}],"replies":[{"embeddable":true,"href":"https:\/\/www.chinanhd.com\/vi\/wp-json\/wp\/v2\/comments?post=2678"}],"wp:featuredmedia":[{"embeddable":true,"href":"https:\/\/www.chinanhd.com\/vi\/wp-json\/wp\/v2\/media\/2679"}],"wp:attachment":[{"href":"https:\/\/www.chinanhd.com\/vi\/wp-json\/wp\/v2\/media?parent=2678"}],"wp:term":[{"taxonomy":"product_brand","embeddable":true,"href":"https:\/\/www.chinanhd.com\/vi\/wp-json\/wp\/v2\/product_brand?post=2678"},{"taxonomy":"product_cat","embeddable":true,"href":"https:\/\/www.chinanhd.com\/vi\/wp-json\/wp\/v2\/product_cat?post=2678"},{"taxonomy":"product_tag","embeddable":true,"href":"https:\/\/www.chinanhd.com\/vi\/wp-json\/wp\/v2\/product_tag?post=2678"}],"curies":[{"name":"WP","href":"https:\/\/api.w.org\/{rel}","templated":true}]}}