{"id":2685,"date":"2025-04-11T15:52:14","date_gmt":"2025-04-11T07:52:14","guid":{"rendered":"https:\/\/www.chinanhd.com\/?post_type=product&#038;p=2685"},"modified":"2025-12-18T16:44:17","modified_gmt":"2025-12-18T08:44:17","slug":"automatic-leaf-filter","status":"publish","type":"product","link":"https:\/\/www.chinanhd.com\/vi\/product\/automatic-leaf-filter\/","title":{"rendered":"B\u1ed9 l\u1ecdc l\u00e1 t\u1ef1 \u0111\u1ed9ng"},"content":{"rendered":"<p>B\u1ed9 l\u1ecdc l\u00e1 NHD ch\u1ee7 y\u1ebfu bao g\u1ed3m t\u00e0u, \u0111\u1ea7u, y\u1ebfu t\u1ed1 l\u1ecdc, b\u1ed9 ph\u1eadn thu th\u1eadp ch\u1ea5t l\u1ecfng, b\u1ec3 c\u1ea5p cao, n\u1ed3i gi\u1ea3m \u00e1p l\u1ef1c v\u00e0 thi\u1ebft b\u1ecb m\u1edf nhanh th\u1ee7y l\u1ef1c v.v. Y\u1ebfu t\u1ed1 l\u1ecdc \u0111\u01b0\u1ee3c l\u00e0m b\u1eb1ng l\u01b0\u1edbi nh\u1ef1a \u0111\u01b0\u1ee3c b\u1ecdc b\u1eb1ng t\u1ea5m \u0111\u1ee5c l\u1ed7 th\u00e9p kh\u00f4ng g\u1ec9, \u0111\u01b0\u1ee3c l\u1eafp \u0111\u1eb7t v\u1edbi \u1ed1ng l\u1ecfng thu th\u1eadp.<\/p>\n<p>Trong qu\u00e1 tr\u00ecnh l\u1ecdc, b\u00f9n \u0111\u01b0\u1ee3c b\u01a1m v\u00e0o b\u00ecnh, treo r\u1eafn trong b\u00f9n th\u00f4 \u0111\u01b0\u1ee3c t\u00e1ch ra tr\u00ean b\u1ec1 m\u1eb7t v\u1ea3i v\u00e0 b\u00e1nh;<\/p>\n<p>&nbsp;<\/p>\n<p><span style=\"font-size: 14pt;\"><strong>\u1ee8ng d\u1ee5ng:<\/strong><\/span><\/p>\n<p>B\u1ed9 l\u1ecdc l\u00e1 c\u00f3 th\u1ec3 \u0111\u01b0\u1ee3c \u00e1p d\u1ee5ng r\u1ed9ng r\u00e3i trong c\u00e1c ng\u00e0nh c\u00f4ng nghi\u1ec7p h\u00f3a h\u1ecdc, d\u1ea7u m\u1ecf, s\u01a1n, th\u1ef1c ph\u1ea9m v\u00e0 d\u01b0\u1ee3c ph\u1ea9m, v.v.<\/p>\n<p>&nbsp;<\/p>\n<p><span style=\"font-size: 14pt;\"><strong>L\u1ee3i th\u1ebf c\u1ea1nh tranh:<\/strong><\/span><\/p>\n<ul>\n<li>Ch\u1ea1y t\u1ef1 \u0111\u1ed9ng, s\u1ee9c m\u1ea1nh lao \u0111\u1ed9ng th\u1ea5p, ho\u1ea1t \u0111\u1ed9ng d\u1ec5 d\u00e0ng;<\/li>\n<li>Ch\u1ea1y trong bao v\u00e2y \u0111\u1ea7y \u0111\u1ee7, cu\u1ed9c s\u1ed1ng l\u00e2u d\u00e0i c\u1ee7a v\u1ea3i, kh\u00f4ng c\u00f3 r\u00f2 r\u1ec9 v\u00e0 \u00f4 nhi\u1ec5m m\u00f4i tr\u01b0\u1eddng:<\/li>\n<li>T\u1ef1 l\u00e0m s\u1ea1ch hi\u1ec7u qu\u1ea3 cao, x\u1ea3 b\u00e1nh ng\u01b0\u1ee3c, thu h\u1ed3i v\u1ea3i m\u00e0 kh\u00f4ng ti\u00eau th\u1ee5 n\u01b0\u1edbc v\u00e0 gi\u1ea3m t\u1ea3i l\u01b0\u1ee3ng bay h\u01a1i hi\u1ec7u qu\u1ea3;<\/li>\n<li>PLC v\u1edbi m\u00e0n h\u00ecnh c\u1ea3m \u1ee9ng, \u0111i\u1ec1u khi\u1ec3n \u0111\u00e1ng tin c\u1eady;<\/li>\n<li>B\u1ea3o v\u1ec7 qu\u00e1 t\u1ea3i \u00e1p l\u1ef1c ba duy nh\u1ea5t trong b\u1ed9 l\u1ecdc \u0111\u1ec3 \u0111\u1ea3m b\u1ea3o ho\u00e0n to\u00e0n an to\u00e0n;<\/li>\n<li>Thi\u1ebft b\u1ecb m\u1edf nhanh th\u1ee7y l\u1ef1c: d\u1ec5 m\u1edf \u0111\u1ea7u;<\/li>\n<li>B\u00f9n t\u1eadp trung cao: B\u00e1nh l\u1ecdc l\u1eafng \u1edf d\u01b0\u1edbi c\u00f9ng c\u1ee7a t\u00e0u sau khi t\u01b0\u1edbc t\u1eeb v\u1ea3i, v\u00e0 s\u1ebd \u0111\u01b0\u1ee3c x\u1ea3 trong chu k\u1ef3 ti\u1ebfp theo v\u1edbi th\u1eddi gian gi\u1ea3i quy\u1ebft d\u00e0i:<\/li>\n<li>C\u00e1c van c\u00e1ch ly \u0111\u01b0\u1ee3c trang b\u1ecb \u0111\u1ec3 c\u00e1ch ly m\u1ed9t ph\u1ea7n t\u1eed \u0111\u01a1n ngay l\u1eadp t\u1ee9c khi x\u1ea3y ra b\u1ea5t th\u01b0\u1eddng; van kh\u00ed n\u00e9n \u0111\u1eb7c bi\u1ec7t \u0111\u00e1ng tin c\u1eady v\u1edbi \u0111\u1ed9ng l\u1ef1c t\u1ed1t v\u00e0 tu\u1ed5i th\u1ecd d\u00e0i:<\/li>\n<li>S\u1eed d\u1ee5ng c\u00e1c y\u1ebfu t\u1ed1 l\u1ecdc polymer t\u0103ng \u0111\u1ed9 ch\u00ednh x\u00e1c l\u1ecdc<\/li>\n<\/ul>","protected":false},"excerpt":{"rendered":"<p>NHD leaf filter mainly consists of vessel, head, filter element, liquid collecting manifold, high level tank, pressure relief pot and hydraulic fast open device etc. The filter element is made of plastic grids wrapped by stainless steel perforated plate, which is installed with collecting liquid tube. During filtration, slurry is pumped into vessel, suspending \u00a0solid [&hellip;]<\/p>\n","protected":false},"featured_media":2687,"comment_status":"open","ping_status":"closed","template":"","meta":[],"product_brand":[],"product_cat":[15],"product_tag":[],"class_list":{"0":"post-2685","1":"product","2":"type-product","3":"status-publish","4":"has-post-thumbnail","6":"product_cat-filter-series","8":"first","9":"instock","10":"shipping-taxable","11":"product-type-simple"},"_links":{"self":[{"href":"https:\/\/www.chinanhd.com\/vi\/wp-json\/wp\/v2\/product\/2685","targetHints":{"allow":["GET"]}}],"collection":[{"href":"https:\/\/www.chinanhd.com\/vi\/wp-json\/wp\/v2\/product"}],"about":[{"href":"https:\/\/www.chinanhd.com\/vi\/wp-json\/wp\/v2\/types\/product"}],"replies":[{"embeddable":true,"href":"https:\/\/www.chinanhd.com\/vi\/wp-json\/wp\/v2\/comments?post=2685"}],"wp:featuredmedia":[{"embeddable":true,"href":"https:\/\/www.chinanhd.com\/vi\/wp-json\/wp\/v2\/media\/2687"}],"wp:attachment":[{"href":"https:\/\/www.chinanhd.com\/vi\/wp-json\/wp\/v2\/media?parent=2685"}],"wp:term":[{"taxonomy":"product_brand","embeddable":true,"href":"https:\/\/www.chinanhd.com\/vi\/wp-json\/wp\/v2\/product_brand?post=2685"},{"taxonomy":"product_cat","embeddable":true,"href":"https:\/\/www.chinanhd.com\/vi\/wp-json\/wp\/v2\/product_cat?post=2685"},{"taxonomy":"product_tag","embeddable":true,"href":"https:\/\/www.chinanhd.com\/vi\/wp-json\/wp\/v2\/product_tag?post=2685"}],"curies":[{"name":"WP","href":"https:\/\/api.w.org\/{rel}","templated":true}]}}