{"id":2692,"date":"2025-04-11T16:03:15","date_gmt":"2025-04-11T08:03:15","guid":{"rendered":"https:\/\/www.chinanhd.com\/?post_type=product&#038;p=2692"},"modified":"2025-12-18T16:44:17","modified_gmt":"2025-12-18T08:44:17","slug":"horizontal-rubber-belt-vacuum-filter","status":"publish","type":"product","link":"https:\/\/www.chinanhd.com\/vi\/product\/horizontal-rubber-belt-vacuum-filter\/","title":{"rendered":"B\u1ed9 l\u1ecdc ch\u00e2n kh\u00f4ng v\u00e0nh \u0111ai cao su ngang"},"content":{"rendered":"<p>B\u1ed9 l\u1ecdc ch\u00e2n kh\u00f4ng v\u00e0nh \u0111ai cao su ngang l\u00e0 m\u1ed9t thi\u1ebft b\u1ecb l\u1ecdc v\u1edbi v\u1ea3i l\u1ecdc h\u00ecnh tr\u00f2n di chuy\u1ec3n nh\u01b0 m\u00f4i tr\u01b0\u1eddng l\u1ecdc, s\u1eed d\u1ee5ng \u00e1p su\u1ea5t \u00e2m &amp; l\u1ef1c h\u1ea5p d\u1eabn \u0111\u01b0\u1ee3c cung c\u1ea5p b\u1edfi thi\u1ebft b\u1ecb ch\u00e2n kh\u00f4ng \u0111\u1ec3 t\u00e1ch r\u1eafn kh\u1ecfi ch\u1ea5t l\u1ecfng m\u1ed9t c\u00e1ch nhanh ch\u00f3ng v\u00e0 li\u00ean t\u1ee5c.<\/p>\n<p>&nbsp;<\/p>\n<p><span style=\"font-size: 14pt;\"><strong>T\u00ednh n\u0103ng c\u1ea5u tr\u00fac:<\/strong><\/span><\/p>\n<ul>\n<li>B\u1ea3o qu\u1ea3n nhi\u1ec7t H\u1ed9p ch\u00e2n kh\u00f4ng, l\u00e0m gi\u1ea3m \u0111\u00e1ng k\u1ec3 hi\u1ec7n t\u01b0\u1ee3ng m\u1edf r\u1ed9ng d\u1ecbch l\u1ecdc do gi\u1ea3m nhi\u1ec7t \u0111\u1ed9 m\u00f4i tr\u01b0\u1eddng.<\/li>\n<li>H\u1ed9p l\u1ecdc h\u00fat ch\u00e2n kh\u00f4ng h\u01b0\u1edbng d\u1eabn, t\u0103ng t\u1ed1c \u0111\u1ed9 d\u00f2ng ch\u1ea3y c\u1ee7a d\u1ecbch l\u1ecdc v\u00e0 tr\u00e1nh t\u1ef7 l\u1ec7.<\/li>\n<li>Thi\u1ebft k\u1ebf H\u1ed9p l\u1ecdc h\u00fat \u0111a bi\u1ebfn r\u00fat ng\u1eafn qu\u00e1 tr\u00ecnh d\u1ecbch l\u1ecdc tr\u00ean v\u00e0nh \u0111ai cao su \u0111\u1ec3 l\u00e0m cho d\u1ecbch l\u1ecdc kh\u00f3 m\u1edf r\u1ed9ng quy m\u00f4 m\u00e0 kh\u00f4ng c\u00f3 g\u00f3c ch\u1ebft.<\/li>\n<li>Thi\u1ebft b\u1ecb h\u1ed7 tr\u1ee3 \u0111ai cao su c\u1ee7a c\u1ea5u tr\u00fac h\u00ecnh khuy\u00ean lo\u1ea1i m\u1edbi H\u1ee7y con l\u0103n h\u01b0\u1edbng d\u1eabn h\u1ed7 tr\u1ee3 v\u00e0 l\u00e0m cho b\u00e1nh kh\u00f4ng d\u1ec5 b\u1ecb n\u1ee9t m\u00e0 kh\u00f4ng ph\u00e1 v\u1ee1 ch\u00e2n kh\u00f4ng.<\/li>\n<\/ul>\n<p>&nbsp;<\/p>\n<p><span style=\"font-size: 14pt;\"><strong>\u1ee8ng d\u1ee5ng:<\/strong><\/span><\/p>\n<p>B\u1ed9 l\u1ecdc ch\u00e2n kh\u00f4ng v\u00e0nh \u0111ai cao su ngang \u0111\u00e3 \u0111\u01b0\u1ee3c s\u1eed d\u1ee5ng r\u1ed9ng r\u00e3i trong c\u00e1c ng\u00e0nh c\u00f4ng nghi\u1ec7p axit ph\u1ed1t pho, luy\u1ec7n kim, khai th\u00e1c m\u1ecf, h\u00f3a ch\u1ea5t, b\u1ea3o v\u1ec7 m\u00f4i tr\u01b0\u1eddng v\u00e0 kh\u1eed l\u01b0u hu\u1ef3nh trong nh\u00e0 m\u00e1y \u0111i\u1ec7n v.v.<\/p>\n<p><strong>\u00a0<\/strong><\/p>\n<p><span style=\"font-size: 14pt;\"><strong>L\u1ee3i th\u1ebf c\u1ea1nh tranh:<\/strong><\/span><\/p>\n<p>1. Thi\u1ebft b\u1ecb c\u0103ng th\u1eb3ng \u0111\u1ed9t qu\u1ef5 l\u1edbn, t\u1ed1c \u0111\u1ed9 ph\u1ea3n \u1ee9ng cao c\u1ee7a c\u0103ng th\u1eb3ng v\u1ea3i, \u0111\u1ed9 l\u1ec7ch th\u1ea5p.<\/p>\n<p>2. Kh\u00f4ng m\u1edf r\u1ed9ng b\u00ean trong h\u1ed9p ch\u00e2n kh\u00f4ng h\u01b0\u1edbng d\u1eabn d\u00f2ng ch\u1ea3y v\u00e0 b\u1ea3o qu\u1ea3n nhi\u1ec7t, kh\u00e1ng ch\u1ea1y th\u1ea5p, hi\u1ec7u qu\u1ea3 s\u1ea3n xu\u1ea5t cao, b\u1ea3o tr\u00ec v\u00e0 s\u1eeda ch\u1eefa d\u1ec5 d\u00e0ng.<\/p>\n<p>3. M\u00e1y phun \u0111a giai \u0111o\u1ea1n, l\u00e0m gi\u1ea3m \u0111\u00e1ng k\u1ec3 s\u1ee9c m\u1ea1nh ho\u1ea1t \u0111\u1ed9ng v\u00e0 b\u1ea3o tr\u00ec.<\/p>\n<p>4. Hi\u1ec7u su\u1ea5t ph\u1ee5c h\u1ed3i t\u1ed1t c\u1ee7a m\u00e1y phun ch\u1eb7t chuy\u00ean cho v\u1ea3i l\u1ecdc c\u00f3 th\u1ec3 ph\u1ee5c h\u1ed3i s\u1ef1 th\u00e2m nh\u1eadp kh\u00f4ng kh\u00ed c\u1ee7a v\u1ea3i l\u1ecdc \u1edf m\u1ee9c \u0111\u1ed9 t\u1ed1i \u0111a.<\/p>\n<p>5. Thi\u1ebft k\u1ebf t\u1ed1i \u01b0u h\u00f3a c\u1ee7a l\u1ecdc r\u00e3nh v\u00e0 l\u1ed7 tr\u00ean v\u00e0nh \u0111ai, l\u1ecdc tho\u00e1t n\u01b0\u1edbc tuy\u1ec7t v\u1eddi v\u00e0 hi\u1ec7u su\u1ea5t l\u1ecdc.<\/p>\n<p>6. H\u1ed7 tr\u1ee3 theo chi\u1ec1u d\u1ecdc c\u1ee7a v\u00e0nh \u0111ai cao su, ho\u1ea1t \u0111\u1ed9ng \u1ed5n \u0111\u1ecbnh, kh\u00f4ng b\u1ecb n\u1ee9t, \u00e1p su\u1ea5t ch\u00eanh l\u1ec7ch l\u1ecdc l\u1edbn.<\/p>\n<p>7. Kh\u1ea3 n\u0103ng th\u00edch \u1ee9ng cao cho thi\u1ebft b\u1ecb c\u00f3 th\u1ec3 nh\u1eadn ra s\u1ef1 ki\u1ec3m so\u00e1t \u0111\u1ed9 d\u00e0y b\u00e1nh, n\u01b0\u1edbc r\u1eeda, m\u1ee9c \u0111\u1ed9 ch\u00e2n kh\u00f4ng v\u00e0 chu k\u1ef3 ch\u1ea1y v.v.<\/p>\n<p>8. Hi\u1ec7u \u1ee9ng gi\u1eb7t t\u1ed1t: hi\u1ec7u \u1ee9ng gi\u1eb7t t\u1ed1t h\u01a1n b\u1eb1ng lo\u1ea1i gi\u1eb7t \u0111a giai \u0111o\u1ea1n.<\/p>\n<p>9. Khung n\u1eb7ng \u0111\u01b0\u1ee3c thi\u1ebft k\u1ebf m\u00f4-\u0111un d\u1ec5 lo\u1ea1i b\u1ecf, v\u1eadn chuy\u1ec3n v\u00e0 l\u1eafp r\u00e1p. M\u1ed9t tr\u01b0\u1eddng t\u1ea7m nh\u00ecn m\u1edf c\u00f3 th\u1ec3 bi\u1ebft \u0111i\u1ec1u ki\u1ec7n ho\u1ea1t \u0111\u1ed9ng c\u1ee7a thi\u1ebft b\u1ecb l\u1ea7n \u0111\u1ea7u ti\u00ean.<\/p>\n<p>10. Ho\u1ea1t \u0111\u1ed9ng d\u1ec5 d\u00e0ng, \u00edt th\u00e0nh ph\u1ea7n di chuy\u1ec3n, chi ph\u00ed b\u1ea3o tr\u00ec th\u1ea5p.<\/p>","protected":false},"excerpt":{"rendered":"<p>The horizontal rubber belt vacuum filter is a filtration equipment with circular-moving toroidal filter cloth as filtration medium, using negative pressure &amp; gravitational force provided by vacuum equipment to separate solid from liquid quickly and continuously. &nbsp; Structure Features: Heat preservation vacuum box, greatly reducing the phenomenon of filtrate scaling caused by reduction of environmental [&hellip;]<\/p>\n","protected":false},"featured_media":2693,"comment_status":"open","ping_status":"closed","template":"","meta":[],"product_brand":[],"product_cat":[15],"product_tag":[],"class_list":{"0":"post-2692","1":"product","2":"type-product","3":"status-publish","4":"has-post-thumbnail","6":"product_cat-filter-series","8":"first","9":"instock","10":"shipping-taxable","11":"product-type-simple"},"_links":{"self":[{"href":"https:\/\/www.chinanhd.com\/vi\/wp-json\/wp\/v2\/product\/2692","targetHints":{"allow":["GET"]}}],"collection":[{"href":"https:\/\/www.chinanhd.com\/vi\/wp-json\/wp\/v2\/product"}],"about":[{"href":"https:\/\/www.chinanhd.com\/vi\/wp-json\/wp\/v2\/types\/product"}],"replies":[{"embeddable":true,"href":"https:\/\/www.chinanhd.com\/vi\/wp-json\/wp\/v2\/comments?post=2692"}],"wp:featuredmedia":[{"embeddable":true,"href":"https:\/\/www.chinanhd.com\/vi\/wp-json\/wp\/v2\/media\/2693"}],"wp:attachment":[{"href":"https:\/\/www.chinanhd.com\/vi\/wp-json\/wp\/v2\/media?parent=2692"}],"wp:term":[{"taxonomy":"product_brand","embeddable":true,"href":"https:\/\/www.chinanhd.com\/vi\/wp-json\/wp\/v2\/product_brand?post=2692"},{"taxonomy":"product_cat","embeddable":true,"href":"https:\/\/www.chinanhd.com\/vi\/wp-json\/wp\/v2\/product_cat?post=2692"},{"taxonomy":"product_tag","embeddable":true,"href":"https:\/\/www.chinanhd.com\/vi\/wp-json\/wp\/v2\/product_tag?post=2692"}],"curies":[{"name":"WP","href":"https:\/\/api.w.org\/{rel}","templated":true}]}}