{"id":2699,"date":"2025-04-11T16:08:22","date_gmt":"2025-04-11T08:08:22","guid":{"rendered":"https:\/\/www.chinanhd.com\/?post_type=product&#038;p=2699"},"modified":"2025-12-18T16:44:17","modified_gmt":"2025-12-18T08:44:17","slug":"desulfurization-regeneration-tower-sprayer-in-steel-plant","status":"publish","type":"product","link":"https:\/\/www.chinanhd.com\/vi\/product\/desulfurization-regeneration-tower-sprayer-in-steel-plant\/","title":{"rendered":"Th\u00e1p t\u00e1i sinh kh\u1eed l\u01b0u hu\u1ef3nh, m\u00e1y phun trong nh\u00e0 m\u00e1y th\u00e9p"},"content":{"rendered":"<p>L\u1edbp l\u00f3t h\u1ee3p kim h\u1ee3p \u0111\u1ed3ng NHD b\u00ean trong th\u00e1p h\u1ea5p th\u1ee5 kh\u1eed l\u01b0u hu\u1ef3nh c\u1ee7a m\u1ed9t nh\u00e0 m\u00e1y \u0111i\u1ec7n \u1edf t\u1ec9nh S\u01a1n \u0110\u00f4ng v\u1edbi \u0111\u01a1n v\u1ecb 6 \u00d7 700MW, bao g\u1ed3m cung c\u1ea5p t\u1ea5t c\u1ea3 c\u00e1c t\u1ea5m h\u1ee3p kim C276, t\u1ea5m h\u1ee3p kim 1,4529, \u1ed1ng h\u1ee3p kim, m\u1eb7t b\u00edch, \u0111i\u1ec7n c\u1ef1c, d\u00e2y h\u00e0n v\u00e0 x\u00e2y d\u1ef1ng trang web.<\/p>\n<p>C\u00e1c v\u1eadt li\u1ec7u l\u00f3t l\u00e0 Hastelloy-C276 h\u1ee3p kim, v\u00e0 dinner austenitic 1.4529 \u0111\u01b0\u1ee3c s\u1ea3n xu\u1ea5t t\u1ea1i Hoa K\u1ef3.<\/p>\n<p>C\u00e1c t\u1ea5m h\u1ee3p kim \u0111\u01b0\u1ee3c c\u1eaft b\u1eb1ng m\u00e1y k\u00e9o n\u01b0\u1edbc ho\u1eb7c t\u1ea5m k\u00e9o.<\/p>\n<p>H\u00e0n kh\u1edbp gi\u1eefa t\u1ea5m l\u00f3t \u0111\u1ea3m b\u1ea3o kh\u1ea3 n\u0103ng ch\u1ed1ng \u0103n m\u00f2n \u1edf khu v\u1ef1c h\u00e0n kh\u1edbp. H\u00e0n filet gi\u00e1n \u0111o\u1ea1n \u0111\u01b0\u1ee3c s\u1eed d\u1ee5ng gi\u1eefa h\u1ee3p kim v\u00e0 th\u00e9p carbon v\u00e0 h\u00e0n ch\u1ed3ng ch\u00e9o \u0111\u01b0\u1ee3c s\u1eed d\u1ee5ng gi\u1eefa c\u00e1c t\u1ea5m l\u00f3t.<\/p>\n<p>H\u00e0n ph\u00edch c\u1eafm \u0111\u01b0\u1ee3c s\u1eed d\u1ee5ng \u0111\u1ec3 c\u00f3 \u0111\u01b0\u1ee3c s\u1ee9c m\u1ea1nh t\u1ed1t v\u00e0 d\u00e1n gi\u1eefa t\u1ea5m l\u00f3t v\u00e0 t\u1ea5m \u0111\u1ebf.<\/p>\n<p>M\u00e1y phun ph\u00e2n ph\u1ed1i b\u00f9n t\u1eeb m\u00e1y b\u01a1m tu\u1ea7n ho\u00e0n \u0111\u1ebfn m\u1ed7i \u0111i\u1ec3m. M\u1ed7i m\u00e1y phun bao g\u1ed3m m\u1ed9t b\u1ed9 ph\u1eadn v\u00e0 h\u00e0ng ch\u1ee5c nh\u00e1nh, v\u00e0 b\u00f9n c\u1ee7a th\u00e1p h\u1ea5p th\u1ee5 s\u1ebd \u0111\u01b0\u1ee3c b\u01a1m th\u00f4ng qua b\u1ed9 ph\u1eadn v\u00e0 nh\u00e1nh \u0111\u1ebfn v\u00f2i phun.<\/p>","protected":false},"excerpt":{"rendered":"<p>NHD contract alloy lining inside desulphurization absorption tower of one power plant in Shandong Province with 6\u00d7700MW unit, including supply of all C276 alloy plates, 1.4529 alloy plates, alloy pipes, flanges, electrodes, weld wires and site constructions. The lining materials are Hastelloy-C276 Alloy, and supper austenitic 1.4529 manufactured in the United States. Alloy plates are [&hellip;]<\/p>\n","protected":false},"featured_media":3007,"comment_status":"open","ping_status":"closed","template":"","meta":[],"product_brand":[],"product_cat":[31],"product_tag":[],"class_list":{"0":"post-2699","1":"product","2":"type-product","3":"status-publish","4":"has-post-thumbnail","6":"product_cat-desulfurization-equipment-series","8":"first","9":"instock","10":"shipping-taxable","11":"product-type-simple"},"_links":{"self":[{"href":"https:\/\/www.chinanhd.com\/vi\/wp-json\/wp\/v2\/product\/2699","targetHints":{"allow":["GET"]}}],"collection":[{"href":"https:\/\/www.chinanhd.com\/vi\/wp-json\/wp\/v2\/product"}],"about":[{"href":"https:\/\/www.chinanhd.com\/vi\/wp-json\/wp\/v2\/types\/product"}],"replies":[{"embeddable":true,"href":"https:\/\/www.chinanhd.com\/vi\/wp-json\/wp\/v2\/comments?post=2699"}],"wp:featuredmedia":[{"embeddable":true,"href":"https:\/\/www.chinanhd.com\/vi\/wp-json\/wp\/v2\/media\/3007"}],"wp:attachment":[{"href":"https:\/\/www.chinanhd.com\/vi\/wp-json\/wp\/v2\/media?parent=2699"}],"wp:term":[{"taxonomy":"product_brand","embeddable":true,"href":"https:\/\/www.chinanhd.com\/vi\/wp-json\/wp\/v2\/product_brand?post=2699"},{"taxonomy":"product_cat","embeddable":true,"href":"https:\/\/www.chinanhd.com\/vi\/wp-json\/wp\/v2\/product_cat?post=2699"},{"taxonomy":"product_tag","embeddable":true,"href":"https:\/\/www.chinanhd.com\/vi\/wp-json\/wp\/v2\/product_tag?post=2699"}],"curies":[{"name":"WP","href":"https:\/\/api.w.org\/{rel}","templated":true}]}}