{"id":2704,"date":"2025-04-11T16:11:54","date_gmt":"2025-04-11T08:11:54","guid":{"rendered":"https:\/\/www.chinanhd.com\/?post_type=product&#038;p=2704"},"modified":"2025-12-18T16:44:17","modified_gmt":"2025-12-18T08:44:17","slug":"pressure-vessel","status":"publish","type":"product","link":"https:\/\/www.chinanhd.com\/vi\/product\/pressure-vessel\/","title":{"rendered":"T\u00e0u \u00e1p l\u1ef1c"},"content":{"rendered":"<p>V\u00e0o n\u0103m 2012, NHD \u0111\u00e3 \u0111\u01b0\u1ee3c c\u1ea5p gi\u1ea5y ph\u00e9p s\u1ea3n xu\u1ea5t t\u00e0u \u00e1p su\u1ea5t th\u1ea5p th\u1ee9 nh\u1ea5t &amp; th\u1ee9 hai, thi\u1ebft k\u1ebf v\u00e0 s\u1ea3n xu\u1ea5t l\u00f2 ph\u1ea3n \u1ee9ng \u00e1p su\u1ea5t kh\u00e1c nhau, b\u1ec3 ch\u1ee9a \u00e1p su\u1ea5t, b\u1ec3 ch\u1ee9a kh\u00ed \u00e1p su\u1ea5t, b\u1ed9 trao \u0111\u1ed5i nhi\u1ec7t h\u00ecnh \u1ed1ng, trao \u0111\u1ed5i nhi\u1ec7t, c\u00e1c th\u00e1p kh\u00e1c nhau v\u1edbi \u00e1p su\u1ea5t, b\u1ec3 v\u1edbi \u00e1p su\u1ea5t v\u00e0 t\u00e0u c\u00f3 \u00e1p su\u1ea5t, v.v.<\/p>\n<p>&nbsp;<\/p>\n<p><span style=\"font-size: 14pt;\"><strong>\u1ee8ng d\u1ee5ng:<\/strong><\/span><\/p>\n<p>C\u00e1c th\u00f9ng \u00e1p l\u1ef1c c\u00f3 th\u1ec3 \u0111\u01b0\u1ee3c s\u1eed d\u1ee5ng r\u1ed9ng r\u00e3i trong nhi\u1ec1u ng\u00e0nh c\u00f4ng nghi\u1ec7p, ch\u1eb3ng h\u1ea1n nh\u01b0 n\u00f3ng ch\u1ea3y phi s\u1eaft, v\u1eadt li\u1ec7u m\u1edbi th\u1ee9 ba, h\u00f3a ch\u1ea5t tinh t\u1ebf, d\u01b0\u1ee3c ph\u1ea9m, th\u1ef1c ph\u1ea9m, h\u00f3a ch\u1ea5t mu\u1ed1i, b\u1ea3o v\u1ec7 m\u00f4i tr\u01b0\u1eddng, v.v., v\u00e0 ph\u00f9 h\u1ee3p v\u1edbi nhi\u1ec1u lo\u1ea1i thi\u1ebft b\u1ecb nh\u01b0 m\u00e1y khu\u1ea5y \u0111\u1ed9ng, v.v.<\/p>","protected":false},"excerpt":{"rendered":"<p>In 2012, NHD was granted the Manufacture License of First &amp; Second Type Low &amp; Middle Pressure Vessel, designing and manufacturing various pressure reactor, pressure storage tank, pressure gas reservoir, tubular heat exchanger, plate heat exchanger, various towers with pressure, tanks with pressure and vessels with pressure etc. &nbsp; Applications: Pressure vessels can be widely [&hellip;]<\/p>\n","protected":false},"featured_media":2707,"comment_status":"open","ping_status":"closed","template":"","meta":[],"product_brand":[],"product_cat":[30],"product_tag":[],"class_list":{"0":"post-2704","1":"product","2":"type-product","3":"status-publish","4":"has-post-thumbnail","6":"product_cat-pressure-vessel-series","8":"first","9":"instock","10":"shipping-taxable","11":"product-type-simple"},"_links":{"self":[{"href":"https:\/\/www.chinanhd.com\/vi\/wp-json\/wp\/v2\/product\/2704","targetHints":{"allow":["GET"]}}],"collection":[{"href":"https:\/\/www.chinanhd.com\/vi\/wp-json\/wp\/v2\/product"}],"about":[{"href":"https:\/\/www.chinanhd.com\/vi\/wp-json\/wp\/v2\/types\/product"}],"replies":[{"embeddable":true,"href":"https:\/\/www.chinanhd.com\/vi\/wp-json\/wp\/v2\/comments?post=2704"}],"wp:featuredmedia":[{"embeddable":true,"href":"https:\/\/www.chinanhd.com\/vi\/wp-json\/wp\/v2\/media\/2707"}],"wp:attachment":[{"href":"https:\/\/www.chinanhd.com\/vi\/wp-json\/wp\/v2\/media?parent=2704"}],"wp:term":[{"taxonomy":"product_brand","embeddable":true,"href":"https:\/\/www.chinanhd.com\/vi\/wp-json\/wp\/v2\/product_brand?post=2704"},{"taxonomy":"product_cat","embeddable":true,"href":"https:\/\/www.chinanhd.com\/vi\/wp-json\/wp\/v2\/product_cat?post=2704"},{"taxonomy":"product_tag","embeddable":true,"href":"https:\/\/www.chinanhd.com\/vi\/wp-json\/wp\/v2\/product_tag?post=2704"}],"curies":[{"name":"WP","href":"https:\/\/api.w.org\/{rel}","templated":true}]}}