{"id":2717,"date":"2025-04-11T16:44:02","date_gmt":"2025-04-11T08:44:02","guid":{"rendered":"https:\/\/www.chinanhd.com\/?post_type=product&#038;p=2717"},"modified":"2026-01-19T10:46:39","modified_gmt":"2026-01-19T02:46:39","slug":"rotary-table-vacuum-filter-in-the-industry-of-phosphoric-acid-alumina-titanium-dioxide-etc","status":"publish","type":"product","link":"https:\/\/www.chinanhd.com\/vi\/product\/rotary-table-vacuum-filter-in-the-industry-of-phosphoric-acid-alumina-titanium-dioxide-etc\/","title":{"rendered":"B\u1ed9 l\u1ecdc ch\u00e2n kh\u00f4ng Pan (cho Titanium Dioxide)"},"content":{"rendered":"<p>B\u00e0n l\u1ecdc ch\u00e2n kh\u00f4ng Pan \u0111\u01b0\u1ee3c l\u00e0m b\u1eb1ng h\u00e0ng ch\u1ee5c x\u00f4 l\u1ecdc h\u00ecnh qu\u1ea1t, t\u1ea1o th\u00e0nh m\u1ed9t v\u00f2ng l\u1ecdc ngang, v\u00e0 x\u00f4 l\u1ecdc \u0111\u01b0\u1ee3c h\u1ed7 tr\u1ee3 tr\u00ean v\u01b0\u01a1ng mi\u1ec7n \u1ed5 \u0111\u0129a v\u1edbi m\u1ed9t c\u1ea5u tr\u00fac h\u1ed7 tr\u1ee3. V\u01b0\u01a1ng mi\u1ec7n \u1ed5 \u0111\u0129a \u0111\u01b0\u1ee3c h\u1ed7 tr\u1ee3 v\u00e0 h\u1ea1n ch\u1ebf b\u1edfi c\u00e1c con l\u0103n h\u1ed7 tr\u1ee3 v\u00e0 t\u1eadp trung. B\u00e1nh r\u0103ng pinion c\u1ee7a \u0111\u01a1n v\u1ecb l\u00e1i quay b\u1ea3ng l\u1ecdc.<\/p>\n<p>V\u00f2ng b\u00ean trong c\u1ee7a th\u00e9p kh\u00f4ng g\u1ec9 ho\u1ea1t \u0111\u1ed9ng v\u1edbi c\u00e1c v\u00e0nh \u0111ai cao su v\u00f2ng ngo\u00e0i \u0111\u1ec3 t\u1ea1o th\u00e0nh m\u1ed9t bu\u1ed3ng v\u00e0 \u0111\u1eadp c\u00f3 th\u1ec3 chia th\u00e0nh nhi\u1ec1u ph\u1ea7n.<\/p>\n<p>Sau khi cho \u0103n, b\u00f9n b\u1ecb h\u00fat v\u00e0 l\u1ecdc b\u1eb1ng ch\u00e2n kh\u00f4ng \u0111\u1ec3 t\u1ea1o th\u00e0nh b\u00e1nh l\u1ecdc.<\/p>\n<p>&nbsp;<\/p>\n<p><span style=\"font-size: 14pt;\"><strong>\u1ee8ng d\u1ee5ng:<\/strong><\/span><\/p>\n<p>M\u1ed9t s\u1ed1 m\u00f4 h\u00ecnh \u0111\u01b0\u1ee3c s\u1eed d\u1ee5ng trong ng\u00e0nh c\u00f4ng nghi\u1ec7p titan dioxide, luy\u1ec7n kim, b\u1ea3o v\u1ec7 m\u00f4i tr\u01b0\u1eddng, r\u1eeda qu\u1eb7ng v\u00e0 l\u00e0m gi\u1ea5y, v.v.<\/p>\n<p><strong>\u00a0<\/strong><\/p>\n<p><span style=\"font-size: 14pt;\"><strong>L\u1ee3i th\u1ebf c\u1ea1nh tranh:<\/strong><\/span><\/p>\n<p>1. Ph\u00e2n chia khoa h\u1ecdc c\u1ee7a c\u00e1c t\u1ebf b\u00e0o l\u1ecdc, s\u1ef1 s\u1eafp x\u1ebfp c\u1ee7a con l\u0103n trung t\u00e2m v\u00e0 h\u1ed7 tr\u1ee3, thi\u1ebft k\u1ebf con l\u0103n h\u1ed7 tr\u1ee3 c\u00f4n, t\u1ea5t c\u1ea3 nh\u1eefng \u0111i\u1ec1u n\u00e0y g\u00f3p ph\u1ea7n v\u00e0o m\u1ed9t c\u1ea5u tr\u00fac \u0111\u01b0\u1ee3c t\u1ea3i ngang b\u1eb1ng v\u00e0 ho\u1ea1t \u0111\u1ed9ng \u1ed5n \u0111\u1ecbnh. \u0110\u1ed9 ph\u1eb3ng c\u1ee7a to\u00e0n b\u1ed9 ch\u1ea3o c\u0169ng c\u00f3 th\u1ec3 \u0111\u01b0\u1ee3c ki\u1ec3m so\u00e1t nghi\u00eam ng\u1eb7t.<\/p>\n<p>2. Nhi\u1ec1u c\u1ea3i ti\u1ebfn gi\u1ea3i quy\u1ebft ho\u1ea1t \u0111\u1ed9ng trong qu\u1eb7ng ph\u1ed1t phat c\u1ea5p th\u1ea5p, m\u1edf r\u1ed9ng ph\u1ea1m vi \u1ee9ng d\u1ee5ng c\u1ee7a b\u1ed9 l\u1ecdc b\u00e0n ch\u00e2n kh\u00f4ng quay.<\/p>\n<p>3. Ph\u00f2ng phun ph\u1eb3ng ki\u1ec3u m\u1edbi \u0111\u01b0\u1ee3c trang b\u1ecb ti\u00eau th\u1ee5 n\u0103ng l\u01b0\u1ee3ng th\u1ea5p, l\u1ef1c ch\u1ea3i cao v\u00e0 ti\u1ebft ki\u1ec7m n\u01b0\u1edbc. N\u00f3 s\u1ebd t\u1ed1t h\u01a1n nhi\u1ec1u c\u00f9ng v\u1edbi b\u1ed9 l\u1ecdc ch\u1ed1ng kh\u1eafc c\u1ee7a v\u00f2i phun.<\/p>\n<p>4. Van ph\u00e2n ph\u1ed1i trung t\u00e2m th\u1ea5p h\u01a1n \u0111\u01b0\u1ee3c thi\u1ebft k\u1ebf v\u1edbi \u0111\u1ed9 nghi\u00eang l\u1edbn v\u00e0 d\u00f2ng ch\u1ea3y d\u1eabn \u0111\u1ea7u, c\u00f3 th\u1ec3 gi\u1ea3i quy\u1ebft v\u1ea5n \u0111\u1ec1 m\u1edf r\u1ed9ng ho\u1eb7c kh\u1ed1i th\u1ea1ch th\u1ea1ch, gi\u1ea3m c\u00f4ng vi\u1ec7c s\u1ea1ch v\u00e0 t\u0103ng t\u1ef7 l\u1ec7 ho\u1ea1t \u0111\u1ed9ng r\u1ea5t nhi\u1ec1u.<\/p>\n<p>5. Thi\u1ebft k\u1ebf c\u1ee7a b\u1ed9 ph\u00e2n ph\u1ed1i tr\u00e0n ng\u1eadp lo\u1ea1i t\u1ea5m c\u00f3 th\u1ec3 \u0111i\u1ec1u ch\u1ec9nh v\u00e0 m\u00e1y t\u1ea9y c\u00f3 th\u1ec3 \u0111\u1ea1t \u0111\u01b0\u1ee3c hi\u1ec7u qu\u1ea3 t\u1ed1t c\u1ee7a vi\u1ec7c ph\u00e2n ph\u1ed1i \u0111\u1ed3ng \u0111\u1ec1u, s\u1ea5y b\u00e1nh v\u00e0 gi\u1eb7t.<\/p>\n<p>6. D\u1ea3i b\u00e1o ch\u00ed h\u00ecnh cung c\u00f3 th\u1ec3 gi\u1ea3m quy m\u00f4 trong khe d\u1ea3i t\u1ed1t, r\u00fat ng\u1eafn th\u1eddi gian thay th\u1ebf v\u1ea3i v\u00e0 t\u0103ng t\u1ef7 l\u1ec7 ho\u1ea1t \u0111\u1ed9ng r\u1ea5t nhi\u1ec1u.<\/p>","protected":false},"excerpt":{"rendered":"<p>The table of pan vacuum filter is made of dozens fan-shaped filtration buckets, which form a horizontal filtration ring, and the filtration buckets are supported on the drive crown with a supporting structure. The drive crown is supported and limited by the supporting and centering rollers. The pinion gear of the drive unit rotates the [&hellip;]<\/p>\n","protected":false},"featured_media":3699,"comment_status":"open","ping_status":"closed","template":"","meta":[],"product_brand":[],"product_cat":[15],"product_tag":[],"class_list":{"0":"post-2717","1":"product","2":"type-product","3":"status-publish","4":"has-post-thumbnail","6":"product_cat-filter-series","8":"first","9":"instock","10":"shipping-taxable","11":"product-type-simple"},"_links":{"self":[{"href":"https:\/\/www.chinanhd.com\/vi\/wp-json\/wp\/v2\/product\/2717","targetHints":{"allow":["GET"]}}],"collection":[{"href":"https:\/\/www.chinanhd.com\/vi\/wp-json\/wp\/v2\/product"}],"about":[{"href":"https:\/\/www.chinanhd.com\/vi\/wp-json\/wp\/v2\/types\/product"}],"replies":[{"embeddable":true,"href":"https:\/\/www.chinanhd.com\/vi\/wp-json\/wp\/v2\/comments?post=2717"}],"wp:featuredmedia":[{"embeddable":true,"href":"https:\/\/www.chinanhd.com\/vi\/wp-json\/wp\/v2\/media\/3699"}],"wp:attachment":[{"href":"https:\/\/www.chinanhd.com\/vi\/wp-json\/wp\/v2\/media?parent=2717"}],"wp:term":[{"taxonomy":"product_brand","embeddable":true,"href":"https:\/\/www.chinanhd.com\/vi\/wp-json\/wp\/v2\/product_brand?post=2717"},{"taxonomy":"product_cat","embeddable":true,"href":"https:\/\/www.chinanhd.com\/vi\/wp-json\/wp\/v2\/product_cat?post=2717"},{"taxonomy":"product_tag","embeddable":true,"href":"https:\/\/www.chinanhd.com\/vi\/wp-json\/wp\/v2\/product_tag?post=2717"}],"curies":[{"name":"WP","href":"https:\/\/api.w.org\/{rel}","templated":true}]}}