{"id":2842,"date":"2025-04-29T10:12:20","date_gmt":"2025-04-29T02:12:20","guid":{"rendered":"https:\/\/www.chinanhd.com\/?post_type=product&#038;p=2842"},"modified":"2025-12-18T16:44:17","modified_gmt":"2025-12-18T08:44:17","slug":"becofil-candle-filter","status":"publish","type":"product","link":"https:\/\/www.chinanhd.com\/vi\/product\/becofil-candle-filter\/","title":{"rendered":"B\u1ed9 l\u1ecdc n\u1ebfn BECOFIL"},"content":{"rendered":"<p>N\u0103m 2005, NHD b\u1eaft \u0111\u1ea7u h\u1ee3p t\u00e1c v\u1edbi Begg Cousland \u0111\u1ec3 l\u1eafp r\u00e1p b\u1ed9 l\u1ecdc n\u1ebfn BECOFIL. Trong khi c\u00e1c th\u00e0nh ph\u1ea7n c\u1ed1t l\u00f5i v\u1eabn \u0111\u01b0\u1ee3c nh\u1eadp kh\u1ea9u t\u1eeb Begg Cousland, NHD \u0111\u1ea3m b\u1ea3o ch\u1ea5t l\u01b0\u1ee3ng ph\u00f9 h\u1ee3p v\u1edbi c\u00e1c b\u1ed9 l\u1ecdc nh\u1eadp kh\u1ea9u ban \u0111\u1ea7u.<\/p>\n<p>Tr\u1ee5 s\u1edf ch\u00ednh c\u1ee7a c\u00f4ng ty Begg Cousland n\u1eb1m \u1edf Glasgow, Scotland, v\u1edbi l\u1ecbch s\u1eed h\u01a1n 150 n\u0103m. Begg Cousland chuy\u00ean v\u1ec1 thi\u1ebft k\u1ebf &amp; s\u1ea3n xu\u1ea5t Mist Eliminators, cung c\u1ea5p m\u1ed9t lo\u1ea1t c\u00e1c d\u00e2y &amp; amp; S\u1ea3n ph\u1ea9m d\u1ef1a tr\u00ean s\u1ee3i \u0111\u1ec3 ki\u1ec3m so\u00e1t \u00f4 nhi\u1ec5m kh\u00f4ng kh\u00ed c\u00f4ng nghi\u1ec7p v\u00e0 l\u1ecdc trong qu\u00e1 tr\u00ecnh. Begg Cousland l\u00e0 nh\u00e0 s\u1ea3n xu\u1ea5t duy nh\u1ea5t \u0111\u01b0\u1ee3c c\u1ea5p ph\u00e9p c\u1ee7a b\u1ed9 l\u1ecdc n\u1ebfn s\u1ee3i c\u1ee7a ICI, v\u00e0 cung c\u1ea5p 99% b\u1ed9 l\u1ecdc n\u1ebfn kh\u00f4ng \u01b0\u1edbt cho C\u00f4ng ty Lurgi.<\/p>\n<p>Cho \u0111\u1ebfn nay, Begg Cousland c\u00f3 h\u00e0ng tr\u0103m \u1ee9ng d\u1ee5ng tr\u00ean to\u00e0n th\u1ebf gi\u1edbi, v\u00e0 b\u1ed9 l\u1ecdc n\u1ebfn BECOFIL c\u1ee7a n\u00f3 \u0111\u00e3 \u0111\u01b0\u1ee3c li\u00ean t\u1ee5c c\u1ea3i thi\u1ec7n. C\u00e1c s\u1ee3i \u0111\u01b0\u1ee3c s\u1eed d\u1ee5ng trong b\u1ed9 l\u1ecdc c\u00f3 th\u1ec3 nh\u1ecf \u0111\u1ebfn 7 micromet v\u00e0 \u0111\u01b0\u1ee3c s\u1eafp x\u1ebfp theo h\u01b0\u1edbng th\u00f4ng qua m\u1ed9t quy tr\u00ecnh \u0111\u1eb7c bi\u1ec7t \u0111\u1ec3 lo\u1ea1i b\u1ecf s\u01b0\u01a1ng m\u00f9 k\u00edch th\u01b0\u1edbc nh\u1ecf, \u0111\u00e1p \u1ee9ng c\u00e1c y\u00eau c\u1ea7u ph\u00e1t th\u1ea3i c\u00f4ng nghi\u1ec7p. Begg Cousland thi\u1ebft k\u1ebf c\u00e1c b\u1ed9 l\u1ecdc d\u1ef1a tr\u00ean c\u00e1c th\u00f4ng s\u1ed1 k\u1ef9 thu\u1eadt nh\u01b0 c\u00f4ng su\u1ea5t, m\u1ea5t \u00e1p su\u1ea5t v\u00e0 hi\u1ec7u qu\u1ea3.<\/p>\n<p>&nbsp;<\/p>\n<p><strong>\u1ee8ng d\u1ee5ng:<\/strong><\/p>\n<ul>\n<li>Nh\u00e0 m\u00e1y axit sulfuric (th\u00e1p s\u1ea5y, th\u00e1p h\u1ea5p th\u1ee5 ch\u00ednh\/th\u1ee9 c\u1ea5p)<\/li>\n<li>Qu\u00e1 tr\u00ecnh clo-ki\u1ec1m (x\u1eed l\u00fd clo \u01b0\u1edbt \/ kh\u00f4, hydro, NaOH t\u1eadp trung)<\/li>\n<li>H\u1ec7 th\u1ed1ng ph\u1ee5 tr\u1ee3 (th\u00e1p ph\u1ee5c h\u1ed3i nhi\u1ec7t th\u1ea3i nhi\u1ec7t \u0111\u1ed9 th\u1ea5p, th\u00e1p x\u00f3a kh\u00ed h\u1ed7n h\u1ee3p)<\/li>\n<\/ul>\n<p>&nbsp;<\/p>\n<p><strong>L\u1ee3i th\u1ebf c\u1ea1nh tranh:<\/strong><\/p>\n<ol>\n<li>S\u1ea3n xu\u1ea5t b\u1eb1ng c\u00f4ng ngh\u1ec7 \u0111\u01b0\u1ee3c c\u1ea5p ph\u00e9p ICI s\u1eed d\u1ee5ng s\u1ee3i \u0111\u01b0\u1ee3c l\u1ef1a ch\u1ecdn t\u1ed1i \u01b0u v\u00e0 m\u1eadt \u0111\u1ed9 \u0111\u00f3ng g\u00f3i \u0111\u1ec3 lo\u1ea1i b\u1ecf s\u01b0\u01a1ng m\u00f9 t\u1ed1i \u0111a trong m\u1ee9c gi\u1ea3m \u00e1p su\u1ea5t th\u1ea5p.<\/li>\n<li>Qu\u00e1 tr\u00ecnh n\u00e9n 5 b\u01b0\u1edbc \u0111\u1ed9c \u0111\u00e1o (c\u00e2n n\u1eb7ng, \u0111\u00fac, n\u00e9n th\u1ee7y l\u1ef1c \u1edf kho\u1ea3ng c\u00e1ch 150mm, s\u01b0\u1edfi \u1ea5m, th\u00e1o \u0111\u00fac) \u0111\u1ea3m b\u1ea3o ph\u00e2n ph\u1ed1i m\u1eadt \u0111\u1ed9 \u0111\u1ed3ng nh\u1ea5t.<\/li>\n<li>T\u1ea5t c\u1ea3 c\u00e1c th\u00e0nh ph\u1ea7n kim lo\u1ea1i s\u1eed d\u1ee5ng v\u1eadt li\u1ec7u ch\u1ed1ng \u0103n m\u00f2n nh\u01b0 316L, v\u1edbi \u0111\u1ec7m VITON \u0111\u1ec3 k\u00e9o d\u00e0i tu\u1ed5i th\u1ecd.<\/li>\n<\/ol>\n<p>&nbsp;<\/p>","protected":false},"excerpt":{"rendered":"<p>B\u1ed9 l\u1ecdc n\u1ebfn BECOFIL l\u00e0 m\u1ed9t lo\u1ea1i thi\u1ebft b\u1ecb m\u1ea5t hi\u1ec7u qu\u1ea3 cao v\u00e0 \u00e1p su\u1ea5t th\u1ea5p, n\u00f3 c\u00f3 th\u1ec3 \u0111\u01b0\u1ee3c s\u1eed d\u1ee5ng r\u1ed9ng r\u00e3i trong m\u00e1y bay h\u01a1i n\u01b0\u1edbc bi\u1ec3n, h\u1ec7 th\u1ed1ng kh\u00f4ng kh\u00ed n\u00e9n, h\u1ec7 th\u1ed1ng ph\u00e1t th\u1ea3i kh\u00ed, th\u00e1p ch\u01b0ng c\u1ea5t, tr\u1ed1ng knock-out, th\u00e1p ch\u1ea3i, th\u00e1p \u0111\u00f3ng g\u00f3i v.v.<\/p>","protected":false},"featured_media":2843,"comment_status":"open","ping_status":"closed","template":"","meta":[],"product_brand":[],"product_cat":[31],"product_tag":[],"class_list":{"0":"post-2842","1":"product","2":"type-product","3":"status-publish","4":"has-post-thumbnail","6":"product_cat-desulfurization-equipment-series","8":"first","9":"instock","10":"shipping-taxable","11":"product-type-simple"},"_links":{"self":[{"href":"https:\/\/www.chinanhd.com\/vi\/wp-json\/wp\/v2\/product\/2842","targetHints":{"allow":["GET"]}}],"collection":[{"href":"https:\/\/www.chinanhd.com\/vi\/wp-json\/wp\/v2\/product"}],"about":[{"href":"https:\/\/www.chinanhd.com\/vi\/wp-json\/wp\/v2\/types\/product"}],"replies":[{"embeddable":true,"href":"https:\/\/www.chinanhd.com\/vi\/wp-json\/wp\/v2\/comments?post=2842"}],"wp:featuredmedia":[{"embeddable":true,"href":"https:\/\/www.chinanhd.com\/vi\/wp-json\/wp\/v2\/media\/2843"}],"wp:attachment":[{"href":"https:\/\/www.chinanhd.com\/vi\/wp-json\/wp\/v2\/media?parent=2842"}],"wp:term":[{"taxonomy":"product_brand","embeddable":true,"href":"https:\/\/www.chinanhd.com\/vi\/wp-json\/wp\/v2\/product_brand?post=2842"},{"taxonomy":"product_cat","embeddable":true,"href":"https:\/\/www.chinanhd.com\/vi\/wp-json\/wp\/v2\/product_cat?post=2842"},{"taxonomy":"product_tag","embeddable":true,"href":"https:\/\/www.chinanhd.com\/vi\/wp-json\/wp\/v2\/product_tag?post=2842"}],"curies":[{"name":"WP","href":"https:\/\/api.w.org\/{rel}","templated":true}]}}