{"id":2850,"date":"2025-04-29T15:34:48","date_gmt":"2025-04-29T07:34:48","guid":{"rendered":"https:\/\/www.chinanhd.com\/?post_type=product&#038;p=2850"},"modified":"2025-12-18T16:44:17","modified_gmt":"2025-12-18T08:44:17","slug":"becoflex-rotary-brush-scrubber","status":"publish","type":"product","link":"https:\/\/www.chinanhd.com\/vi\/product\/becoflex-rotary-brush-scrubber\/","title":{"rendered":"B\u00e0n ch\u1ea3i xoay BECOFLEX"},"content":{"rendered":"<p>Nguy\u00ean t\u1eafc ho\u1ea1t \u0111\u1ed9ng c\u1ee7a BECOFLEX Rotary Brush Scrubber l\u00e0 m\u1ed9t b\u00e0n ch\u1ea3i s\u1ee3i \u01b0\u1edbt quay v\u1edbi t\u1ed1c \u0111\u1ed9 cao trong m\u1ed9t v\u1ecf qu\u1ea1t volute \u0111\u1eb7c bi\u1ec7t, do \u0111\u00f3 t\u1ea1o ra m\u1ed9t ti\u1ebfp x\u00fac kh\u00ed c\u1ef1c k\u1ef3 n\u0103ng \u0111\u1ed9ng. C\u00e1c h\u1ea1t trong d\u00f2ng kh\u00ed th\u1ea3i b\u1ea9n b\u1ecb k\u00e9o v\u00e0o \u0111\u01a1n v\u1ecb b\u1eb1ng c\u00e1ch h\u00fat \u0111\u01b0\u1ee3c t\u1ea1o ra b\u1edfi b\u00e0n ch\u1ea3i quay, v\u00e0 ch\u00fang t\u00e1c \u0111\u1ed9ng v\u1edbi t\u1ed1c \u0111\u1ed9 cao v\u1edbi s\u1ee3i b\u00e0n ch\u1ea3i quay v\u00e0 tr\u1edf n\u00ean \u01b0\u1edbt ho\u00e0n to\u00e0n. Hi\u1ec7u \u1ee9ng ti\u1ebfp theo l\u00e0 c\u00e1c h\u1ea1t \u0111\u01b0\u1ee3c r\u1eeda ly t\u00e2m, \u0111\u1ec3 t\u00e1c \u0111\u1ed9ng \u0111\u1ebfn b\u1ec1 m\u1eb7t b\u00ean trong \u01b0\u1edbt c\u1ee7a v\u00f2ng. B\u00f9n k\u1ebft qu\u1ea3 sau \u0111\u00f3 \u0111\u01b0\u1ee3c \u0111\u1ea9y d\u1ecdc theo \u0111\u00e1y c\u1ee7a \u1ed1ng tho\u00e1t \u0111\u1ebfn t\u00e0u ng\u1eaft, n\u01a1i n\u00f3 r\u01a1i b\u1edfi tr\u1ecdng l\u1ef1c xu\u1ed1ng \u0111\u00e1y \u0111\u1ec3 lo\u1ea1i b\u1ecf ho\u1eb7c tu\u1ea7n ho\u00e0n. Kh\u00ed \u0111\u01b0\u1ee3c l\u00e0m s\u1ea1ch (\u01b0\u1edbt) trong khi \u0111\u00f3 ch\u1ea3y l\u00ean t\u1eeb \u1ed1ng v\u00e0o th\u00f9ng t\u00e1ch v\u00e0 h\u01b0\u1edbng \u0111\u1ebfn l\u1ed1i ra kh\u00ed tr\u00ean c\u00f9ng.<\/p>\n<p>Th\u00f4ng th\u01b0\u1eddng, m\u1ed9t \"Becofil\" demister \u0111\u01b0\u1ee3c l\u1eafp \u0111\u1eb7t \u0111\u1ec3 lo\u1ea1i b\u1ecf b\u1ea5t k\u1ef3 gi\u1ecdt ch\u1ea5t l\u1ecfng b\u1ecb k\u00e9o theo.<\/p>\n<p>&nbsp;<\/p>\n<p><strong>\u1ee8ng d\u1ee5ng:<\/strong><\/p>\n<p>\u0110\u1ec3 lo\u1ea1i b\u1ecf ch\u1ea5t r\u1eafn (th\u00f4 ho\u1eb7c m\u1ecbn), \u0111\u1ec3 gi\u1ea3m c\u00e1c h\u1ea1t l\u1ecfng (aerosol ho\u1eb7c gi\u1ecdt), ho\u1eb7c \u0111\u1ec3 t\u1ea9y kh\u00ed \u0111\u1ed9c h\u1ea1i, c\u00f3 m\u1eb7t trong d\u00f2ng kh\u00ed c\u00f4ng nghi\u1ec7p.<\/p>\n<p>&nbsp;<\/p>\n<p><strong>L\u1ee3i th\u1ebf c\u1ea1nh tranh:<\/strong><\/p>\n<ul>\n<li>BECOFLEX Rotary Brush Scrubber l\u00e0 m\u1ed9t m\u00e1y t\u1ea9y kh\u00ed \u01b0\u1edbt t\u1ef1 l\u00e0m s\u1ea1ch n\u01a1i kh\u00ed ho\u1eb7c kh\u00f4ng kh\u00ed t\u00e1c \u0111\u1ed9ng \u0111\u1ebfn b\u00e0n ch\u1ea3i quay v\u1edbi ch\u1ec9 m\u1ed9t l\u01b0\u1ee3ng nh\u1ecf ch\u1ea5t l\u1ecfng phun. Quay \u0111\u1ed9ng n\u00e0y \u0111\u1ea3m b\u1ea3o ti\u1ebfp x\u00fac tuy\u1ec7t v\u1eddi gi\u1eefa kh\u00ed v\u00e0 ch\u1ea5t l\u1ecfng, v\u00e0 c\u1ea5u tr\u00fac thi\u1ebft b\u1ecb r\u1ea5t nh\u1ecf g\u1ecdn.<\/li>\n<li>So v\u1edbi c\u00e1c th\u00e1p \u0111\u00f3ng g\u00f3i truy\u1ec1n th\u1ed1ng ho\u1eb7c m\u00e1y t\u00e1ch l\u1ed1c xo\u00e1y \u01b0\u1edbt, n\u00f3 \u0111\u00f2i h\u1ecfi \u00edt ch\u1ea5t l\u1ecfng l\u00e0m s\u1ea1ch h\u01a1n khi lo\u1ea1i b\u1ecf c\u00e1c h\u1ea1t r\u1eafn.<\/li>\n<li>N\u00f3 c\u00f3 th\u1ec3 s\u1eed d\u1ee5ng n\u01b0\u1edbc ho\u1eb7c gi\u1ea3i ph\u00e1p h\u00f3a h\u1ecdc \u0111\u1ec3 r\u1eeda kh\u00ed \u0111\u1ec3 ki\u1ec3m so\u00e1t kh\u00ed th\u1ea3i m\u00f9i.<\/li>\n<li>Giai \u0111o\u1ea1n th\u1ee9 hai ti\u1ebfp theo c\u00f3 th\u1ec3 \u0111\u01b0\u1ee3c trang b\u1ecb \u0111\u00f3ng g\u00f3i ho\u1eb7c c\u00e1c thi\u1ebft b\u1ecb kh\u00e1c \u0111\u1ec3 lo\u1ea1i b\u1ecf ho\u1eb7c h\u1ea5p th\u1ee5 kh\u00ed (c\u00e1c b\u00e0n ch\u1ea3i trong giai \u0111o\u1ea1n \u0111\u1ea7u ti\u00ean \u0111\u00e3 lo\u1ea1i b\u1ecf nguy c\u01a1 t\u1eafc ngh\u1ebdn r\u1eafn).<\/li>\n<li>N\u00f3 c\u00f3 ch\u1ee9c n\u0103ng qu\u1ea1t ri\u00eang c\u1ee7a n\u00f3 b\u1edfi v\u00ec s\u1ef1 h\u00fat \u0111\u01b0\u1ee3c t\u1ea1o ra b\u1edfi b\u00e0n ch\u1ea3i l\u1edbn h\u01a1n nhi\u1ec1u so v\u1edbi m\u1ea5t \u00e1p su\u1ea5t c\u1ee7a ri\u00eang n\u00f3. \u0110i\u1ec1u n\u00e0y c\u00f3 ngh\u0129a l\u00e0 kh\u00e1ch h\u00e0ng kh\u00f4ng c\u1ea7n mua qu\u1ea1t b\u1ed5 sung, v\u00e0 n\u00f3 c\u00f3 th\u1ec3 d\u1ec5 d\u00e0ng t\u00edch h\u1ee3p v\u00e0o c\u00e1c d\u00f2ng quy tr\u00ecnh hi\u1ec7n c\u00f3 c\u1ee7a kh\u00e1ch h\u00e0ng, l\u00e0m cho vi\u1ec7c s\u1eeda \u0111\u1ed5i thanh l\u1ecdc kh\u00ed r\u1ea5t thu\u1eadn ti\u1ec7n.<\/li>\n<li>N\u00f3 c\u00f3 th\u1ec3 \u0111\u01b0\u1ee3c l\u1eafp \u0111\u1eb7t tr\u01b0\u1edbc khi demisters nh\u01b0 m\u1ed9t b\u1ed9 l\u1ecdc tr\u01b0\u1edbc \u0111\u1ec3 lo\u1ea1i b\u1ecf c\u00e1c h\u1ea1t r\u1eafn v\u00e0 b\u1ea3o v\u1ec7 demisters.<\/li>\n<\/ul>","protected":false},"excerpt":{"rendered":"<p>BECOFLEX Rotary Brush Scrubber l\u00e0 m\u1ed9t h\u1ec7 th\u1ed1ng t\u1ea9y r\u1eeda t\u00edch h\u1ee3p ph\u1ed5 qu\u00e1t \u0111\u1ec3 lo\u1ea1i b\u1ecf ch\u1ea5t r\u1eafn (th\u00f4 ho\u1eb7c m\u1ecbn), \u0111\u1ec3 gi\u1ea3m c\u00e1c h\u1ea1t l\u1ecfng (aerosol ho\u1eb7c gi\u1ecdt), ho\u1eb7c \u0111\u1ec3 t\u1ea9y kh\u00ed \u0111\u1ed9c h\u1ea1i, c\u00f3 m\u1eb7t trong d\u00f2ng ch\u1ea3y kh\u00ed c\u00f4ng nghi\u1ec7p.<\/p>","protected":false},"featured_media":2851,"comment_status":"open","ping_status":"closed","template":"","meta":[],"product_brand":[],"product_cat":[31],"product_tag":[],"class_list":{"0":"post-2850","1":"product","2":"type-product","3":"status-publish","4":"has-post-thumbnail","6":"product_cat-desulfurization-equipment-series","8":"first","9":"instock","10":"shipping-taxable","11":"product-type-simple"},"_links":{"self":[{"href":"https:\/\/www.chinanhd.com\/vi\/wp-json\/wp\/v2\/product\/2850","targetHints":{"allow":["GET"]}}],"collection":[{"href":"https:\/\/www.chinanhd.com\/vi\/wp-json\/wp\/v2\/product"}],"about":[{"href":"https:\/\/www.chinanhd.com\/vi\/wp-json\/wp\/v2\/types\/product"}],"replies":[{"embeddable":true,"href":"https:\/\/www.chinanhd.com\/vi\/wp-json\/wp\/v2\/comments?post=2850"}],"wp:featuredmedia":[{"embeddable":true,"href":"https:\/\/www.chinanhd.com\/vi\/wp-json\/wp\/v2\/media\/2851"}],"wp:attachment":[{"href":"https:\/\/www.chinanhd.com\/vi\/wp-json\/wp\/v2\/media?parent=2850"}],"wp:term":[{"taxonomy":"product_brand","embeddable":true,"href":"https:\/\/www.chinanhd.com\/vi\/wp-json\/wp\/v2\/product_brand?post=2850"},{"taxonomy":"product_cat","embeddable":true,"href":"https:\/\/www.chinanhd.com\/vi\/wp-json\/wp\/v2\/product_cat?post=2850"},{"taxonomy":"product_tag","embeddable":true,"href":"https:\/\/www.chinanhd.com\/vi\/wp-json\/wp\/v2\/product_tag?post=2850"}],"curies":[{"name":"WP","href":"https:\/\/api.w.org\/{rel}","templated":true}]}}