{"id":2856,"date":"2025-04-29T15:47:32","date_gmt":"2025-04-29T07:47:32","guid":{"rendered":"https:\/\/www.chinanhd.com\/?post_type=product&#038;p=2856"},"modified":"2025-12-18T16:44:17","modified_gmt":"2025-12-18T08:44:17","slug":"gas-scrubbing-system-bluefil","status":"publish","type":"product","link":"https:\/\/www.chinanhd.com\/vi\/product\/gas-scrubbing-system-bluefil\/","title":{"rendered":"H\u1ec7 th\u1ed1ng x\u00f3a kh\u00ed BlueFil\u00ae"},"content":{"rendered":"<p>BlueFil\u00ae l\u00e0 m\u1ed9t l\u01b0\u1edbi c\u00f3 c\u1ea5u tr\u00fac v\u1edbi thi\u1ebft k\u1ebf gi\u1ed1ng kim t\u1ef1 th\u00e1p, bao g\u1ed3m c\u00e1c s\u1ee3i nh\u1ef1a \u0111\u01a1n kh\u00f3a 3D. Th\u00f4ng th\u01b0\u1eddng, m\u1ed9t mi\u1ebfng l\u01b0\u1edbi BlueFil\u00ae bao g\u1ed3m nhi\u1ec1u l\u1edbp c\u1ee7a c\u00e1c l\u1edbp kh\u00e1c nhau, s\u1eed d\u1ee5ng \u0111\u01b0\u1eddng k\u00ednh s\u1ee3i v\u00e0 k\u00edch th\u01b0\u1edbc kim t\u1ef1 th\u00e1p kh\u00e1c nhau. N\u00f3 c\u00f3 hi\u1ec7u qu\u1ea3 b\u1eaft c\u00e1c h\u1ea1t s\u01b0\u01a1ng m\u00f9 l\u1edbn h\u01a1n 0,5-0,8 micron \u0111\u01b0\u1eddng k\u00ednh \u1edf t\u1ed1c \u0111\u1ed9 v\u01b0\u1ee3t qu\u00e1 2,5-3 m \/ s.<\/p>\n<p><strong>\u1ee8ng d\u1ee5ng:<\/strong><\/p>\n<ol>\n<li><b><\/b>Nh\u00e0 m\u00e1y axit sulfuric: b\u1eaft H \u2082SO\u2084  gi\u1ecdt trong th\u00e1p s\u1ea5y (ch\u1ed1ng t\u1eafc ngh\u1ebdn), lo\u1ea1i b\u1ecf s\u01b0\u01a1ng m\u00f9 axit trong th\u00e1p h\u1ea5p th\u1ee5 (SO \u2082  m\u00e1y t\u1ea9y t\u01b0\u01a1ng th\u00edch), v\u00e0 x\u1eed l\u00fd tr\u01b0\u1edbc SO \u2082  trong th\u00e1p l\u00e0m m\u00e1t \/ d\u1eadp t\u1eaft.<\/li>\n<li>S\u1ea3n xu\u1ea5t ph\u00e2n b\u00f3n: T\u1ea9y b\u1ee5i trong nh\u00e0 m\u00e1y urea \/ CAN, x\u1eed l\u00fd kh\u00f3i axit HF \/ phosphoric trong nh\u00e0 m\u00e1y DAP (t\u1ea9y 4 giai \u0111o\u1ea1n) v\u00e0 ph\u1ee5c h\u1ed3i amoniac c\u00f2n l\u1ea1i.<\/li>\n<li>C\u00f4ng nghi\u1ec7p h\u00f3a ch\u1ea5t: Ki\u1ec3m so\u00e1t ch\u1ea5t l\u1ecfng \/ ch\u1ea5t r\u1eafn h\u00f2a tan trong d\u00f2ng kh\u00ed, \u0111\u1eb7c bi\u1ec7t l\u00e0 cho Chrome VI, HCl (\u0111i\u1ec7n t\u1eed) v\u00e0 kh\u00f3i m\u1ea1 k\u1ebdm.<\/li>\n<\/ol>\n<p>&nbsp;<\/p>\n<p><strong>L\u1ee3i th\u1ebf c\u1ea1nh tranh:<\/strong><\/p>\n<p>BlueFil\u00ae \u0111\u00e3 \u0111\u01b0\u1ee3c \u00e1p d\u1ee5ng r\u1ed9ng r\u00e3i trong c\u00e1c ng\u00e0nh c\u00f4ng nghi\u1ec7p ph\u00e2n b\u00f3n v\u00e0 h\u00f3a ch\u1ea5t n\u00f3i chung, thay th\u1ebf c\u00e1c y\u1ebfu t\u1ed1 l\u1ecdc h\u1ec7 th\u1ed1ng ch\u1ea3i l\u1ed7i th\u1eddi \u0111\u1ec3 n\u00e2ng cao \u0111\u00e1ng k\u1ec3 hi\u1ec7u qu\u1ea3 quy tr\u00ecnh v\u00e0 ch\u1ea5t l\u01b0\u1ee3ng \u0111\u1ea7u ra.<\/p>","protected":false},"excerpt":{"rendered":"<p>Trong nhi\u1ec1u quy tr\u00ecnh h\u00f3a h\u1ecdc, c\u00f3 ch\u1ea5t l\u1ecfng ho\u1eb7c ch\u1ea5t r\u1eafn h\u00f2a tan \u0111\u1ec3 lo\u1ea1i b\u1ecf kh\u1ecfi d\u00f2ng kh\u00ed, ho\u1eb7c trong m\u1ed9t quy tr\u00ecnh ho\u1eb7c tr\u01b0\u1edbc khi ph\u00e1t th\u1ea3i kh\u00ed. C\u00e1c gi\u1ea3i ph\u00e1p mi\u1ebfng l\u01b0\u1edbi BlueFil\u00ae c\u00f3 th\u1ec3 \u0111\u01b0\u1ee3c s\u1eed d\u1ee5ng \u0111\u1ec3 x\u00e2y d\u1ef1ng m\u1ed9t h\u1ec7 th\u1ed1ng t\u1ea9y ho\u1eb7c l\u1ecdc kh\u00ed ho\u00e0n ch\u1ec9nh \u0111\u1ec3 ch\u1ee5p c\u00e1c gi\u1ecdt phun.<\/p>","protected":false},"featured_media":2858,"comment_status":"open","ping_status":"closed","template":"","meta":[],"product_brand":[],"product_cat":[31],"product_tag":[],"class_list":{"0":"post-2856","1":"product","2":"type-product","3":"status-publish","4":"has-post-thumbnail","6":"product_cat-desulfurization-equipment-series","8":"first","9":"instock","10":"shipping-taxable","11":"product-type-simple"},"_links":{"self":[{"href":"https:\/\/www.chinanhd.com\/vi\/wp-json\/wp\/v2\/product\/2856","targetHints":{"allow":["GET"]}}],"collection":[{"href":"https:\/\/www.chinanhd.com\/vi\/wp-json\/wp\/v2\/product"}],"about":[{"href":"https:\/\/www.chinanhd.com\/vi\/wp-json\/wp\/v2\/types\/product"}],"replies":[{"embeddable":true,"href":"https:\/\/www.chinanhd.com\/vi\/wp-json\/wp\/v2\/comments?post=2856"}],"wp:featuredmedia":[{"embeddable":true,"href":"https:\/\/www.chinanhd.com\/vi\/wp-json\/wp\/v2\/media\/2858"}],"wp:attachment":[{"href":"https:\/\/www.chinanhd.com\/vi\/wp-json\/wp\/v2\/media?parent=2856"}],"wp:term":[{"taxonomy":"product_brand","embeddable":true,"href":"https:\/\/www.chinanhd.com\/vi\/wp-json\/wp\/v2\/product_brand?post=2856"},{"taxonomy":"product_cat","embeddable":true,"href":"https:\/\/www.chinanhd.com\/vi\/wp-json\/wp\/v2\/product_cat?post=2856"},{"taxonomy":"product_tag","embeddable":true,"href":"https:\/\/www.chinanhd.com\/vi\/wp-json\/wp\/v2\/product_tag?post=2856"}],"curies":[{"name":"WP","href":"https:\/\/api.w.org\/{rel}","templated":true}]}}