{"id":2864,"date":"2025-04-29T15:56:18","date_gmt":"2025-04-29T07:56:18","guid":{"rendered":"https:\/\/www.chinanhd.com\/?post_type=product&#038;p=2864"},"modified":"2025-12-18T16:44:17","modified_gmt":"2025-12-18T08:44:17","slug":"carbon-fibre-candle-filter","status":"publish","type":"product","link":"https:\/\/www.chinanhd.com\/vi\/product\/carbon-fibre-candle-filter\/","title":{"rendered":"B\u1ed9 l\u1ecdc n\u1ebfn s\u1ee3i carbon"},"content":{"rendered":"<p>\u0110\u1ed1i v\u1edbi nh\u00e0 m\u00e1y axit sulfuric trong nh\u00e0 n\u00f3ng ch\u1ea3y, b\u1ed9 l\u1ecdc n\u1ebfn s\u1ee3i th\u1ee7y tinh ch\u1ee7 y\u1ebfu \u0111\u01b0\u1ee3c s\u1eed d\u1ee5ng trong th\u00e1p h\u1ea5p th\u1ee5. Tuy nhi\u00ean, l\u1edbp qu\u1eb7ng, h\u00f3a ch\u1ea5t th\u01b0\u1eddng kh\u00e1c nhau t\u1eeb m\u1ed7i nh\u00e0 luy\u1ec7n. \u0110\u1ed1i v\u1edbi m\u1ed9t s\u1ed1 nh\u00e0 luy\u1ec7n, kh\u00ed th\u1ea3i ch\u1ee9a fluor cao do qu\u1eb7ng. HF hi\u1ec7n c\u00f3 s\u1ebd g\u00e2y \u0103n m\u00f2n s\u1ee3i th\u1ee7y tinh v\u00e0 gi\u1ea3m tu\u1ed5i th\u1ecd c\u1ee7a b\u1ed9 l\u1ecdc n\u1ebfn. \u0110\u00f3 l\u00e0 m\u1ed9t v\u1ea5n \u0111\u1ec1 r\u1ea5t \u0111au \u0111\u1ea7u cho m\u1ed9t s\u1ed1 nh\u00e0 nu\u00f4i ch\u1ea3y.<\/p>\n<p>B\u1ed9 l\u1ecdc n\u1ebfn s\u1ee3i carbon cung c\u1ea5p tu\u1ed5i th\u1ecd l\u00e2u h\u01a1n v\u00e0 hi\u1ec7u qu\u1ea3 cao \u0111\u1ec3 ki\u1ec3m so\u00e1t kh\u00ed th\u1ea3i cho nh\u00e0 m\u00e1y axit ngo\u00e0i kh\u00ed v\u1edbi HF hi\u1ec7n di\u1ec7n. \u0110\u00f3 l\u00e0 chuy\u00ean gia gi\u1ea3i quy\u1ebft HF. z<\/p>\n<p>&nbsp;<\/p>\n<p><strong>\u1ee8ng d\u1ee5ng:<\/strong><\/p>\n<p>X\u00f3a l\u01b0u hu\u1ef3nh kh\u00ed kh\u00f3i v\u00e0 ki\u1ec3m so\u00e1t ph\u00e1t th\u1ea3i trong \u0111\u1ed3ng, k\u1ebdm, ch\u00ec, n\u00f3ng ch\u1ea3y pyrite v\u00e0 c\u00e1c ng\u00e0nh c\u00f4ng nghi\u1ec7p kim lo\u1ea1i \/ h\u00f3a h\u1ecdc kh\u00f4ng s\u1eaft kh\u00e1c.<\/p>\n<p>&nbsp;<\/p>\n<p><strong>L\u1ee3i th\u1ebf c\u1ea1nh tranh:<\/strong><\/p>\n<ul>\n<li>Ch\u1ed1ng \u0103n m\u00f2n cao h\u01a1n v\u1edbi axit hydrofluoric, v\u01b0\u1ee3t tr\u1ed9i h\u01a1n s\u1ee3i th\u1ee7y tinh<\/li>\n<li>\u0110\u1ed9 b\u1ec1n l\u00e2u d\u00e0i trong kh\u00ed n\u00f3ng ch\u1ea3y \/ h\u00f3a ch\u1ea5t fluor cao<\/li>\n<li>\u0110\u01b0\u1ee3c thi\u1ebft k\u1ebf cho c\u00e1c nh\u00e0 m\u00e1y n\u00f3ng ch\u1ea3y \u0111\u1ed3ng \/ k\u1ebdm \/ ch\u00ec v\u00e0 axit sulfuric<\/li>\n<\/ul>","protected":false},"excerpt":{"rendered":"<p>B\u1ed9 l\u1ecdc s\u1ee3i carbon \u0111\u01b0\u1ee3c ph\u00e1t tri\u1ec3n m\u1edbi nh\u1ea5t cung c\u1ea5p gi\u1ea3i ph\u00e1p t\u1ed1t nh\u1ea5t cho nh\u00e0 m\u00e1y n\u00f3ng ch\u1ea3y, ch\u1eb3ng h\u1ea1n nh\u01b0 \u0111\u1ed3ng, k\u1ebdm, ch\u00ec, pyrite v\u00e0 c\u00e1c nh\u00e0 m\u00e1y n\u00f3ng ch\u1ea3y kh\u00f4ng s\u1eaft kh\u00e1c v\u00e0 c\u00e1c ng\u00e0nh c\u00f4ng nghi\u1ec7p h\u00f3a h\u1ecdc c\u00f3 HF hi\u1ec7n di\u1ec7n. New Hongda gi\u1edbi thi\u1ec7u s\u1ee3i carbon v\u00e0 th\u00fac \u0111\u1ea9y \u1ee9ng d\u1ee5ng c\u1ee7a n\u00f3 \u1edf Trung Qu\u1ed1c.<\/p>","protected":false},"featured_media":2865,"comment_status":"open","ping_status":"closed","template":"","meta":[],"product_brand":[],"product_cat":[31],"product_tag":[],"class_list":{"0":"post-2864","1":"product","2":"type-product","3":"status-publish","4":"has-post-thumbnail","6":"product_cat-desulfurization-equipment-series","8":"first","9":"instock","10":"shipping-taxable","11":"product-type-simple"},"_links":{"self":[{"href":"https:\/\/www.chinanhd.com\/vi\/wp-json\/wp\/v2\/product\/2864","targetHints":{"allow":["GET"]}}],"collection":[{"href":"https:\/\/www.chinanhd.com\/vi\/wp-json\/wp\/v2\/product"}],"about":[{"href":"https:\/\/www.chinanhd.com\/vi\/wp-json\/wp\/v2\/types\/product"}],"replies":[{"embeddable":true,"href":"https:\/\/www.chinanhd.com\/vi\/wp-json\/wp\/v2\/comments?post=2864"}],"wp:featuredmedia":[{"embeddable":true,"href":"https:\/\/www.chinanhd.com\/vi\/wp-json\/wp\/v2\/media\/2865"}],"wp:attachment":[{"href":"https:\/\/www.chinanhd.com\/vi\/wp-json\/wp\/v2\/media?parent=2864"}],"wp:term":[{"taxonomy":"product_brand","embeddable":true,"href":"https:\/\/www.chinanhd.com\/vi\/wp-json\/wp\/v2\/product_brand?post=2864"},{"taxonomy":"product_cat","embeddable":true,"href":"https:\/\/www.chinanhd.com\/vi\/wp-json\/wp\/v2\/product_cat?post=2864"},{"taxonomy":"product_tag","embeddable":true,"href":"https:\/\/www.chinanhd.com\/vi\/wp-json\/wp\/v2\/product_tag?post=2864"}],"curies":[{"name":"WP","href":"https:\/\/api.w.org\/{rel}","templated":true}]}}