{"id":2867,"date":"2025-04-29T16:09:50","date_gmt":"2025-04-29T08:09:50","guid":{"rendered":"https:\/\/www.chinanhd.com\/?post_type=product&#038;p=2867"},"modified":"2025-12-18T16:44:18","modified_gmt":"2025-12-18T08:44:18","slug":"2867","status":"publish","type":"product","link":"https:\/\/www.chinanhd.com\/vi\/product\/2867\/","title":{"rendered":"Th\u00e9p kh\u00f4ng g\u1ec9 silicon cao HD-1"},"content":{"rendered":"<p><strong>\u1ee8ng d\u1ee5ng:<\/strong><\/p>\n<p>Ngo\u00e0i s\u1ea3n xu\u1ea5t c\u00e1c nh\u00e0 ph\u00e2n ph\u1ed1i axit, th\u00e9p kh\u00f4ng g\u1ec9 silicon cao HD-1 \u0111\u01b0\u1ee3c s\u1eed d\u1ee5ng r\u1ed9ng r\u00e3i trong c\u00e1c ph\u1ea7n s\u1ea5y v\u00e0 h\u1ea5p th\u1ee5 c\u1ee7a c\u00e1c nh\u00e0 m\u00e1y axit l\u01b0u hu\u1ef3nh \u0111\u1ec3 s\u1ea3n xu\u1ea5t: th\u00e1p s\u1ea5y, th\u00e1p h\u1ea5p th\u1ee5, b\u1ed9 l\u1ecdc, t\u1ea5m l\u01b0\u1edbi h\u1ed7 tr\u1ee3 \u0111\u00f3ng g\u00f3i, b\u1ec3 tu\u1ea7n ho\u00e0n, \u1ed1ng h\u00e0n, khu\u00f4ng tay v\u00e0 b\u1ed9 gi\u1ea3m t\u1ed1c, b\u00edch v\u00e0 tay \u00e1o, thi\u1ebft b\u1ecb ch\u1ed1ng xo\u00e1y d\u00f2ng vv. C\u00e1c \u0111\u01a1n v\u1ecb c\u0169 nh\u1ea5t trong l\u0129nh v\u1ef1c \u0111\u00e3 ho\u1ea1t \u0111\u1ed9ng trong h\u01a1n m\u1ed9t th\u1eadp k\u1ef7, v\u1edbi ng\u01b0\u1eddi d\u00f9ng b\u00e1o c\u00e1o hi\u1ec7u su\u1ea5t b\u00ecnh th\u01b0\u1eddng v\u00e0 kh\u00f4ng c\u00f3 v\u1ea5n \u0111\u1ec1 \u0103n m\u00f2n \u0111\u00e1ng ch\u00fa \u00fd.<\/p>\n<p><strong>\u00a0<\/strong><\/p>\n<p><strong>L\u1ee3i th\u1ebf c\u1ea1nh tranh:<\/strong><\/p>\n<p>1. Ph\u00e1t tri\u1ec3n v\u1eadt li\u1ec7u ti\u00ean ti\u1ebfn<\/p>\n<ul>\n<li>K\u1ebft h\u1ee3p c\u00f4ng ngh\u1ec7 cao Si n\u01b0\u1edbc ngo\u00e0i v\u1edbi nhi\u1ec1u th\u1eadp k\u1ef7 chuy\u00ean m\u00f4n n\u1ed9i b\u1ed9.<\/li>\n<li>S\u1ea3n xu\u1ea5t th\u00f4ng qua n\u00f3ng ch\u1ea3y cung, tinh ch\u1ebf VOD, c\u00e1n v\u00e0 v\u1ebd \u1ed1ng.<\/li>\n<\/ul>\n<p><strong>\u00a0<\/strong><\/p>\n<p>2. Hi\u1ec7u su\u1ea5t cao<\/p>\n<ul>\n<li>N\u00e2ng cao t\u00ednh ch\u1ea5t c\u01a1 h\u1ecdc sau x\u1eed l\u00fd dung d\u1ecbch.<\/li>\n<li>Kh\u1ea3 n\u0103ng h\u00e0n tuy\u1ec7t v\u1eddi v\u00e0 kh\u1ea3 n\u0103ng th\u00edch \u1ee9ng h\u00ecnh th\u00e0nh l\u1ea1nh \/ n\u00f3ng.<\/li>\n<\/ul>\n<p>&nbsp;<\/p>\n<p>3. Gi\u1ea3i ph\u00e1p c\u1ee5 th\u1ec3 cho ng\u00e0nh c\u00f4ng nghi\u1ec7p<\/p>\n<ul>\n<li>Gi\u1ea3i quy\u1ebft tu\u1ed5i th\u1ecd ng\u1eafn c\u1ee7a thi\u1ebft b\u1ecb axit sulfuric (nhi\u1ec7t \u0111\u1ed9 cao \/ n\u1ed3ng \u0111\u1ed9).<\/li>\n<li>C\u00e1c m\u1eb7t b\u00edch h\u1ee3p ch\u1ea5t hi\u1ec7u qu\u1ea3 v\u1ec1 chi ph\u00ed (HD-1 316L \/ 304).<\/li>\n<\/ul>\n<p>&nbsp;<\/p>\n<p>4. \u0110\u1eb7c \u0111i\u1ec3m k\u1ef9 thu\u1eadt h\u00e0n<\/p>\n<ul style=\"list-style-type: disc;\">\n<li>H\u00e0n TIG th\u1ee7 c\u00f4ng v\u1edbi d\u00e2y \u0111i\u1ec1n ph\u00f9 h\u1ee3p t\u00f9y ch\u1ec9nh.<\/li>\n<\/ul>","protected":false},"excerpt":{"rendered":"<p>Th\u00e9p kh\u00f4ng g\u1ec9 silicon cao HD-1 l\u00e0 m\u1ed9t v\u1eadt li\u1ec7u ch\u1ed1ng \u0103n m\u00f2n m\u1edbi \u0111\u01b0\u1ee3c ph\u00e1t tri\u1ec3n b\u1edfi New Hongda v\u00e0 Vi\u1ec7n Nghi\u00ean c\u1ee9u Kim lo\u1ea1i, H\u1ecdc vi\u1ec7n Khoa h\u1ecdc Trung Qu\u1ed1c. N\u00f3 ch\u1ee9ng minh hi\u1ec7u su\u1ea5t d\u00e0i h\u1ea1n tuy\u1ec7t v\u1eddi trong c\u00e1c \u1ee9ng d\u1ee5ng axit sulfuric t\u1eadp trung nhi\u1ec7t \u0111\u1ed9 cao.<\/p>","protected":false},"featured_media":2868,"comment_status":"open","ping_status":"closed","template":"","meta":[],"product_brand":[],"product_cat":[34],"product_tag":[],"class_list":{"0":"post-2867","1":"product","2":"type-product","3":"status-publish","4":"has-post-thumbnail","6":"product_cat-material-series","8":"first","9":"instock","10":"shipping-taxable","11":"product-type-simple"},"_links":{"self":[{"href":"https:\/\/www.chinanhd.com\/vi\/wp-json\/wp\/v2\/product\/2867","targetHints":{"allow":["GET"]}}],"collection":[{"href":"https:\/\/www.chinanhd.com\/vi\/wp-json\/wp\/v2\/product"}],"about":[{"href":"https:\/\/www.chinanhd.com\/vi\/wp-json\/wp\/v2\/types\/product"}],"replies":[{"embeddable":true,"href":"https:\/\/www.chinanhd.com\/vi\/wp-json\/wp\/v2\/comments?post=2867"}],"wp:featuredmedia":[{"embeddable":true,"href":"https:\/\/www.chinanhd.com\/vi\/wp-json\/wp\/v2\/media\/2868"}],"wp:attachment":[{"href":"https:\/\/www.chinanhd.com\/vi\/wp-json\/wp\/v2\/media?parent=2867"}],"wp:term":[{"taxonomy":"product_brand","embeddable":true,"href":"https:\/\/www.chinanhd.com\/vi\/wp-json\/wp\/v2\/product_brand?post=2867"},{"taxonomy":"product_cat","embeddable":true,"href":"https:\/\/www.chinanhd.com\/vi\/wp-json\/wp\/v2\/product_cat?post=2867"},{"taxonomy":"product_tag","embeddable":true,"href":"https:\/\/www.chinanhd.com\/vi\/wp-json\/wp\/v2\/product_tag?post=2867"}],"curies":[{"name":"WP","href":"https:\/\/api.w.org\/{rel}","templated":true}]}}