{"id":2873,"date":"2025-04-29T16:31:43","date_gmt":"2025-04-29T08:31:43","guid":{"rendered":"https:\/\/www.chinanhd.com\/?post_type=product&#038;p=2873"},"modified":"2025-12-18T16:44:18","modified_gmt":"2025-12-18T08:44:18","slug":"tube-trough-acid-distributor","status":"publish","type":"product","link":"https:\/\/www.chinanhd.com\/vi\/product\/tube-trough-acid-distributor\/","title":{"rendered":"Nh\u00e0 ph\u00e2n ph\u1ed1i axit \u1ed1ng"},"content":{"rendered":"<p>T\u00ednh n\u0103ng c\u1ee7a nh\u00e0 ph\u00e2n ph\u1ed1i axit \u1ed1ng nh\u01b0 sau:<\/p>\n<ol>\n<li>Ph\u00e2n ph\u1ed1i axit kh\u00f4ng d\u01b0\u1edbi 42 \u0111i\u1ec3m\/m\u00b2. N\u00f3 c\u00f3 m\u1eadt \u0111\u1ed9 ph\u00e2n ph\u1ed1i cao v\u00e0 c\u00f3 th\u1ec3 ph\u00e2n ph\u1ed1i \u0111\u1ed3ng \u0111\u1ec1u, l\u00e0m t\u0103ng t\u1ef7 l\u1ec7 \u1ea9m v\u00e0 chuy\u1ec3n kh\u1ed1i l\u01b0\u1ee3ng;  (\u0110i\u1ec3m c\u00f3 th\u1ec3 \u0111\u01b0\u1ee3c thi\u1ebft k\u1ebf theo y\u00eau c\u1ea7u.)<\/li>\n<li>Overflow downcomers ph\u00e2n ph\u1ed1i b\u00ecnh \u0111\u1eb3ng; d\u00f2ng ch\u1ea3y kh\u00ed kh\u00f3 h\u00ecnh th\u00e0nh qua ng\u1eafn, gi\u1ea3m s\u01b0\u01a1ng m\u00f9 b\u1ecb k\u00e9o;<\/li>\n<li>\u0110\u01b0\u1ee3c l\u00e0m b\u1eb1ng h\u1ee3p kim HD-1, ch\u1ed1ng \u0103n m\u00f2n cao m\u00e0 kh\u00f4ng c\u00f3 b\u1ea3o v\u1ec7 anodic, tu\u1ed5i th\u1ecd c\u00f3 th\u1ec3 tr\u00ean 15 n\u0103m;<\/li>\n<li>V\u00ec n\u00f3 \u0111\u01b0\u1ee3c l\u00e0m b\u1eb1ng h\u1ee3p kim, n\u00f3 s\u1ebd d\u1ec5 d\u00e0ng \u0111\u1ec3 h\u00e0n v\u00e0 l\u1eafp r\u00e1p;<\/li>\n<li>Nh\u00e0 ph\u00e2n ph\u1ed1i \u0111\u01b0\u1ee3c thi\u1ebft k\u1ebf b\u1edfi c\u00e1c chuy\u00ean gia c\u1ee7a vi\u1ec7n v\u1edbi c\u1ea5u tr\u00fac t\u1ed1t, thu\u1eadn ti\u1ec7n \u0111\u1ec3 c\u1ea3i t\u1ea1o c\u00e1c nh\u00e0 m\u00e1y c\u0169;<\/li>\n<li>Nh\u00e0 ph\u00e2n ph\u1ed1i kh\u00f3 ch\u1eb7n v\u00e0 \u0111i\u1ec1u ki\u1ec7n l\u00e0m vi\u1ec7c c\u00f3 th\u1ec3 \u0111\u01b0\u1ee3c xem.<\/li>\n<\/ol>\n<p>&nbsp;<\/p>\n<p><strong>\u1ee8ng d\u1ee5ng:<\/strong><\/p>\n<p>B\u1ed9 ph\u00e2n ph\u1ed1i axit \u1ed1ng \u0111\u01b0\u1ee3c s\u1eed d\u1ee5ng r\u1ed9ng r\u00e3i trong th\u00e1p s\u1ea5y v\u00e0 th\u00e1p h\u1ea5p th\u1ee5 c\u1ee7a ng\u00e0nh c\u00f4ng nghi\u1ec7p axit sulfuric. Hi\u1ec7u su\u1ea5t ph\u00e2n ph\u1ed1i axit c\u1ee7a n\u00f3 \u1ea3nh h\u01b0\u1edfng tr\u1ef1c ti\u1ebfp \u0111\u1ebfn hi\u1ec7u qu\u1ea3 s\u1ea3n xu\u1ea5t v\u00e0 chi ph\u00ed v\u1eadn h\u00e0nh c\u1ee7a s\u1ea3n xu\u1ea5t axit sulfuric.<\/p>\n<p>&nbsp;<\/p>\n<p><strong>L\u1ee3i th\u1ebf c\u1ea1nh tranh:<\/strong><\/p>\n<p>M\u00e1y ph\u00e2n ph\u1ed1i axit lo\u1ea1i tr\u00e0n ng\u1eadp HD-3 m\u1edbi nh\u1ea5t \u0111\u01b0\u1ee3c NHD ra m\u1eaft h\u1ea5p th\u1ee5 l\u1ee3i th\u1ebf c\u1ee7a c\u00e1c nh\u00e0 ph\u00e2n ph\u1ed1i th\u1ea5p v\u00e0 nh\u00e0 ph\u00e2n ph\u1ed1i \u1ed1ng. N\u00f3 \u0111\u01b0\u1ee3c ch\u1ea5p thu\u1eadn l\u00e0 m\u1ed9t nh\u00e0 ph\u00e2n ph\u1ed1i l\u00fd t\u01b0\u1edfng b\u1edfi Vi\u1ec7n H\u00f3a h\u1ecdc Nanjing:<\/p>\n<ol>\n<li>C\u1ea5u tr\u00fac tr\u00e0n ng\u1eadp h\u1ee3p l\u00fd, axit ch\u1ea3y \u0111\u1ec1u \u0111\u1eb7n v\u00e0 nh\u1eb9 nh\u00e0ng m\u00e0 kh\u00f4ng phun, m\u1ea5t \u00e1p su\u1ea5t th\u1ea5p;<\/li>\n<li>Ph\u00e2n ph\u1ed1i c\u00e1c l\u1ed7 c\u00f3 kho\u1ea3ng c\u00e1ch t\u01b0\u01a1ng \u0111\u01b0\u01a1ng v\u1edbi 24 \u0111i\u1ec3m \/ m\u00b2;<\/li>\n<li>C\u1ea5u tr\u00fac l\u1eafp r\u00e1p c\u1ee7a \u1ed1ng ch\u00ednh v\u00e0 c\u00e1c nh\u00e1nh, d\u1ec5 d\u00e0ng th\u00e1o r\u1eddi;<\/li>\n<li>Khu v\u1ef1c ph\u1ea7n t\u1ef1 do cao \u0111\u1ebfn 68%;<\/li>\n<li>V\u1eadt li\u1ec7u \u0111\u1ed9c quy\u1ec1n HD-3 l\u00e0 m\u1ed9t lo\u1ea1i h\u1ee3p kim \u0111\u1ea5t hi\u1ebfm v\u1edbi Ni, Cr, Mo, Cu v\u00e0 kim lo\u1ea1i \u0111\u1ea5t hi\u1ebfm, \u0111\u01b0\u1ee3c ph\u00e1t tri\u1ec3n b\u1edfi Gi\u00e1o s\u01b0 Huanan Liu c\u1ee7a Vi\u1ec7n Th\u00e9p \u0110\u1eb7c bi\u1ec7t c\u1ee7a NHD. N\u00f3 c\u00f3 t\u00ednh n\u0103ng ch\u1ed1ng \u0103n m\u00f2n t\u1ed1t v\u00e0 \u0111\u1ed9 b\u1ec1n c\u01a1 h\u1ecdc cao. Trong axit sulfuric m\u1ea1nh, m\u1ed9t b\u1ed9 phim nh\u1ecf g\u1ecdn m\u00e0u \u0111en m\u1ecbn h\u00ecnh th\u00e0nh tr\u00ean b\u1ec1 m\u1eb7t \u0111\u1ec3 b\u1ea3o v\u1ec7 thi\u1ebft b\u1ecb.<\/li>\n<\/ol>","protected":false},"excerpt":{"rendered":"<p>Nh\u00e0 ph\u00e2n ph\u1ed1i axit \u1ed1ng \u0111\u01b0\u1ee3c l\u00e0m b\u1eb1ng th\u00e9p kh\u00f4ng g\u1ec9 austenit silicon cao HD-1, \u0111\u01b0\u1ee3c nghi\u00ean c\u1ee9u v\u00e0 ph\u00e1t tri\u1ec3n b\u1edfi New Hongda v\u00e0 Vi\u1ec7n Nghi\u00ean c\u1ee9u Kim lo\u1ea1i Qu\u1ed1c gia, H\u1ecdc vi\u1ec7n Khoa h\u1ecdc Trung Qu\u1ed1c (IMR). Ch\u1ea5t l\u01b0\u1ee3ng l\u00e0 t\u1ed1t nh\u01b0 m\u1ee9c qu\u1ed1c t\u1ebf, nh\u01b0ng gi\u00e1 ch\u1ec9 l\u00e0 m\u1ed9t ph\u1ea7n ba c\u1ee7a nh\u1eefng ng\u01b0\u1eddi nh\u1eadp kh\u1ea9u. C\u00e1c nh\u00e0 ph\u00e2n ph\u1ed1i \u0111\u00e3 \u0111\u01b0\u1ee3c s\u1eed d\u1ee5ng th\u00e0nh c\u00f4ng trong nhi\u1ec1u nh\u00e0 m\u00e1y axit sulfuric \u1edf Trung Qu\u1ed1c.<\/p>","protected":false},"featured_media":2874,"comment_status":"open","ping_status":"closed","template":"","meta":[],"product_brand":[],"product_cat":[29],"product_tag":[],"class_list":{"0":"post-2873","1":"product","2":"type-product","3":"status-publish","4":"has-post-thumbnail","6":"product_cat-equipment-for-sulfuric-acid-industry","8":"first","9":"instock","10":"shipping-taxable","11":"product-type-simple"},"_links":{"self":[{"href":"https:\/\/www.chinanhd.com\/vi\/wp-json\/wp\/v2\/product\/2873","targetHints":{"allow":["GET"]}}],"collection":[{"href":"https:\/\/www.chinanhd.com\/vi\/wp-json\/wp\/v2\/product"}],"about":[{"href":"https:\/\/www.chinanhd.com\/vi\/wp-json\/wp\/v2\/types\/product"}],"replies":[{"embeddable":true,"href":"https:\/\/www.chinanhd.com\/vi\/wp-json\/wp\/v2\/comments?post=2873"}],"wp:featuredmedia":[{"embeddable":true,"href":"https:\/\/www.chinanhd.com\/vi\/wp-json\/wp\/v2\/media\/2874"}],"wp:attachment":[{"href":"https:\/\/www.chinanhd.com\/vi\/wp-json\/wp\/v2\/media?parent=2873"}],"wp:term":[{"taxonomy":"product_brand","embeddable":true,"href":"https:\/\/www.chinanhd.com\/vi\/wp-json\/wp\/v2\/product_brand?post=2873"},{"taxonomy":"product_cat","embeddable":true,"href":"https:\/\/www.chinanhd.com\/vi\/wp-json\/wp\/v2\/product_cat?post=2873"},{"taxonomy":"product_tag","embeddable":true,"href":"https:\/\/www.chinanhd.com\/vi\/wp-json\/wp\/v2\/product_tag?post=2873"}],"curies":[{"name":"WP","href":"https:\/\/api.w.org\/{rel}","templated":true}]}}