{"id":2882,"date":"2025-04-29T16:41:52","date_gmt":"2025-04-29T08:41:52","guid":{"rendered":"https:\/\/www.chinanhd.com\/?post_type=product&#038;p=2882"},"modified":"2025-12-18T16:44:18","modified_gmt":"2025-12-18T08:44:18","slug":"disc-filter","status":"publish","type":"product","link":"https:\/\/www.chinanhd.com\/vi\/product\/disc-filter\/","title":{"rendered":"B\u1ed9 l\u1ecdc \u0111\u0129a"},"content":{"rendered":"<p>Th\u00f4ng qua nhi\u1ec1u v\u00f2ng n\u00e2ng c\u1ea5p c\u00f4ng ngh\u1ec7 v\u00e0 \u0111\u1ed5i m\u1edbi trong nh\u1eefng n\u0103m g\u1ea7n \u0111\u00e2y, b\u1ed9 l\u1ecdc \u0111\u0129a NHD \u0111\u00e3 \u0111\u1ea1t \u0111\u1ebfn giai \u0111o\u1ea1n tr\u01b0\u1edfng th\u00e0nh v\u1edbi hi\u1ec7u su\u1ea5t t\u1ed5ng th\u1ec3 ng\u00e0y c\u00e0ng xu\u1ea5t s\u1eafc. Ch\u00fang t\u00f4i \u0111\u00e3 gi\u1ea3i quy\u1ebft hi\u1ec7u qu\u1ea3 c\u00e1c v\u1ea5n \u0111\u1ec1 ph\u1ed5 bi\u1ebfn nh\u01b0 r\u00f2 r\u1ec9 v\u1eadt li\u1ec7u, r\u00f2 r\u1ec9, dripping v\u00e0 r\u00f2 r\u1ec9 x\u1ea3y ra trong c\u00e1c m\u00f4 h\u00ecnh b\u1ed9 l\u1ecdc tr\u01b0\u1edbc \u0111\u00f3. \u0110\u1ed3ng th\u1eddi, ch\u00fang t\u00f4i \u0111\u00e3 li\u00ean t\u1ee5c t\u1eadp trung v\u00e0o vi\u1ec7c c\u1ea3i thi\u1ec7n c\u1ea3 thi\u1ebft k\u1ebf th\u1ea9m m\u1ef9 v\u00e0 ergonomics ho\u1ea1t \u0111\u1ed9ng c\u1ee7a thi\u1ebft b\u1ecb, th\u00fac \u0111\u1ea9y s\u1ef1 ti\u1ebfn b\u1ed9 li\u00ean t\u1ee5c c\u1ee7a n\u00f3 h\u01b0\u1edbng t\u1edbi ho\u1ea1t \u0111\u1ed9ng s\u1ea1ch h\u01a1n, t\u1ef1 \u0111\u1ed9ng h\u00f3a cao h\u01a1n v\u00e0 ti\u00eau chu\u1ea9n qu\u1ed1c t\u1ebf.<\/p>\n<p>&nbsp;<\/p>\n<p><strong>\u1ee8ng d\u1ee5ng:<\/strong><\/p>\n<p>B\u1ed9 l\u1ecdc \u0111\u0129a NHD \u0111\u00e3 \u0111\u01b0\u1ee3c tri\u1ec3n khai th\u00e0nh c\u00f4ng trong ng\u00e0nh c\u00f4ng nghi\u1ec7p nh\u00f4m \u0111\u1ec3 t\u00e1ch hydroxit nh\u00f4m t\u1eeb c\u00e1c dung d\u1ecbch m\u00f9i. Ngo\u00e0i \u1ee9ng d\u1ee5ng ch\u00ednh n\u00e0y, c\u00e1c b\u1ed9 l\u1ecdc n\u00e0y c\u0169ng \u0111ang \u0111\u01b0\u1ee3c \u00e1p d\u1ee5ng ng\u00e0y c\u00e0ng nhi\u1ec1u trong nhi\u1ec1u ng\u00e0nh c\u00f4ng nghi\u1ec7p bao g\u1ed3m luy\u1ec7n kim, b\u1ea3o v\u1ec7 m\u00f4i tr\u01b0\u1eddng, r\u1eeda kho\u00e1ng s\u1ea3n v\u00e0 s\u1ea3n xu\u1ea5t gi\u1ea5y.<\/p>\n<p>&nbsp;<\/p>\n<p><strong>L\u1ee3i th\u1ebf c\u1ea1nh tranh:<\/strong><\/p>\n<ul>\n<li>Ph\u1ea1m vi \u1ee9ng d\u1ee5ng r\u1ed9ng, n\u00f3 c\u00f3 th\u1ec3 \u0111\u01b0\u1ee3c s\u1eed d\u1ee5ng trong qu\u00e1 tr\u00ecnh l\u1ecdc \u0111\u1ec3 c\u00f3 l\u1ee3i, nh\u00f4m, h\u00f3a ch\u1ea5t v.v.<\/li>\n<li>C\u00f4ng su\u1ea5t s\u1ea3n xu\u1ea5t l\u1edbn, hi\u1ec7u qu\u1ea3 cao<\/li>\n<li>\u0110\u01b0\u1eddng k\u00ednh \u0111\u0129a l\u1edbn, b\u1ec1 m\u1eb7t ti\u1ebfp x\u00fac nhi\u1ec1u h\u01a1n<\/li>\n<li>Thi\u1ebft k\u1ebf t\u1ed1i \u01b0u h\u00f3a c\u1ee7a \u1ed1ng giao h\u00e0ng v\u00e0 van ph\u00e2n ph\u1ed1i d\u01b0\u1edbi kinh nghi\u1ec7m, t\u1ed1c \u0111\u1ed9 l\u1ecdc d\u00f2ng ch\u1ea3y l\u00ean.<\/li>\n<li>t\u1ed1c \u0111\u1ed9 quay cao, b\u1ea3o tr\u00ec v\u00e0 l\u1eafp \u0111\u1eb7t d\u1ec5 d\u00e0ng.<\/li>\n<li>Khu v\u1ef1c chi\u1ebfm \u0111\u00f3ng nh\u1ecf h\u01a1n cho m\u1ed7i \u0111\u01a1n v\u1ecb l\u1ecdc m\u00e9t vu\u00f4ng v\u00e0 chi ph\u00ed th\u1ea5p h\u01a1n cho h\u1ed9i th\u1ea3o<\/li>\n<li>Chi ph\u00ed ho\u1ea1t \u0111\u1ed9ng th\u1ea5p<\/li>\n<\/ul>","protected":false},"excerpt":{"rendered":"<p>B\u1ed9 l\u1ecdc \u0111\u0129a l\u00e0 m\u1ed9t thi\u1ebft b\u1ecb l\u1ecdc v\u1edbi v\u1ea3i l\u1ecdc l\u00e0m trung gian, s\u1eed d\u1ee5ng \u00e1p su\u1ea5t \u00e2m \u0111\u01b0\u1ee3c cung c\u1ea5p b\u1edfi m\u00e1y b\u01a1m ch\u00e2n kh\u00f4ng \u0111\u1ec3 t\u00e1ch r\u1eafn kh\u1ecfi ch\u1ea5t l\u1ecfng m\u1ed9t c\u00e1ch nhanh ch\u00f3ng v\u00e0 li\u00ean t\u1ee5c. N\u00f3 \u0111\u00e3 \u0111\u01b0\u1ee3c s\u1eed d\u1ee5ng r\u1ed9ng r\u00e3i trong c\u00e1c ng\u00e0nh c\u00f4ng nghi\u1ec7p luy\u1ec7n kim, khai th\u00e1c m\u1ecf, h\u00f3a ch\u1ea5t, b\u1ea3o v\u1ec7 m\u00f4i tr\u01b0\u1eddng v.v.<\/p>","protected":false},"featured_media":2883,"comment_status":"open","ping_status":"closed","template":"","meta":[],"product_brand":[],"product_cat":[15],"product_tag":[],"class_list":{"0":"post-2882","1":"product","2":"type-product","3":"status-publish","4":"has-post-thumbnail","6":"product_cat-filter-series","8":"first","9":"instock","10":"shipping-taxable","11":"product-type-simple"},"_links":{"self":[{"href":"https:\/\/www.chinanhd.com\/vi\/wp-json\/wp\/v2\/product\/2882","targetHints":{"allow":["GET"]}}],"collection":[{"href":"https:\/\/www.chinanhd.com\/vi\/wp-json\/wp\/v2\/product"}],"about":[{"href":"https:\/\/www.chinanhd.com\/vi\/wp-json\/wp\/v2\/types\/product"}],"replies":[{"embeddable":true,"href":"https:\/\/www.chinanhd.com\/vi\/wp-json\/wp\/v2\/comments?post=2882"}],"wp:featuredmedia":[{"embeddable":true,"href":"https:\/\/www.chinanhd.com\/vi\/wp-json\/wp\/v2\/media\/2883"}],"wp:attachment":[{"href":"https:\/\/www.chinanhd.com\/vi\/wp-json\/wp\/v2\/media?parent=2882"}],"wp:term":[{"taxonomy":"product_brand","embeddable":true,"href":"https:\/\/www.chinanhd.com\/vi\/wp-json\/wp\/v2\/product_brand?post=2882"},{"taxonomy":"product_cat","embeddable":true,"href":"https:\/\/www.chinanhd.com\/vi\/wp-json\/wp\/v2\/product_cat?post=2882"},{"taxonomy":"product_tag","embeddable":true,"href":"https:\/\/www.chinanhd.com\/vi\/wp-json\/wp\/v2\/product_tag?post=2882"}],"curies":[{"name":"WP","href":"https:\/\/api.w.org\/{rel}","templated":true}]}}