{"id":2889,"date":"2025-04-29T16:52:14","date_gmt":"2025-04-29T08:52:14","guid":{"rendered":"https:\/\/www.chinanhd.com\/?post_type=product&#038;p=2889"},"modified":"2026-01-08T14:11:36","modified_gmt":"2026-01-08T06:11:36","slug":"vertical-automatic-pressure-filter","status":"publish","type":"product","link":"https:\/\/www.chinanhd.com\/vi\/product\/vertical-automatic-pressure-filter\/","title":{"rendered":"B\u1ed9 l\u1ecdc \u00e1p su\u1ea5t t\u1ef1 \u0111\u1ed9ng d\u1ecdc"},"content":{"rendered":"<p>V\u1edbi h\u01a1n 10 n\u0103m nghi\u00ean c\u1ee9u v\u00e0 ph\u00e1t tri\u1ec3n, NHD \u0111\u00e3 th\u1ef1c hi\u1ec7n r\u1ea5t nhi\u1ec1u t\u1ed1i \u01b0u h\u00f3a v\u00e0 s\u1eeda \u0111\u1ed5i tr\u00ean m\u00e1y \u00e9p l\u1ecdc. NHD \u0111\u00e3 n\u1ed9p \u0111\u01a1n v\u00e0 \u0111\u01b0\u1ee3c c\u1ea5p h\u01a1n 10 b\u1eb1ng s\u00e1ng ch\u1ebf (5 b\u1eb1ng s\u00e1ng ch\u1ebf \u0111\u1ed5i m\u1edbi trong \u0111\u00f3). Th\u1ebf h\u1ec7 m\u1edbi c\u1ee7a m\u00e1y \u00e9p l\u1ecdc v\u1edbi quy\u1ec1n s\u1edf h\u1eefu tr\u00ed tu\u1ec7 \u0111\u01b0\u1ee3c s\u1eed d\u1ee5ng r\u1ed9ng r\u00e3i trong c\u00e1c \u0111\u01a1n v\u1ecb l\u1edbn c\u1ee7a c\u00e1c d\u1ef1 \u00e1n trong n\u01b0\u1edbc v\u00e0 n\u01b0\u1edbc ngo\u00e0i. NHD \u0111\u00e3 l\u00e0 c\u01a1 s\u1edf s\u1ea3n xu\u1ea5t m\u00e1y \u00e9p l\u1ecdc t\u1ef1 \u0111\u1ed9ng d\u1ecdc c\u1ee7a k\u1ebf ho\u1ea1ch ng\u1ecdn \u0111u\u1ed1c qu\u1ed1c gia.<\/p>\n<p>&nbsp;<\/p>\n<p><strong>\u1ee8ng d\u1ee5ng:<\/strong><\/p>\n<p>\u1ee8ng d\u1ee5ng r\u1ed9ng r\u00e3i trong c\u00e1c ng\u00e0nh c\u00f4ng nghi\u1ec7p kh\u00f4ng s\u1eaft, n\u00f3ng ch\u1ea3y, titan dioxide, h\u00f3a ch\u1ea5t, t\u00e1ch than, th\u1ef1c ph\u1ea9m, s\u1ee9, gi\u1ea5y, \u0111\u01b0\u1eddng, thu\u1ed1c nhu\u1ed9m, x\u1eed l\u00fd n\u01b0\u1edbc th\u1ea3i. N\u00f3 t\u00e1ch r\u1eafn kh\u1ecfi ch\u1ea5t l\u1ecfng b\u1eb1ng c\u00e1ch r\u1eeda, l\u1ecdc v\u00e0 kh\u1eed n\u01b0\u1edbc<\/p>\n<p>&nbsp;<\/p>\n<p><strong>L\u1ee3i th\u1ebf c\u1ea1nh tranh:<\/strong><\/p>\n<ul>\n<li>Ho\u1ea1t \u0111\u1ed9ng li\u00ean t\u1ee5c &amp; n\u0103ng su\u1ea5t cao<\/li>\n<li>R\u1ea5t \u0111\u1ed9 \u1ea9m th\u1ea5p trong b\u00e1nh, ngay c\u1ea3 qu\u00e1 tr\u00ecnh s\u1ea5y truy\u1ec1n th\u1ed1ng c\u00f3 th\u1ec3 \u0111\u01b0\u1ee3c lo\u1ea1i b\u1ecf \u0111\u1ec3 ti\u1ebft ki\u1ec7m n\u0103ng l\u01b0\u1ee3ng n\u1ebfu c\u00f3 th\u1ec3<\/li>\n<li>Qu\u00e1 tr\u00ecnh gi\u1eb7t c\u00f3 th\u1ec3 \u0111\u01b0\u1ee3c th\u00eam theo y\u00eau c\u1ea7u \u0111\u1ec3 \u0111\u1ea1t \u0111\u01b0\u1ee3c hi\u1ec7u \u1ee9ng agood<\/li>\n<li>M\u1ee9c \u0111\u1ed9 t\u1ef1 \u0111\u1ed9ng h\u00f3a cao v\u00e0 giao di\u1ec7n \u0111i\u1ec1u khi\u1ec3n th\u00e2n thi\u1ec7n v\u1edbi h\u1ec7 th\u1ed1ng t\u1ef1 ch\u1ea9n \u0111o\u00e1n v\u00e0 b\u00e1o \u0111\u1ed9ng<\/li>\n<li>C\u1ea5u tr\u00fac nh\u1ecf g\u1ecdn, di\u1ec7n t\u00edch bao ph\u1ee7 nh\u1ecf v\u00e0 \u0111\u1ea7u t\u01b0 th\u1ea5p h\u01a1n cho h\u1ed9i th\u1ea3o<\/li>\n<\/ul>","protected":false},"excerpt":{"rendered":"<p>B\u1ed9 l\u1ecdc \u00e1p su\u1ea5t t\u1ef1 \u0111\u1ed9ng d\u1ecdc HDLY \u0111\u01b0\u1ee3c ph\u00e1t tri\u1ec3n b\u1edfi New Hongda tr\u00ean c\u01a1 s\u1edf \u0111\u1ed3ng h\u00f3a v\u00e0 ti\u00eau h\u00f3a c\u00f4ng ngh\u1ec7 m\u1edbi nh\u1ea5t c\u1ee7a b\u1ed9 l\u1ecdc b\u00e1o ch\u00ed \u1edf trong n\u01b0\u1edbc v\u00e0 n\u01b0\u1edbc ngo\u00e0i v\u1edbi c\u00e1c \u1ee9ng d\u1ee5ng r\u1ed9ng r\u00e3i trong c\u00e1c ng\u00e0nh c\u00f4ng nghi\u1ec7p kh\u00f4ng s\u1eaft, n\u00f3ng ch\u1ea3y, titan dioxide, h\u00f3a ch\u1ea5t, t\u00e1ch than, th\u1ef1c ph\u1ea9m, s\u1ee9, gi\u1ea5y, \u0111\u01b0\u1eddng, thu\u1ed1c nhu\u1ed9m, x\u1eed l\u00fd n\u01b0\u1edbc th\u1ea3i. N\u00f3 t\u00e1ch r\u1eafn kh\u1ecfi ch\u1ea5t l\u1ecfng b\u1eb1ng c\u00e1ch r\u1eeda, l\u1ecdc v\u00e0 kh\u1eed n\u01b0\u1edbc.<\/p>\n<p>&nbsp;<\/p>","protected":false},"featured_media":2890,"comment_status":"open","ping_status":"closed","template":"","meta":[],"product_brand":[],"product_cat":[27],"product_tag":[43],"class_list":{"0":"post-2889","1":"product","2":"type-product","3":"status-publish","4":"has-post-thumbnail","6":"product_cat-automatic-press-filter-series","7":"product_tag-test","9":"first","10":"instock","11":"shipping-taxable","12":"product-type-simple"},"_links":{"self":[{"href":"https:\/\/www.chinanhd.com\/vi\/wp-json\/wp\/v2\/product\/2889","targetHints":{"allow":["GET"]}}],"collection":[{"href":"https:\/\/www.chinanhd.com\/vi\/wp-json\/wp\/v2\/product"}],"about":[{"href":"https:\/\/www.chinanhd.com\/vi\/wp-json\/wp\/v2\/types\/product"}],"replies":[{"embeddable":true,"href":"https:\/\/www.chinanhd.com\/vi\/wp-json\/wp\/v2\/comments?post=2889"}],"wp:featuredmedia":[{"embeddable":true,"href":"https:\/\/www.chinanhd.com\/vi\/wp-json\/wp\/v2\/media\/2890"}],"wp:attachment":[{"href":"https:\/\/www.chinanhd.com\/vi\/wp-json\/wp\/v2\/media?parent=2889"}],"wp:term":[{"taxonomy":"product_brand","embeddable":true,"href":"https:\/\/www.chinanhd.com\/vi\/wp-json\/wp\/v2\/product_brand?post=2889"},{"taxonomy":"product_cat","embeddable":true,"href":"https:\/\/www.chinanhd.com\/vi\/wp-json\/wp\/v2\/product_cat?post=2889"},{"taxonomy":"product_tag","embeddable":true,"href":"https:\/\/www.chinanhd.com\/vi\/wp-json\/wp\/v2\/product_tag?post=2889"}],"curies":[{"name":"WP","href":"https:\/\/api.w.org\/{rel}","templated":true}]}}