{"id":2896,"date":"2025-04-29T17:33:59","date_gmt":"2025-04-29T09:33:59","guid":{"rendered":"https:\/\/www.chinanhd.com\/?post_type=product&#038;p=2896"},"modified":"2025-12-18T16:44:18","modified_gmt":"2025-12-18T08:44:18","slug":"eh96-series-gas-heater-top-door-model-side-door-model","status":"publish","type":"product","link":"https:\/\/www.chinanhd.com\/vi\/product\/eh96-series-gas-heater-top-door-model-side-door-model\/","title":{"rendered":"M\u00e1y s\u01b0\u1edfi kh\u00ed EH96 Series"},"content":{"rendered":"<p>Thi\u1ebft b\u1ecb c\u00f3 thi\u1ebft k\u1ebf h\u1ee3p l\u00fd, \u0111\u1ed9 tin c\u1eady ho\u1ea1t \u0111\u1ed9ng, \u0111\u1ed9 b\u1ec1n, t\u00ednh to\u00e0n v\u1eb9n ch\u1ed1ng l\u1ea1i kh\u00ed v\u00e0 b\u1ea3o tr\u00ec d\u1ec5 d\u00e0ng.<\/p>\n<p>&nbsp;<\/p>\n<p><strong>Hi\u1ec7u su\u1ea5t ch\u00ednh<\/strong><\/p>\n<ul>\n<li>\u0110i\u1ec7n \u00e1p: 380V<\/li>\n<li>Lo\u1ea1i k\u1ebft n\u1ed1i: \u25b3 , Y<\/li>\n<li>C\u00f4ng su\u1ea5t \u0111\u1ecbnh m\u1ee9c: 90-4800 kw<\/li>\n<li>Nhi\u1ec7t \u0111\u1ed9 b\u00ecnh th\u01b0\u1eddng t\u1ea1i \u0111\u1ea7u v\u00e0o: nhi\u1ec7t \u0111\u1ed9 xung quanh \u0111\u1ebfn 400 \u2103 (kh\u00f4ng kh\u00ed, kh\u00ed SO2 kh\u00f4)<\/li>\n<li>Nhi\u1ec7t \u0111\u1ed9. t\u1ea1i \u0111\u1ea7u ra: \u2264550 \u2103<\/li>\n<li>Nhi\u1ec7t \u0111\u1ed9 Ki\u1ec3m so\u00e1t: Thay \u0111\u1ed5i s\u1ed1 l\u01b0\u1ee3ng c\u00e1c nh\u00f3m \u0111i\u1ec7n \u0111\u01b0\u1ee3c n\u0103ng l\u01b0\u1ee3ng<\/li>\n<\/ul>\n<p>&nbsp;<\/p>\n<p><strong>\u1ee8ng d\u1ee5ng:<\/strong><\/p>\n<p>Kh\u00ed \u1ee9ng d\u1ee5ng: kh\u00f4ng kh\u00ed, kh\u00ed SO2 kh\u00f4, kh\u00ed kh\u00f3i nhi\u00ean li\u1ec7u<\/p>\n<p>&nbsp;<\/p>\n<p><strong><b>L\u1ee3i th\u1ebf c\u1ea1nh tranh:<\/b><\/strong><\/p>\n<ul>\n<li>Tu\u1ed5i th\u1ecd d\u00e0i. Cu\u1ed9n d\u00e2y kh\u00e1ng ki\u1ec3u m\u1edbi l\u00e0m cho h\u01a1n 95% c\u00e1c y\u1ebfu t\u1ed1 s\u01b0\u1edfi \u1ea5m \u0111\u01b0\u1ee3c ti\u1ebfp x\u00fac trong d\u00f2ng ch\u1ea3y v\u00e0 h\u1ec7 s\u1ed1 truy\u1ec1n nhi\u1ec7t cao; thi\u1ebft k\u1ebf t\u1ea3i b\u1ec1 m\u1eb7t th\u1ea5p l\u00e0m cho d\u00e2y kh\u00f3 ph\u00e1 v\u1ee1.<\/li>\n<li>D\u1ec5 d\u00e0ng thay th\u1ebf c\u00e1c y\u1ebfu t\u1ed1 s\u01b0\u1edfi \u1ea5m; c\u1ea5u tr\u00fac c\u1eeda m\u1edf nhanh.<\/li>\n<li>Tr\u1ecdng l\u01b0\u1ee3ng nh\u1eb9 h\u01a1n; ch\u1ec9 1\/3 c\u1ee7a l\u00f2 ki\u1ec3m tra c\u00f9ng c\u00f4ng su\u1ea5t, c\u00e1ch \u0111i\u1ec7n b\u00ean trong \u00e1nh s\u00e1ng v\u1edbi l\u00f3t ch\u1ed1ng \u0103n m\u00f2n kh\u00f4ng g\u1ec9.<\/li>\n<li>Nhi\u1ec7t \u0111\u1ed9 t\u01b0\u01a1ng \u0111\u01b0\u01a1ng kho\u1ea3ng c\u00e1ch; kh\u00ed c\u00f3 th\u1ec3 \u0111\u01b0\u1ee3c s\u01b0\u1edfi \u1ea5m \u0111\u1ed3ng \u0111\u1ec1u ngay c\u1ea3 sau khi m\u1ed9t ph\u1ea7n t\u1eed s\u01b0\u1edfi \u1ea5m nh\u00f3m d\u1eebng l\u1ea1i.<\/li>\n<li>Ti\u1ebft ki\u1ec7m n\u0103ng l\u01b0\u1ee3ng, nhi\u1ec7t \u0111\u1ed9 t\u0103ng nhanh v\u00e0 hi\u1ec7u qu\u1ea3 cao.<\/li>\n<li>M\u1ea5t \u00e1p su\u1ea5t th\u1ea5p, th\u1ea5p nh\u01b0 \u0111\u01b0\u1eddng \u1ed1ng.<\/li>\n<li>C\u00e1c thanh chuy\u1ec3n ti\u1ebfp ng\u0103n ch\u1eb7n s\u1ef1 ch\u00e1y ch\u00e1y c\u00e1ch nhi\u1ec7t.<\/li>\n<li>Bao b\u00ec nhi\u1ec7t \u0111\u1ed9 cao \u0111\u1ea3m b\u1ea3o c\u1eeda k\u00edn kh\u00f4ng kh\u00ed.<\/li>\n<\/ul>","protected":false},"excerpt":{"rendered":"<p>M\u00e1y s\u01b0\u1edfi kh\u00ed Eh96 Series \u0111\u01b0\u1ee3c thi\u1ebft k\u1ebf v\u00e0 s\u1ea3n xu\u1ea5t d\u1ef1a tr\u00ean kinh nghi\u1ec7m s\u1ea3n xu\u1ea5t c\u1ee7a l\u00f2 d\u00e2y kh\u00e1ng, b\u1eb1ng c\u00e1ch ph\u00e2n t\u00edch m\u00e1y s\u01b0\u1edfi kh\u00ed trong n\u01b0\u1edbc \u0111\u01b0\u1ee3c s\u1eed d\u1ee5ng trong qu\u00e1 tr\u00ecnh chuy\u1ec3n \u0111\u1ed5i v\u00e0 h\u1ea5p th\u1ee5 c\u00f4ng ngh\u1ec7 n\u01b0\u1edbc ngo\u00e0i. M\u00e1y s\u01b0\u1edfi kh\u00ed \u0111\u00e3 \u0111\u01b0\u1ee3c c\u1ea5p b\u1eb1ng s\u00e1ng ch\u1ebf qu\u1ed1c gia.  (B\u1eb1ng s\u00e1ng ch\u1ebf s\u1ed1 ZL96.2.31961.9)<\/p>","protected":false},"featured_media":2897,"comment_status":"open","ping_status":"closed","template":"","meta":[],"product_brand":[],"product_cat":[29],"product_tag":[],"class_list":{"0":"post-2896","1":"product","2":"type-product","3":"status-publish","4":"has-post-thumbnail","6":"product_cat-equipment-for-sulfuric-acid-industry","8":"first","9":"instock","10":"shipping-taxable","11":"product-type-simple"},"_links":{"self":[{"href":"https:\/\/www.chinanhd.com\/vi\/wp-json\/wp\/v2\/product\/2896","targetHints":{"allow":["GET"]}}],"collection":[{"href":"https:\/\/www.chinanhd.com\/vi\/wp-json\/wp\/v2\/product"}],"about":[{"href":"https:\/\/www.chinanhd.com\/vi\/wp-json\/wp\/v2\/types\/product"}],"replies":[{"embeddable":true,"href":"https:\/\/www.chinanhd.com\/vi\/wp-json\/wp\/v2\/comments?post=2896"}],"wp:featuredmedia":[{"embeddable":true,"href":"https:\/\/www.chinanhd.com\/vi\/wp-json\/wp\/v2\/media\/2897"}],"wp:attachment":[{"href":"https:\/\/www.chinanhd.com\/vi\/wp-json\/wp\/v2\/media?parent=2896"}],"wp:term":[{"taxonomy":"product_brand","embeddable":true,"href":"https:\/\/www.chinanhd.com\/vi\/wp-json\/wp\/v2\/product_brand?post=2896"},{"taxonomy":"product_cat","embeddable":true,"href":"https:\/\/www.chinanhd.com\/vi\/wp-json\/wp\/v2\/product_cat?post=2896"},{"taxonomy":"product_tag","embeddable":true,"href":"https:\/\/www.chinanhd.com\/vi\/wp-json\/wp\/v2\/product_tag?post=2896"}],"curies":[{"name":"WP","href":"https:\/\/api.w.org\/{rel}","templated":true}]}}