{"id":3019,"date":"2025-05-27T13:51:51","date_gmt":"2025-05-27T05:51:51","guid":{"rendered":"https:\/\/www.chinanhd.com\/?post_type=product&#038;p=3019"},"modified":"2025-12-18T16:44:18","modified_gmt":"2025-12-18T08:44:18","slug":"co-current-agitator","status":"publish","type":"product","link":"https:\/\/www.chinanhd.com\/vi\/product\/co-current-agitator\/","title":{"rendered":"M\u00e1y khu\u1ea5y \u0111\u1ed9ng \u0111\u1ed3ng hi\u1ec7n t\u1ea1i"},"content":{"rendered":"<p>Trong b\u1ec3 ph\u1ea3n \u1ee9ng PA, b\u1ed9 khu\u1ea5y \u0111\u1ed9ng \u0111\u1ed3ng d\u00f2ng t\u1ea1o ra l\u1ef1c theo g\u1ea7n nh\u01b0 c\u00f9ng h\u01b0\u1edbng v\u1edbi d\u00f2ng ch\u1ea3y ch\u1ea5t l\u1ecfng. Thi\u1ebft k\u1ebf n\u00e0y, k\u1ebft h\u1ee3p v\u1edbi gradient n\u1ed3ng \u0111\u1ed9 b\u1ec1 m\u1eb7t th\u1ea5p, l\u00e0m gi\u1ea3m \u0111\u00e1ng k\u1ec3 s\u1ef1 \u0103n m\u00f2n kh\u00ed v\u00e0 \u00f4 nhi\u1ec5m tr\u1ee5c.<\/p>\n<p>&nbsp;<\/p>\n<p>L\u01b0\u1ee1i k\u00edch \u0111\u1ed9ng \u0111\u01b0\u1ee3c thi\u1ebft k\u1ebf d\u1ef1a tr\u00ean v\u1ecb tr\u00ed t\u1ed1i \u01b0u trong v\u00f9ng t\u1ed1c \u0111\u1ed9 quan tr\u1ecdng. M\u1eb7c d\u00f9 c\u00f3 l\u01b0\u1ee1i nh\u1ecf h\u01a1n m\u00e1y khu\u1ea5y \u0111\u1ed9ng PBT, n\u00f3 cung c\u1ea5p hi\u1ec7u su\u1ea5t v\u01b0\u1ee3t tr\u1ed9i. H\u01a1n n\u1eefa, \u0111\u01b0\u1eddng k\u00ednh khu v\u1ef1c quan tr\u1ecdng nh\u1ecf g\u1ecdn v\u00e0 d\u00f2ng ch\u1eadm h\u01a1n gi\u1ea3m thi\u1ec3u thi\u1ec7t h\u1ea1i t\u01b0\u1eddng b\u1ec3, do \u0111\u00f3 m\u1edf r\u1ed9ng b\u1ec3 ph\u1ea3n \u1ee9ng &#8217; S tu\u1ed5i th\u1ecd.<\/p>\n<p>&nbsp;<\/p>\n<p><strong>L\u1ee3i th\u1ebf c\u1ea1nh tranh:<\/strong><\/p>\n<p>NHD s\u1edf h\u1eefu m\u1ed9t lo\u1ea1t c\u00e1c thi\u1ebft b\u1ecb th\u1eed nghi\u1ec7m k\u00edch \u0111\u1ed9ng c\u00f3 kh\u1ea3 n\u0103ng \u0111\u00e1p \u1ee9ng c\u00e1c y\u00eau c\u1ea7u th\u1eed nghi\u1ec7m cho c\u00e1c nh\u00e0 s\u1ea3n xu\u1ea5t v\u00e0 quy tr\u00ecnh kh\u00e1c nhau, bao g\u1ed3m: th\u1eed nghi\u1ec7m quy m\u00f4 ph\u00f2ng th\u00ed nghi\u1ec7m, th\u1eed nghi\u1ec7m th\u00ed \u0111i\u1ec3m v\u00e0 th\u1eed nghi\u1ec7m m\u1edf r\u1ed9ng.<\/p>\n<p>&nbsp;<\/p>\n<p>N\u00e2ng cao R &amp; amp; D C\u00f4ng ngh\u1ec7:<\/p>\n<ul>\n<li>C\u00f4ng ngh\u1ec7 ph\u00e2n t\u00edch ch\u1ea5t l\u1ecfng CFD<\/li>\n<li>C\u00f4ng ngh\u1ec7 m\u00f4 ph\u1ecfng tr\u1ed9n ch\u1ea5t l\u1ecfng m\u00e1y t\u00ednh CFM<\/li>\n<li>C\u00f4ng ngh\u1ec7 \u0111o t\u1ed1c \u0111\u1ed9 laser Doppler LDA<\/li>\n<li>Ph\u00e2n t\u00edch y\u1ebfu t\u1ed1 h\u1eefu h\u1ea1n FEA<\/li>\n<li>Thi\u1ebft k\u1ebf 3D CAD<\/li>\n<\/ul>","protected":false},"excerpt":{"rendered":"<p>In PA reaction tanks, the co-current agitator generates force in nearly the same direction as the fluid flow. This design, combined with low surface concentration gradient, significantly reduces gaseous corrosion and shaft fouling. &nbsp; The agitator blade is engineered based on optimal positioning in the speed-critical zone. Despite having smaller blades than PBT agitators, it [&hellip;]<\/p>\n","protected":false},"featured_media":3021,"comment_status":"open","ping_status":"closed","template":"","meta":[],"product_brand":[],"product_cat":[28],"product_tag":[],"class_list":{"0":"post-3019","1":"product","2":"type-product","3":"status-publish","4":"has-post-thumbnail","6":"product_cat-agitatorthickener-series","8":"first","9":"instock","10":"shipping-taxable","11":"product-type-simple"},"_links":{"self":[{"href":"https:\/\/www.chinanhd.com\/vi\/wp-json\/wp\/v2\/product\/3019","targetHints":{"allow":["GET"]}}],"collection":[{"href":"https:\/\/www.chinanhd.com\/vi\/wp-json\/wp\/v2\/product"}],"about":[{"href":"https:\/\/www.chinanhd.com\/vi\/wp-json\/wp\/v2\/types\/product"}],"replies":[{"embeddable":true,"href":"https:\/\/www.chinanhd.com\/vi\/wp-json\/wp\/v2\/comments?post=3019"}],"wp:featuredmedia":[{"embeddable":true,"href":"https:\/\/www.chinanhd.com\/vi\/wp-json\/wp\/v2\/media\/3021"}],"wp:attachment":[{"href":"https:\/\/www.chinanhd.com\/vi\/wp-json\/wp\/v2\/media?parent=3019"}],"wp:term":[{"taxonomy":"product_brand","embeddable":true,"href":"https:\/\/www.chinanhd.com\/vi\/wp-json\/wp\/v2\/product_brand?post=3019"},{"taxonomy":"product_cat","embeddable":true,"href":"https:\/\/www.chinanhd.com\/vi\/wp-json\/wp\/v2\/product_cat?post=3019"},{"taxonomy":"product_tag","embeddable":true,"href":"https:\/\/www.chinanhd.com\/vi\/wp-json\/wp\/v2\/product_tag?post=3019"}],"curies":[{"name":"WP","href":"https:\/\/api.w.org\/{rel}","templated":true}]}}